{"id":2267,"date":"2019-01-18T15:15:59","date_gmt":"2019-01-18T14:15:59","guid":{"rendered":"https:\/\/taxusplus.fr\/about-us\/"},"modified":"2025-08-19T10:42:56","modified_gmt":"2025-08-19T08:42:56","slug":"about-us","status":"publish","type":"page","link":"https:\/\/taxusplus.fr\/en\/about-us\/","title":{"rendered":"About us"},"content":{"rendered":"<div class=\"wpb-content-wrapper\"><p>[vc_row full_width=&#8221;stretch_row&#8221; content_placement=&#8221;middle&#8221; css=&#8221;.vc_custom_1746284699681{margin-top: 0px !important;padding-top: 0px !important;padding-bottom: 0px !important;background-image: url(https:\/\/taxusplus.fr\/wp-content\/uploads\/2025\/05\/banner-taxi.png?id=4630) !important;background-position: center !important;background-repeat: no-repeat !important;background-size: cover !important;}&#8221; min_height=&#8221;400px&#8221;][vc_column][vc_column_text css=&#8221;.vc_custom_1746285388873{padding-top: 0px !important;}&#8221;]<\/p>\n<h1 class=\"responsive-banner-title\" style=\"text-align: center; color: white!important; font-size: 35px!important;\">About TAXUS+<\/h1>\n<p>[\/vc_column_text][\/vc_column][\/vc_row][vc_row full_width=&#8221;stretch_row&#8221; content_placement=&#8221;middle&#8221; css=&#8221;.vc_custom_1755592973306{padding-top: 35px !important;padding-bottom: 35px !important;background-color: #000000 !important;}&#8221; el_class=&#8221;cta&#8221;][vc_column width=&#8221;2\/3&#8243;][vc_column_text css=&#8221;&#8221;]<\/p>\n<p style=\"text-align: left; color: #ffffff; font-size: 20px; font-weight: bold;\">Fast Taxi Booking in 1 Click<\/p>\n<p style=\"text-align: left; color: #ffffff; font-size: 15px; font-weight: 500; line-height: 20px;\">Need an urgent transfer right now or within the next hour? Please contact us directly by phone or WhatsApp for a fast, comfortable, and stress-free pickup.<\/p>\n<p>[\/vc_column_text][\/vc_column][vc_column width=&#8221;1\/3&#8243;][vc_empty_space height=&#8221;10px&#8221; alter_height=&#8221;small&#8221; hide_on_mobile=&#8221;&#8221;]<div class=\"sc_item_button sc_button_wrap sc_align_center\"><a href=\"tel:+33769790000\"\n\t id=\"sc_button_2128736016\" \n\tclass=\"sc_button sc_button_default sc_button_size_large sc_button_icon_left\"\n\t\t><span class=\"sc_button_icon\"><span class=\"fas fa-phone-volume\"><\/span><\/span><span class=\"sc_button_text sc_align_center\"><span class=\"sc_button_title\">(+33) 7 69 79 00 00<\/span><\/span><!-- \/.sc_button_text --><\/a><!-- \/.sc_button --><\/div><!-- \/.sc_item_button -->[\/vc_column][\/vc_row][vc_row full_height=&#8221;yes&#8221; content_placement=&#8221;middle&#8221;][vc_column][vc_empty_space alter_height=&#8221;medium&#8221; hide_on_mobile=&#8221;&#8221;]<div id=\"sc_title_571886717\"\n\t\tclass=\"sc_title sc_title_default\"><h6 class=\"sc_item_subtitle sc_title_subtitle sc_align_center sc_item_title_style_default\">Your Journey, Our Commitment<\/h6><h2 class=\"sc_item_title sc_title_title sc_align_center sc_item_title_style_default\">Your Private Transport Partner<\/h2><\/div><!-- \/.sc_title -->[\/vc_column][vc_column width=&#8221;1\/2&#8243; css=&#8221;.vc_custom_1478089457943{margin-top: 4.7rem !important;}&#8221;][vc_column_text css=&#8221;&#8221;]<b>TAXUS+<\/b> reinvents private passenger transport on the C\u00f4te d&#8217;Azur by offering an alternative to traditional cabs.<br \/>\nBased in Cannes, <b>TAXUS+<\/b> is a transport company whose core business is innovation in private transport. We design private transport solutions that are simple and adapted to all travellers. Our main objective is to make your life easier. Whether you are an individual or a professional, we can provide you with a car and a private chauffeur tailored to your every need.<br \/>\nWe offer a wide range of vehicles to suit all budgets.<\/p>\n<p>With <b>TAXUS+<\/b> your trip is much more than just a journey, it&#8217;s an experience&#8230; All our prices have been designed to be affordable, while offering you the pleasure and comfort of being driven.[\/vc_column_text][\/vc_column][vc_column width=&#8221;1\/2&#8243; css=&#8221;.vc_custom_1683787409342{margin-top: 4.7rem !important;}&#8221;][vc_single_image image=&#8221;3885&#8243; img_size=&#8221;450&#215;450&#8243; alignment=&#8221;center&#8221; style=&#8221;vc_box_shadow_border&#8221; css=&#8221;&#8221;][\/vc_column][vc_column][vc_empty_space alter_height=&#8221;large&#8221; hide_on_mobile=&#8221;&#8221;][\/vc_column][\/vc_row][vc_row full_width=&#8221;stretch_row&#8221; gap=&#8221;20&#8243; full_height=&#8221;yes&#8221; content_placement=&#8221;middle&#8221; parallax=&#8221;content-moving-fade&#8221; parallax_image=&#8221;4077&#8243; css=&#8221;.vc_custom_1732709362079{padding-top: 35px !important;padding-bottom: 35px !important;background-color: #000000 !important;}&#8221;][vc_column][vc_single_image image=&#8221;1260&#8243; img_size=&#8221;medium&#8221; alignment=&#8221;center&#8221; css=&#8221;&#8221;][vc_empty_space height=&#8221;20px&#8221; alter_height=&#8221;medium&#8221; hide_on_mobile=&#8221;&#8221;]<div id=\"sc_title_1263431839\"\n\t\tclass=\"sc_title sc_title_default\"><h2 class=\"sc_item_title sc_title_title sc_align_center sc_item_title_style_accented_title\">Your CAB Alternative<\/h2><\/div><!-- \/.sc_title -->[vc_empty_space alter_height=&#8221;small&#8221; hide_on_mobile=&#8221;&#8221;][vc_column_text css=&#8221;&#8221;]<\/p>\n<p style=\"color: #ffffff; font-size: 16px; font-weight: 500; line-height: 25px; text-align: center;\">Founded in Cannes in 2019, we are now present throughout the French Riviera. Driven by our passionate commitment and our keen sense of service, our vehicles offer you a complete range of services. The TAXUS+ team works hard to satisfy its customers, adapting its services to meet their needs.<\/p>\n<p style=\"color: #ffffff; font-size: 16px; font-weight: 500; line-height: 25px; text-align: center;\">Our promise is to offer you a high level of comfort and transport to and from any destination on the French Riviera, Cannes, Antibes, Nice, Monaco and St-Tropez. Many customers trust us because they know that a trustworthy transport service is the key to a successful trip.<\/p>\n<p>[\/vc_column_text][vc_empty_space height=&#8221;20px&#8221; alter_height=&#8221;medium&#8221; hide_on_mobile=&#8221;&#8221;]<div id=\"sc_skills_1771252577\"\n\t\tclass=\"sc_skills sc_skills_counter\"\n\t\t\t\tdata-type=\"counter\"\n\t\t><div class=\"sc_skills_columns sc_item_columns trx_addons_columns_wrap columns_padding_bottom\"><div class=\"sc_skills_column trx_addons_column-1_3\"><div class=\"sc_skills_item_wrap\"><div class=\"sc_skills_item\"><div class=\"sc_skills_total\" data-start=\"0\" data-stop=\"5000\" data-step=\"50\" data-max=\"5000\" data-speed=\"10\" data-duration=\"1000\" data-ed=\"\">0<\/div><\/div><div class=\"sc_skills_item_title\">Trips Completed<\/div><\/div><\/div><div class=\"sc_skills_column trx_addons_column-1_3\"><div class=\"sc_skills_item_wrap\"><div class=\"sc_skills_item\"><div class=\"sc_skills_total\" data-start=\"0\" data-stop=\"1200\" data-step=\"50\" data-max=\"5000\" data-speed=\"16\" data-duration=\"384\" data-ed=\"\">0<\/div><\/div><div class=\"sc_skills_item_title\">Satisfied Clients<\/div><\/div><\/div><div class=\"sc_skills_column trx_addons_column-1_3\"><div class=\"sc_skills_item_wrap\"><div class=\"sc_skills_item\"><div class=\"sc_skills_total\" data-start=\"0\" data-stop=\"250\" data-step=\"50\" data-max=\"5000\" data-speed=\"18\" data-duration=\"90\" data-ed=\"\">0<\/div><\/div><div class=\"sc_skills_item_title\">Tonnes CO2 reduction<\/div><\/div><\/div><\/div><\/div>[\/vc_column][\/vc_row][vc_row css=&#8221;.vc_custom_1681809262830{padding-top: 0px !important;}&#8221;][vc_column width=&#8221;1\/6&#8243;][\/vc_column][vc_column width=&#8221;2\/3&#8243;][vc_empty_space alter_height=&#8221;huge&#8221; hide_on_mobile=&#8221;&#8221;]<div id=\"sc_title_1722205233\"\n\t\tclass=\"sc_title sc_title_default\"><h6 class=\"sc_item_subtitle sc_title_subtitle sc_align_center sc_item_title_style_default\">Need a quote, or more information<\/h6><h2 class=\"sc_item_title sc_title_title sc_align_center sc_item_title_style_default\">Contact us?<\/h2><div class=\"sc_item_descr sc_title_descr sc_align_center\">Do not hesitate to reach us for any special request or information or to reserve one of our vehicles with drivers<\/div><\/div><!-- \/.sc_title -->[vc_empty_space alter_height=&#8221;large&#8221; hide_on_mobile=&#8221;1&#8243;][\/vc_column][vc_column width=&#8221;1\/6&#8243;][\/vc_column][\/vc_row][vc_row full_width=&#8221;stretch_row_content_no_spaces&#8221; css=&#8221;.vc_custom_1681809224203{padding-top: -50px !important;}&#8221;][vc_column]<div\n     id=\"sc_form_188475807\"    class=\"sc_form sc_form_modern sc_align_center\"\n        >\n\n    <form class=\"sc_form_form sc_input_hover_iconed\" method=\"post\" action=\"https:\/\/taxusplus.fr\/wp-admin\/admin-ajax.php\">\n        <div class=\"sc_form_info\">\n            <div class=\"content_wrap\">\n                <div class=\"trx_addons_columns_wrap columns_padding_bottom\"><div class=\"trx_addons_column-1_3\">\n                        <div class=\"sc_form_info_item sc_form_info_item_phone\">\n                            <span class=\"sc_form_info_icon icon-phone-3\"><\/span>\n                            <h6 class=\"sc_form_info_title\">Our Phones<\/h6>\n\t\t\t\t\t\t\t<span class=\"sc_form_info_data\"><span><a href=\"tel:(+33)769790000\">(+33)769790000<\/a><\/span><\/span>\n                        <\/div>\n                        <\/div><\/div>\n            <\/div>\n        <\/div><!-- \/.sc_form_info -->\n\n            <\/form>\n\n<\/div><!-- \/.sc_form -->\n[\/vc_column][\/vc_row][vc_row full_width=&#8221;stretch_row&#8221; css=&#8221;.vc_custom_1680516322737{background-color: #ffffff !important;}&#8221;][vc_column css=&#8221;.vc_custom_1680899495548{background-color: #ffffff !important;}&#8221;][vc_text_separator title=&#8221;Looking forward to seeing you aboard our cars on the road!&#8221;][\/vc_column][\/vc_row]<\/p>\n<\/div>","protected":false},"excerpt":{"rendered":"<p>[vc_row full_width=&#8221;stretch_row&#8221; content_placement=&#8221;middle&#8221; css=&#8221;.vc_custom_1746284699681{margin-top: 0px !important;padding-top: 0px !important;padding-bottom: 0px !important;background-image: url(https:\/\/taxusplus.fr\/wp-content\/uploads\/2025\/05\/banner-taxi.png?id=4630) !important;background-position: center !important;background-repeat: no-repeat !important;background-size: cover !important;}&#8221; min_height=&#8221;400px&#8221;][vc_column][vc_column_text css=&#8221;.vc_custom_1746285388873{padding-top: 0px !important;}&#8221;] About TAXUS+ [\/vc_column_text][\/vc_column][\/vc_row][vc_row full_width=&#8221;stretch_row&#8221; content_placement=&#8221;middle&#8221; css=&#8221;.vc_custom_1755592973306{padding-top: 35px !important;padding-bottom: 35px !important;background-color: #000000 !important;}&#8221; el_class=&#8221;cta&#8221;][vc_column width=&#8221;2\/3&#8243;][vc_column_text css=&#8221;&#8221;] Fast Taxi Booking in 1 Click Need an urgent transfer right now or within the next hour? Please contact us directly by phone or WhatsApp for a fast, comfortable, and stress-free pickup. [\/vc_column_text][\/vc_column][vc_column width=&#8221;1\/3&#8243;][vc_empty_space height=&#8221;10px&#8221; alter_height=&#8221;small&#8221; hide_on_mobile=&#8221;&#8221;][\/vc_column][\/vc_row][vc_row full_height=&#8221;yes&#8221; content_placement=&#8221;middle&#8221;][vc_column][vc_empty_space alter_height=&#8221;medium&#8221; hide_on_mobile=&#8221;&#8221;][\/vc_column][vc_column width=&#8221;1\/2&#8243; css=&#8221;.vc_custom_1478089457943{margin-top: 4.7rem !important;}&#8221;][vc_column_text css=&#8221;&#8221;]TAXUS+ reinvents private passenger transport on the C\u00f4te d&#8217;Azur by offering an alternative to traditional cabs. Based in Cannes, TAXUS+ is a transport company whose core business is innovation in private transport. We design private transport solutions that&hellip;<\/p>\n","protected":false},"author":1,"featured_media":2261,"parent":0,"menu_order":0,"comment_status":"closed","ping_status":"closed","template":"","meta":{"footnotes":""},"class_list":["post-2267","page","type-page","status-publish","has-post-thumbnail","hentry"],"yoast_head":"<!-- This site is optimized with the Yoast SEO Premium plugin v25.6 (Yoast SEO v25.6) - https:\/\/yoast.com\/wordpress\/plugins\/seo\/ -->\n<title>About Us | TAXUS+ VTC<\/title>\n<meta name=\"description\" content=\"Based in Cannes, TAXUS+ is a passenger transport company whose core business is innovation in private transport.\" \/>\n<meta name=\"robots\" content=\"index, follow, max-snippet:-1, max-image-preview:large, max-video-preview:-1\" \/>\n<link rel=\"canonical\" href=\"https:\/\/taxusplus.fr\/en\/about-us\/\" \/>\n<meta property=\"og:locale\" content=\"en_US\" \/>\n<meta property=\"og:type\" content=\"article\" \/>\n<meta property=\"og:title\" content=\"About us\" \/>\n<meta property=\"og:description\" content=\"Based in Cannes, TAXUS+ is a passenger transport company whose core business is innovation in private transport.\" \/>\n<meta property=\"og:url\" content=\"https:\/\/taxusplus.fr\/en\/about-us\/\" \/>\n<meta property=\"og:site_name\" content=\"TAXUS+ VTC\" \/>\n<meta property=\"article:publisher\" content=\"https:\/\/www.facebook.com\/Taxusplus\/\" \/>\n<meta property=\"article:modified_time\" content=\"2025-08-19T08:42:56+00:00\" \/>\n<meta property=\"og:image\" content=\"https:\/\/taxusplus.fr\/wp-content\/uploads\/2023\/04\/seo-vtc-taxus.jpg\" \/>\n\t<meta property=\"og:image:width\" content=\"1000\" \/>\n\t<meta property=\"og:image:height\" content=\"720\" \/>\n\t<meta property=\"og:image:type\" content=\"image\/jpeg\" \/>\n<meta name=\"twitter:card\" content=\"summary_large_image\" \/>\n<meta name=\"twitter:label1\" content=\"Est. reading time\" \/>\n\t<meta name=\"twitter:data1\" content=\"3 minutes\" \/>\n<script type=\"application\/ld+json\" class=\"yoast-schema-graph\">{\"@context\":\"https:\/\/schema.org\",\"@graph\":[{\"@type\":\"WebPage\",\"@id\":\"https:\/\/taxusplus.fr\/en\/about-us\/\",\"url\":\"https:\/\/taxusplus.fr\/en\/about-us\/\",\"name\":\"About Us | TAXUS+ VTC\",\"isPartOf\":{\"@id\":\"https:\/\/taxusplus.fr\/en\/#website\"},\"primaryImageOfPage\":{\"@id\":\"https:\/\/taxusplus.fr\/en\/about-us\/#primaryimage\"},\"image\":{\"@id\":\"https:\/\/taxusplus.fr\/en\/about-us\/#primaryimage\"},\"thumbnailUrl\":\"https:\/\/taxusplus.fr\/wp-content\/uploads\/2023\/04\/seo-vtc-taxus.jpg\",\"datePublished\":\"2019-01-18T14:15:59+00:00\",\"dateModified\":\"2025-08-19T08:42:56+00:00\",\"description\":\"Based in Cannes, TAXUS+ is a passenger transport company whose core business is innovation in private transport.\",\"breadcrumb\":{\"@id\":\"https:\/\/taxusplus.fr\/en\/about-us\/#breadcrumb\"},\"inLanguage\":\"en-US\",\"potentialAction\":[{\"@type\":\"ReadAction\",\"target\":[\"https:\/\/taxusplus.fr\/en\/about-us\/\"]}]},{\"@type\":\"ImageObject\",\"inLanguage\":\"en-US\",\"@id\":\"https:\/\/taxusplus.fr\/en\/about-us\/#primaryimage\",\"url\":\"https:\/\/taxusplus.fr\/wp-content\/uploads\/2023\/04\/seo-vtc-taxus.jpg\",\"contentUrl\":\"https:\/\/taxusplus.fr\/wp-content\/uploads\/2023\/04\/seo-vtc-taxus.jpg\",\"width\":1000,\"height\":720,\"caption\":\"VTC cannes r\u00e9server chauffeur Nice - monaco - cannes - antibes\"},{\"@type\":\"BreadcrumbList\",\"@id\":\"https:\/\/taxusplus.fr\/en\/about-us\/#breadcrumb\",\"itemListElement\":[{\"@type\":\"ListItem\",\"position\":1,\"name\":\"Accueil\",\"item\":\"https:\/\/taxusplus.fr\/en\/\"},{\"@type\":\"ListItem\",\"position\":2,\"name\":\"About us\"}]},{\"@type\":\"WebSite\",\"@id\":\"https:\/\/taxusplus.fr\/en\/#website\",\"url\":\"https:\/\/taxusplus.fr\/en\/\",\"name\":\"TAXUS+ VTC\",\"description\":\"Chauffeur Priv\u00e9 &amp; Taxi VTC \u00e0 Cannes\",\"publisher\":{\"@id\":\"https:\/\/taxusplus.fr\/en\/#organization\"},\"alternateName\":\"TAXUS+\",\"potentialAction\":[{\"@type\":\"SearchAction\",\"target\":{\"@type\":\"EntryPoint\",\"urlTemplate\":\"https:\/\/taxusplus.fr\/en\/?s={search_term_string}\"},\"query-input\":{\"@type\":\"PropertyValueSpecification\",\"valueRequired\":true,\"valueName\":\"search_term_string\"}}],\"inLanguage\":\"en-US\"},{\"@type\":[\"Organization\",\"Place\"],\"@id\":\"https:\/\/taxusplus.fr\/en\/#organization\",\"name\":\"TAXUS+ | Chauffeur Priv\u00e9 et VTC Cannes\",\"alternateName\":\"TAXUS+ | Service Taxi & VTC\",\"url\":\"https:\/\/taxusplus.fr\/en\/\",\"logo\":{\"@id\":\"https:\/\/taxusplus.fr\/en\/about-us\/#local-main-organization-logo\"},\"image\":{\"@id\":\"https:\/\/taxusplus.fr\/en\/about-us\/#local-main-organization-logo\"},\"sameAs\":[\"https:\/\/www.facebook.com\/Taxusplus\/\",\"https:\/\/www.instagram.com\/taxusplus\/\"],\"description\":\"Agence de chauffeur priv\u00e9 VTC et Taxi sur Cannes, disponible 24\/7 sur toute la C\u00f4te d\u2019Azur. Avec TAXUS+, profitez d\u2019un transport priv\u00e9 haut de gamme pour un confort optimal en toute occasion. Que ce soit un transfert depuis l\u2019a\u00e9roport de Nice, un rendez-vous \u00e0 Monaco, une soir\u00e9e \u00e0 Cannes ou une escapade \u00e0 Villefranche, TAXUS+ vous assure un trajet en toute s\u00e9r\u00e9nit\u00e9 et confort.\",\"legalName\":\"Taxusplus\",\"foundingDate\":\"2019-01-01\",\"numberOfEmployees\":{\"@type\":\"QuantitativeValue\",\"minValue\":\"11\",\"maxValue\":\"50\"},\"publishingPrinciples\":\"https:\/\/taxusplus.fr\/en\/legal-information\/\",\"ownershipFundingInfo\":\"https:\/\/taxusplus.fr\/en\/legal-information\/\",\"actionableFeedbackPolicy\":\"https:\/\/taxusplus.fr\/politique-de-confidentialite\/\",\"address\":{\"@id\":\"https:\/\/taxusplus.fr\/en\/about-us\/#local-main-place-address\"},\"telephone\":[\"(+33)769790000\"],\"contactPoint\":{\"@type\":\"ContactPoint\",\"telephone\":\"(+33)769790000\",\"email\":\"contact@taxusplus.fr\"},\"openingHoursSpecification\":{\"@type\":\"OpeningHoursSpecification\",\"dayOfWeek\":[\"Monday\",\"Tuesday\",\"Wednesday\",\"Thursday\",\"Friday\",\"Saturday\",\"Sunday\"],\"opens\":\"00:00\",\"closes\":\"23:59\"},\"email\":\"reservation@taxusplus.fr\",\"areaServed\":\"Cannes, Cannet, Mandelieu, Antibes, Grasse, Cagne sur mer, Nice, St Tropez, Monaco\"},{\"@type\":\"PostalAddress\",\"@id\":\"https:\/\/taxusplus.fr\/en\/about-us\/#local-main-place-address\",\"streetAddress\":\"46 Avenue de la Roubine\",\"addressLocality\":\"Cannes\",\"postalCode\":\"06150\",\"addressRegion\":\"France\",\"addressCountry\":\"FR\"},{\"@type\":\"ImageObject\",\"inLanguage\":\"en-US\",\"@id\":\"https:\/\/taxusplus.fr\/en\/about-us\/#local-main-organization-logo\",\"url\":\"https:\/\/taxusplus.fr\/wp-content\/uploads\/2024\/10\/cropped-favico-taxus.png\",\"contentUrl\":\"https:\/\/taxusplus.fr\/wp-content\/uploads\/2024\/10\/cropped-favico-taxus.png\",\"width\":512,\"height\":512,\"caption\":\"TAXUS+ | Chauffeur Priv\u00e9 et VTC Cannes\"}]}<\/script>\n<meta name=\"geo.placename\" content=\"Cannes\" \/>\n<meta name=\"geo.region\" content=\"France\" \/>\n<!-- \/ Yoast SEO Premium plugin. -->","yoast_head_json":{"title":"About Us | TAXUS+ VTC","description":"Based in Cannes, TAXUS+ is a passenger transport company whose core business is innovation in private transport.","robots":{"index":"index","follow":"follow","max-snippet":"max-snippet:-1","max-image-preview":"max-image-preview:large","max-video-preview":"max-video-preview:-1"},"canonical":"https:\/\/taxusplus.fr\/en\/about-us\/","og_locale":"en_US","og_type":"article","og_title":"About us","og_description":"Based in Cannes, TAXUS+ is a passenger transport company whose core business is innovation in private transport.","og_url":"https:\/\/taxusplus.fr\/en\/about-us\/","og_site_name":"TAXUS+ VTC","article_publisher":"https:\/\/www.facebook.com\/Taxusplus\/","article_modified_time":"2025-08-19T08:42:56+00:00","og_image":[{"width":1000,"height":720,"url":"https:\/\/taxusplus.fr\/wp-content\/uploads\/2023\/04\/seo-vtc-taxus.jpg","type":"image\/jpeg"}],"twitter_card":"summary_large_image","twitter_misc":{"Est. reading time":"3 minutes"},"schema":{"@context":"https:\/\/schema.org","@graph":[{"@type":"WebPage","@id":"https:\/\/taxusplus.fr\/en\/about-us\/","url":"https:\/\/taxusplus.fr\/en\/about-us\/","name":"About Us | TAXUS+ VTC","isPartOf":{"@id":"https:\/\/taxusplus.fr\/en\/#website"},"primaryImageOfPage":{"@id":"https:\/\/taxusplus.fr\/en\/about-us\/#primaryimage"},"image":{"@id":"https:\/\/taxusplus.fr\/en\/about-us\/#primaryimage"},"thumbnailUrl":"https:\/\/taxusplus.fr\/wp-content\/uploads\/2023\/04\/seo-vtc-taxus.jpg","datePublished":"2019-01-18T14:15:59+00:00","dateModified":"2025-08-19T08:42:56+00:00","description":"Based in Cannes, TAXUS+ is a passenger transport company whose core business is innovation in private transport.","breadcrumb":{"@id":"https:\/\/taxusplus.fr\/en\/about-us\/#breadcrumb"},"inLanguage":"en-US","potentialAction":[{"@type":"ReadAction","target":["https:\/\/taxusplus.fr\/en\/about-us\/"]}]},{"@type":"ImageObject","inLanguage":"en-US","@id":"https:\/\/taxusplus.fr\/en\/about-us\/#primaryimage","url":"https:\/\/taxusplus.fr\/wp-content\/uploads\/2023\/04\/seo-vtc-taxus.jpg","contentUrl":"https:\/\/taxusplus.fr\/wp-content\/uploads\/2023\/04\/seo-vtc-taxus.jpg","width":1000,"height":720,"caption":"VTC cannes r\u00e9server chauffeur Nice - monaco - cannes - antibes"},{"@type":"BreadcrumbList","@id":"https:\/\/taxusplus.fr\/en\/about-us\/#breadcrumb","itemListElement":[{"@type":"ListItem","position":1,"name":"Accueil","item":"https:\/\/taxusplus.fr\/en\/"},{"@type":"ListItem","position":2,"name":"About us"}]},{"@type":"WebSite","@id":"https:\/\/taxusplus.fr\/en\/#website","url":"https:\/\/taxusplus.fr\/en\/","name":"TAXUS+ VTC","description":"Chauffeur Priv\u00e9 &amp; Taxi VTC \u00e0 Cannes","publisher":{"@id":"https:\/\/taxusplus.fr\/en\/#organization"},"alternateName":"TAXUS+","potentialAction":[{"@type":"SearchAction","target":{"@type":"EntryPoint","urlTemplate":"https:\/\/taxusplus.fr\/en\/?s={search_term_string}"},"query-input":{"@type":"PropertyValueSpecification","valueRequired":true,"valueName":"search_term_string"}}],"inLanguage":"en-US"},{"@type":["Organization","Place"],"@id":"https:\/\/taxusplus.fr\/en\/#organization","name":"TAXUS+ | Chauffeur Priv\u00e9 et VTC Cannes","alternateName":"TAXUS+ | Service Taxi & VTC","url":"https:\/\/taxusplus.fr\/en\/","logo":{"@id":"https:\/\/taxusplus.fr\/en\/about-us\/#local-main-organization-logo"},"image":{"@id":"https:\/\/taxusplus.fr\/en\/about-us\/#local-main-organization-logo"},"sameAs":["https:\/\/www.facebook.com\/Taxusplus\/","https:\/\/www.instagram.com\/taxusplus\/"],"description":"Agence de chauffeur priv\u00e9 VTC et Taxi sur Cannes, disponible 24\/7 sur toute la C\u00f4te d\u2019Azur. Avec TAXUS+, profitez d\u2019un transport priv\u00e9 haut de gamme pour un confort optimal en toute occasion. Que ce soit un transfert depuis l\u2019a\u00e9roport de Nice, un rendez-vous \u00e0 Monaco, une soir\u00e9e \u00e0 Cannes ou une escapade \u00e0 Villefranche, TAXUS+ vous assure un trajet en toute s\u00e9r\u00e9nit\u00e9 et confort.","legalName":"Taxusplus","foundingDate":"2019-01-01","numberOfEmployees":{"@type":"QuantitativeValue","minValue":"11","maxValue":"50"},"publishingPrinciples":"https:\/\/taxusplus.fr\/en\/legal-information\/","ownershipFundingInfo":"https:\/\/taxusplus.fr\/en\/legal-information\/","actionableFeedbackPolicy":"https:\/\/taxusplus.fr\/politique-de-confidentialite\/","address":{"@id":"https:\/\/taxusplus.fr\/en\/about-us\/#local-main-place-address"},"telephone":["(+33)769790000"],"contactPoint":{"@type":"ContactPoint","telephone":"(+33)769790000","email":"contact@taxusplus.fr"},"openingHoursSpecification":{"@type":"OpeningHoursSpecification","dayOfWeek":["Monday","Tuesday","Wednesday","Thursday","Friday","Saturday","Sunday"],"opens":"00:00","closes":"23:59"},"email":"reservation@taxusplus.fr","areaServed":"Cannes, Cannet, Mandelieu, Antibes, Grasse, Cagne sur mer, Nice, St Tropez, Monaco"},{"@type":"PostalAddress","@id":"https:\/\/taxusplus.fr\/en\/about-us\/#local-main-place-address","streetAddress":"46 Avenue de la Roubine","addressLocality":"Cannes","postalCode":"06150","addressRegion":"France","addressCountry":"FR"},{"@type":"ImageObject","inLanguage":"en-US","@id":"https:\/\/taxusplus.fr\/en\/about-us\/#local-main-organization-logo","url":"https:\/\/taxusplus.fr\/wp-content\/uploads\/2024\/10\/cropped-favico-taxus.png","contentUrl":"https:\/\/taxusplus.fr\/wp-content\/uploads\/2024\/10\/cropped-favico-taxus.png","width":512,"height":512,"caption":"TAXUS+ | Chauffeur Priv\u00e9 et VTC Cannes"}]},"geo.placename":"Cannes","geo.region":"France"},"_links":{"self":[{"href":"https:\/\/taxusplus.fr\/en\/wp-json\/wp\/v2\/pages\/2267"}],"collection":[{"href":"https:\/\/taxusplus.fr\/en\/wp-json\/wp\/v2\/pages"}],"about":[{"href":"https:\/\/taxusplus.fr\/en\/wp-json\/wp\/v2\/types\/page"}],"author":[{"embeddable":true,"href":"https:\/\/taxusplus.fr\/en\/wp-json\/wp\/v2\/users\/1"}],"replies":[{"embeddable":true,"href":"https:\/\/taxusplus.fr\/en\/wp-json\/wp\/v2\/comments?post=2267"}],"version-history":[{"count":0,"href":"https:\/\/taxusplus.fr\/en\/wp-json\/wp\/v2\/pages\/2267\/revisions"}],"wp:featuredmedia":[{"embeddable":true,"href":"https:\/\/taxusplus.fr\/en\/wp-json\/wp\/v2\/media\/2261"}],"wp:attachment":[{"href":"https:\/\/taxusplus.fr\/en\/wp-json\/wp\/v2\/media?parent=2267"}],"curies":[{"name":"wp","href":"https:\/\/api.w.org\/{rel}","templated":true}]}}