{"id":2295,"date":"2023-04-16T13:09:29","date_gmt":"2023-04-16T11:09:29","guid":{"rendered":"https:\/\/taxusplus.fr\/cookie-policy-eu\/"},"modified":"2025-10-19T10:42:27","modified_gmt":"2025-10-19T08:42:27","slug":"cookie-policy-eu","status":"publish","type":"page","link":"https:\/\/taxusplus.fr\/en\/cookie-policy-eu\/","title":{"rendered":"Cookie policy (EU)"},"content":{"rendered":"<div class=\"wpb-content-wrapper\"><p>[vc_row content_placement=&#8221;middle&#8221;][vc_column][vc_empty_space alter_height=&#8221;huge&#8221; hide_on_mobile=&#8221;&#8221;][vc_column_text css=&#8221;&#8221;]<\/p>\n<h1 style=\"font-family: Raleway, sans-serif !important; font-size: 2.5rem !important; font-weight: 900 !important; font-style: normal !important; line-height: 1.29em !important; text-decoration: none !important; text-transform: none !important; letter-spacing: 0px !important; color: #343332 !important; text-align: left;\">Cookies policy (EU)<\/h1>\n<p>[\/vc_column_text]<div id=\"sc_title_1884925334\"\n\t\tclass=\"sc_title sc_title_default\"><div class=\"sc_item_descr sc_title_descr sc_align_left\">This cookie policy was last updated on 14\/12\/2020 and applies to citizens and lawful permanent residents of the European Economic Area.<\/div><\/div><!-- \/.sc_title -->[\/vc_column][\/vc_row][vc_row][vc_column icons_position=&#8221;left&#8221;][vc_empty_space height=&#8221;40px&#8221; hide_on_mobile=&#8221;&#8221; hide_on_desktop=&#8221;&#8221; hide_on_notebook=&#8221;&#8221; hide_on_tablet=&#8221;&#8221;][vc_empty_space height=&#8221;30px&#8221; hide_on_mobile=&#8221;1&#8243; hide_on_desktop=&#8221;&#8221; hide_on_notebook=&#8221;&#8221; hide_on_tablet=&#8221;&#8221;][\/vc_column][\/vc_row][vc_row hide_bg_image_on_tablet=&#8221;&#8221; hide_bg_image_on_mobile=&#8221;&#8221; css=&#8221;.vc_custom_1527690597112{background-color: #f7f8f9 !important;}&#8221;][vc_column icons_position=&#8221;left&#8221;]<div id=\"sc_content_1898400024\"\n\t\tclass=\"sc_content sc_content_default sc_float_center p70\"><div class=\"sc_content_container\">[vc_column_text]<\/p>\n<h3 style=\"margin-top: 2em; color: #000000;\">1. Introduction<\/h3>\n<p><span style=\"font-weight: 400;\">Our website, <a href=\"https:\/\/taxusplus.fr\/en\/\">taxusplus.fr<\/a>, uses cookies and other related technologies (for simplicity, all these technologies are referred to as &#8220;cookies&#8221;). Cookies are also placed by third parties engaged by us. In the document below, we inform you about the use of cookies on our website.<\/span><\/p>\n<h3 style=\"margin-top: 2em; color: #000000;\">2. What are cookies?<\/h3>\n<p><span style=\"font-weight: 400;\">A cookie is a small, simple file sent with the pages of this website and stored by your browser on the hard disk of your computer or other device. The information stored there may be sent back to our servers or to the servers of the third parties concerned during a subsequent visit.<\/span><\/p>\n<h3 style=\"margin-top: 2em; color: #000000;\">3. What are scripts?<\/h3>\n<p><span style=\"font-weight: 400;\">A script is a piece of code used to make our website function correctly and interactively. This code is executed on our server or on your device.<\/span><\/p>\n<h3 style=\"margin-top: 2em; color: #000000;\">4. What is an invisible tag?<\/h3>\n<p><span style=\"font-weight: 400;\">An invisible tag (or web beacon) is a small piece of text or image invisible on a website, used to track website traffic. In order to do this, various data about you is stored using invisible tags.<\/span><\/p>\n<h3 style=\"margin-top: 2em; color: #000000;\">5. Cookies<\/h3>\n<p><b>5.1 Technical or functional cookies<\/b><br \/>\n<span style=\"font-weight: 400;\">Some cookies ensure that certain parts of the website function correctly and that your user preferences are taken into account. By setting functional cookies, we make it easier for you to visit our website. This means you don&#8217;t have to enter the same information over and over again when visiting our website, and, for example, items remain in your shopping cart until you pay. We may set these cookies without your consent.<\/span><\/p>\n<p class=\"cmplz-subtitle\"><b>5.2 Statistical cookies<\/b><\/p>\n<p><span style=\"font-weight: 400;\">We use statistical cookies to optimize the user experience on our website. With these statistical cookies, we obtain information about the use of our website. We ask your permission to place statistical cookies.<\/span><\/p>\n<p><b>5.3 Advertising cookies<\/b><br \/>\n<span style=\"font-weight: 400;\">On this website, we use advertising cookies, which allow us to have an overview of the campaign results. This is done on the basis of a profile that we create based on your behavior on <a href=\"https:\/\/taxusplus.fr\/en\/\">Taxusplusfr<\/a>.<br \/>\nWith these cookies, you, as a visitor to the website, are linked to a unique ID, but these cookies will not profile your behavior and interests in the service of personalized advertising.<\/span><\/p>\n<p><b>5.4 Marketing\/Tracking cookies<\/b><br \/>\n<span style=\"font-weight: 400;\">Marketing\/tracking cookies are cookies or any other form of local storage, used to create user profiles in order to display advertising or to track the user on this website or on several websites for similar marketing purposes. Because these cookies are marked as tracking cookies, we ask for your permission to set them.<\/span><\/p>\n<p><b>5.5 Social network buttons<\/b><br \/>\n<span style=\"font-weight: 400;\">We have included buttons on our website so that Facebook and Instagram users can promote web pages (e.g. &#8220;Like&#8221;, &#8220;Save&#8221;) or share (e.g. &#8220;Tweet&#8221;) on social networks such as Facebook and Instagram. These buttons work with pieces of code from Facebook and Instagram themselves. This code sets cookies. These social network buttons may also store and process certain information in order to show you personalized advertising.<br \/>\nPlease read the privacy statement of these social networks (which may be modified from time to time) to find out what they do with your (personal) data processed using these cookies. Recovered data is anonymized as far as possible. Facebook and Instagram are located in the United States.<\/span><\/p>\n<h3 style=\"margin-top: 2em; color: #000000;\">6. Consent<\/h3>\n<p><span style=\"font-weight: 400;\">When you visit our website for the first time, we will show you a pop-up window with an explanation about cookies. As soon as you click on &#8220;Save preferences&#8221; you authorize us to use the categories of cookies and extensions you have selected in the pop-up window, as described in this cookie policy. You can disable the use of cookies via your browser, but please note that our website may no longer function correctly.<\/span><\/p>\n<h3 style=\"margin-top: 2em; color: #000000;\">7. Your rights concerning personal data<\/h3>\n<p><span style=\"font-weight: 400;\">You have the following rights concerning your personal data:<\/span><\/p>\n<ul>\n<li>You have the right to know why your personal data is needed, what will happen to it and how long it will be kept.<br \/>\nRight of access: you have the right to access your personal data known to us.<\/li>\n<li>Right of rectification: you have the right at any time to add to, correct, delete or block your personal data.<\/li>\n<li>If you give us your consent to process your data, you have the right to revoke this consent and have your personal data deleted.<\/li>\n<li>Right to transfer your data: you have the right to request all your personal data from the controller and to transfer them in their entirety to another controller.<\/li>\n<li>Right to object: you may object to the processing of your data. We will comply, unless there is some reason to justify such treatment.<\/li>\n<\/ul>\n<p><span style=\"font-weight: 400;\">To exercise these rights, please contact us. Please refer to the contact details at the bottom of this cookie policy. If you have a complaint about the way we process your data, we would like to hear about it, but you also have the right to lodge a complaint with the supervisory authority (the data protection authority, such as the EDPS).<\/span><\/p>\n<h3 style=\"margin-top: 2em; color: #000000;\">8. Enable\/disable and delete cookies<\/h3>\n<p><span style=\"font-weight: 400;\">You can use your web browser to delete cookies automatically or manually. You can also specify that certain cookies cannot be set. Another option is to modify your Internet browser settings so that you receive a message each time a cookie is set. For more information on these options, please refer to your browser&#8217;s Help section. Please note that our website may not function properly if all cookies are disabled. If you delete cookies from your browser, they will be placed again with your consent when you revisit our websites.<\/span><\/p>\n<h3 style=\"margin-top: 2em; color: #000000;\">9. Contact details<\/h3>\n<p><span style=\"font-weight: 400;\">For questions and\/or comments about our cookie policy and this statement, please contact us using the following details:<\/span><\/p>\n<ul>\n<li style=\"font-weight: 400;\" aria-level=\"1\"><span style=\"font-weight: 400;\"><b>Address<\/b>: 46 AVENUE DE LA ROUBINE CANNES LA BOCCA FRANCE<\/span><\/li>\n<li style=\"font-weight: 400;\" aria-level=\"1\"><span style=\"font-weight: 400;\"><b>Telephone<\/b>: <a href=\"tel:+33769790000\">+33 7 69 79 00 00<\/a><\/span><\/li>\n<li style=\"font-weight: 400;\" aria-level=\"1\"><b>E-Mail<\/b>:<b> <a href=\"mailto:<a href=\"mailto:&#99;&#111;&#110;&#116;&#97;&#99;&#116;&#64;&#116;&#97;&#120;&#117;&#115;&#112;&#108;&#117;&#115;&#46;&#102;&#114;\">&#99;&#111;&#110;&#116;&#97;&#99;&#116;&#64;&#116;&#97;&#120;&#117;&#115;&#112;&#108;&#117;&#115;&#46;&#102;&#114;<\/a>\"><a href=\"mailto:&#99;&#111;&#110;&#116;&#97;&#99;&#116;&#64;&#116;&#97;&#120;&#117;&#115;&#112;&#108;&#117;&#115;&#46;&#102;&#114;\">&#99;&#111;&#110;&#116;&#97;&#99;&#116;&#64;&#116;&#97;&#120;&#117;&#115;&#112;&#108;&#117;&#115;&#46;&#102;&#114;<\/a>.<\/a><\/b><\/li>\n<\/ul>\n<p>This cookie policy was synchronized with <a href=\"https:\/\/cookiedatabase.org\/\">cookiedatabase.org<\/a> on 30\/01\/2023[\/vc_column_text]<\/div><\/div><!-- \/.sc_content -->[vc_empty_space height=&#8221;4em&#8221; hide_on_mobile=&#8221;&#8221; hide_on_desktop=&#8221;&#8221; hide_on_notebook=&#8221;&#8221; hide_on_tablet=&#8221;&#8221;][\/vc_column][\/vc_row][vc_row full_width=&#8221;stretch_row&#8221; css=&#8221;.vc_custom_1680516322737{background-color: #ffffff !important;}&#8221;][vc_column css=&#8221;.vc_custom_1680899495548{background-color: #ffffff !important;}&#8221;][vc_text_separator title=&#8221;Looking forward to seeing you aboard our cars on the road!&#8221;][\/vc_column][\/vc_row]<\/p>\n<\/div>","protected":false},"excerpt":{"rendered":"<p>[vc_row content_placement=&#8221;middle&#8221;][vc_column][vc_empty_space alter_height=&#8221;huge&#8221; hide_on_mobile=&#8221;&#8221;][vc_column_text css=&#8221;&#8221;] Cookies policy (EU) [\/vc_column_text][\/vc_column][\/vc_row][vc_row][vc_column icons_position=&#8221;left&#8221;][vc_empty_space height=&#8221;40px&#8221; hide_on_mobile=&#8221;&#8221; hide_on_desktop=&#8221;&#8221; hide_on_notebook=&#8221;&#8221; hide_on_tablet=&#8221;&#8221;][vc_empty_space height=&#8221;30px&#8221; hide_on_mobile=&#8221;1&#8243; hide_on_desktop=&#8221;&#8221; hide_on_notebook=&#8221;&#8221; hide_on_tablet=&#8221;&#8221;][\/vc_column][\/vc_row][vc_row hide_bg_image_on_tablet=&#8221;&#8221; hide_bg_image_on_mobile=&#8221;&#8221; css=&#8221;.vc_custom_1527690597112{background-color: #f7f8f9 !important;}&#8221;][vc_column icons_position=&#8221;left&#8221;][vc_empty_space height=&#8221;4em&#8221; hide_on_mobile=&#8221;&#8221; hide_on_desktop=&#8221;&#8221; hide_on_notebook=&#8221;&#8221; hide_on_tablet=&#8221;&#8221;][\/vc_column][\/vc_row][vc_row full_width=&#8221;stretch_row&#8221; css=&#8221;.vc_custom_1680516322737{background-color: #ffffff !important;}&#8221;][vc_column css=&#8221;.vc_custom_1680899495548{background-color: #ffffff !important;}&#8221;][vc_text_separator title=&#8221;Looking forward to seeing you aboard our cars on the road!&#8221;][\/vc_column][\/vc_row]<\/p>\n","protected":false},"author":1,"featured_media":2261,"parent":0,"menu_order":0,"comment_status":"closed","ping_status":"closed","template":"","meta":{"footnotes":""},"class_list":["post-2295","page","type-page","status-publish","has-post-thumbnail","hentry"],"yoast_head":"<!-- This site is optimized with the Yoast SEO Premium plugin v25.6 (Yoast SEO v25.6) - https:\/\/yoast.com\/wordpress\/plugins\/seo\/ -->\n<title>Cookie policy (EU) | TAXUS+ VTC<\/title>\n<meta name=\"description\" content=\"TAXUS+ Cookie Policy \u2013 \u200b\u200bLearn how we use cookies to improve your experience on our website and for your personal details security.\" \/>\n<meta name=\"robots\" content=\"index, nofollow, max-snippet:-1, max-image-preview:large, max-video-preview:-1\" \/>\n<link rel=\"canonical\" href=\"https:\/\/taxusplus.fr\/en\/cookie-policy-eu\/\" \/>\n<meta property=\"og:locale\" content=\"en_US\" \/>\n<meta property=\"og:type\" content=\"article\" \/>\n<meta property=\"og:title\" content=\"Cookie policy (EU)\" \/>\n<meta property=\"og:description\" content=\"TAXUS+ Cookie Policy \u2013 \u200b\u200bLearn how we use cookies to improve your experience on our website and for your personal details security.\" \/>\n<meta property=\"og:url\" content=\"https:\/\/taxusplus.fr\/en\/cookie-policy-eu\/\" \/>\n<meta property=\"og:site_name\" content=\"TAXUS+ VTC\" \/>\n<meta property=\"article:publisher\" content=\"https:\/\/www.facebook.com\/Taxusplus\/\" \/>\n<meta property=\"article:modified_time\" content=\"2025-10-19T08:42:27+00:00\" \/>\n<meta property=\"og:image\" content=\"https:\/\/taxusplus.fr\/wp-content\/uploads\/2023\/04\/seo-vtc-taxus.jpg\" \/>\n\t<meta property=\"og:image:width\" content=\"1000\" \/>\n\t<meta property=\"og:image:height\" content=\"720\" \/>\n\t<meta property=\"og:image:type\" content=\"image\/jpeg\" \/>\n<meta name=\"twitter:card\" content=\"summary_large_image\" \/>\n<meta name=\"twitter:label1\" content=\"Est. reading time\" \/>\n\t<meta name=\"twitter:data1\" content=\"5 minutes\" \/>\n<script type=\"application\/ld+json\" class=\"yoast-schema-graph\">{\"@context\":\"https:\/\/schema.org\",\"@graph\":[{\"@type\":\"WebPage\",\"@id\":\"https:\/\/taxusplus.fr\/en\/cookie-policy-eu\/\",\"url\":\"https:\/\/taxusplus.fr\/en\/cookie-policy-eu\/\",\"name\":\"Cookie policy (EU) | TAXUS+ VTC\",\"isPartOf\":{\"@id\":\"https:\/\/taxusplus.fr\/en\/#website\"},\"primaryImageOfPage\":{\"@id\":\"https:\/\/taxusplus.fr\/en\/cookie-policy-eu\/#primaryimage\"},\"image\":{\"@id\":\"https:\/\/taxusplus.fr\/en\/cookie-policy-eu\/#primaryimage\"},\"thumbnailUrl\":\"https:\/\/taxusplus.fr\/wp-content\/uploads\/2023\/04\/seo-vtc-taxus.jpg\",\"datePublished\":\"2023-04-16T11:09:29+00:00\",\"dateModified\":\"2025-10-19T08:42:27+00:00\",\"description\":\"TAXUS+ Cookie Policy \u2013 \u200b\u200bLearn how we use cookies to improve your experience on our website and for your personal details security.\",\"breadcrumb\":{\"@id\":\"https:\/\/taxusplus.fr\/en\/cookie-policy-eu\/#breadcrumb\"},\"inLanguage\":\"en-US\",\"potentialAction\":[{\"@type\":\"ReadAction\",\"target\":[\"https:\/\/taxusplus.fr\/en\/cookie-policy-eu\/\"]}]},{\"@type\":\"ImageObject\",\"inLanguage\":\"en-US\",\"@id\":\"https:\/\/taxusplus.fr\/en\/cookie-policy-eu\/#primaryimage\",\"url\":\"https:\/\/taxusplus.fr\/wp-content\/uploads\/2023\/04\/seo-vtc-taxus.jpg\",\"contentUrl\":\"https:\/\/taxusplus.fr\/wp-content\/uploads\/2023\/04\/seo-vtc-taxus.jpg\",\"width\":1000,\"height\":720,\"caption\":\"VTC cannes r\u00e9server chauffeur Nice - monaco - cannes - antibes\"},{\"@type\":\"BreadcrumbList\",\"@id\":\"https:\/\/taxusplus.fr\/en\/cookie-policy-eu\/#breadcrumb\",\"itemListElement\":[{\"@type\":\"ListItem\",\"position\":1,\"name\":\"Accueil\",\"item\":\"https:\/\/taxusplus.fr\/en\/\"},{\"@type\":\"ListItem\",\"position\":2,\"name\":\"Cookie policy (EU)\"}]},{\"@type\":\"WebSite\",\"@id\":\"https:\/\/taxusplus.fr\/en\/#website\",\"url\":\"https:\/\/taxusplus.fr\/en\/\",\"name\":\"TAXUS+ VTC\",\"description\":\"Chauffeur Priv\u00e9 &amp; Taxi VTC \u00e0 Cannes\",\"publisher\":{\"@id\":\"https:\/\/taxusplus.fr\/en\/#organization\"},\"alternateName\":\"TAXUS+\",\"potentialAction\":[{\"@type\":\"SearchAction\",\"target\":{\"@type\":\"EntryPoint\",\"urlTemplate\":\"https:\/\/taxusplus.fr\/en\/?s={search_term_string}\"},\"query-input\":{\"@type\":\"PropertyValueSpecification\",\"valueRequired\":true,\"valueName\":\"search_term_string\"}}],\"inLanguage\":\"en-US\"},{\"@type\":[\"Organization\",\"Place\"],\"@id\":\"https:\/\/taxusplus.fr\/en\/#organization\",\"name\":\"TAXUS+ | Chauffeur Priv\u00e9 et VTC Cannes\",\"alternateName\":\"TAXUS+ | Service Taxi & VTC\",\"url\":\"https:\/\/taxusplus.fr\/en\/\",\"logo\":{\"@id\":\"https:\/\/taxusplus.fr\/en\/cookie-policy-eu\/#local-main-organization-logo\"},\"image\":{\"@id\":\"https:\/\/taxusplus.fr\/en\/cookie-policy-eu\/#local-main-organization-logo\"},\"sameAs\":[\"https:\/\/www.facebook.com\/Taxusplus\/\",\"https:\/\/www.instagram.com\/taxusplus\/\"],\"description\":\"Agence de chauffeur priv\u00e9 VTC et Taxi sur Cannes, disponible 24\/7 sur toute la C\u00f4te d\u2019Azur. Avec TAXUS+, profitez d\u2019un transport priv\u00e9 haut de gamme pour un confort optimal en toute occasion. Que ce soit un transfert depuis l\u2019a\u00e9roport de Nice, un rendez-vous \u00e0 Monaco, une soir\u00e9e \u00e0 Cannes ou une escapade \u00e0 Villefranche, TAXUS+ vous assure un trajet en toute s\u00e9r\u00e9nit\u00e9 et confort.\",\"legalName\":\"Taxusplus\",\"foundingDate\":\"2019-01-01\",\"numberOfEmployees\":{\"@type\":\"QuantitativeValue\",\"minValue\":\"11\",\"maxValue\":\"50\"},\"publishingPrinciples\":\"https:\/\/taxusplus.fr\/en\/legal-information\/\",\"ownershipFundingInfo\":\"https:\/\/taxusplus.fr\/en\/legal-information\/\",\"actionableFeedbackPolicy\":\"https:\/\/taxusplus.fr\/politique-de-confidentialite\/\",\"address\":{\"@id\":\"https:\/\/taxusplus.fr\/en\/cookie-policy-eu\/#local-main-place-address\"},\"telephone\":[\"(+33)769790000\"],\"contactPoint\":{\"@type\":\"ContactPoint\",\"telephone\":\"(+33)769790000\",\"email\":\"contact@taxusplus.fr\"},\"openingHoursSpecification\":{\"@type\":\"OpeningHoursSpecification\",\"dayOfWeek\":[\"Monday\",\"Tuesday\",\"Wednesday\",\"Thursday\",\"Friday\",\"Saturday\",\"Sunday\"],\"opens\":\"00:00\",\"closes\":\"23:59\"},\"email\":\"reservation@taxusplus.fr\",\"areaServed\":\"Cannes, Cannet, Mandelieu, Antibes, Grasse, Cagne sur mer, Nice, St Tropez, Monaco\"},{\"@type\":\"PostalAddress\",\"@id\":\"https:\/\/taxusplus.fr\/en\/cookie-policy-eu\/#local-main-place-address\",\"streetAddress\":\"46 Avenue de la Roubine\",\"addressLocality\":\"Cannes\",\"postalCode\":\"06150\",\"addressRegion\":\"France\",\"addressCountry\":\"FR\"},{\"@type\":\"ImageObject\",\"inLanguage\":\"en-US\",\"@id\":\"https:\/\/taxusplus.fr\/en\/cookie-policy-eu\/#local-main-organization-logo\",\"url\":\"https:\/\/taxusplus.fr\/wp-content\/uploads\/2024\/10\/cropped-favico-taxus.png\",\"contentUrl\":\"https:\/\/taxusplus.fr\/wp-content\/uploads\/2024\/10\/cropped-favico-taxus.png\",\"width\":512,\"height\":512,\"caption\":\"TAXUS+ | Chauffeur Priv\u00e9 et VTC Cannes\"}]}<\/script>\n<meta name=\"geo.placename\" content=\"Cannes\" \/>\n<meta name=\"geo.region\" content=\"France\" \/>\n<!-- \/ Yoast SEO Premium plugin. -->","yoast_head_json":{"title":"Cookie policy (EU) | TAXUS+ VTC","description":"TAXUS+ Cookie Policy \u2013 \u200b\u200bLearn how we use cookies to improve your experience on our website and for your personal details security.","robots":{"index":"index","follow":"nofollow","max-snippet":"max-snippet:-1","max-image-preview":"max-image-preview:large","max-video-preview":"max-video-preview:-1"},"canonical":"https:\/\/taxusplus.fr\/en\/cookie-policy-eu\/","og_locale":"en_US","og_type":"article","og_title":"Cookie policy (EU)","og_description":"TAXUS+ Cookie Policy \u2013 \u200b\u200bLearn how we use cookies to improve your experience on our website and for your personal details security.","og_url":"https:\/\/taxusplus.fr\/en\/cookie-policy-eu\/","og_site_name":"TAXUS+ VTC","article_publisher":"https:\/\/www.facebook.com\/Taxusplus\/","article_modified_time":"2025-10-19T08:42:27+00:00","og_image":[{"width":1000,"height":720,"url":"https:\/\/taxusplus.fr\/wp-content\/uploads\/2023\/04\/seo-vtc-taxus.jpg","type":"image\/jpeg"}],"twitter_card":"summary_large_image","twitter_misc":{"Est. reading time":"5 minutes"},"schema":{"@context":"https:\/\/schema.org","@graph":[{"@type":"WebPage","@id":"https:\/\/taxusplus.fr\/en\/cookie-policy-eu\/","url":"https:\/\/taxusplus.fr\/en\/cookie-policy-eu\/","name":"Cookie policy (EU) | TAXUS+ VTC","isPartOf":{"@id":"https:\/\/taxusplus.fr\/en\/#website"},"primaryImageOfPage":{"@id":"https:\/\/taxusplus.fr\/en\/cookie-policy-eu\/#primaryimage"},"image":{"@id":"https:\/\/taxusplus.fr\/en\/cookie-policy-eu\/#primaryimage"},"thumbnailUrl":"https:\/\/taxusplus.fr\/wp-content\/uploads\/2023\/04\/seo-vtc-taxus.jpg","datePublished":"2023-04-16T11:09:29+00:00","dateModified":"2025-10-19T08:42:27+00:00","description":"TAXUS+ Cookie Policy \u2013 \u200b\u200bLearn how we use cookies to improve your experience on our website and for your personal details security.","breadcrumb":{"@id":"https:\/\/taxusplus.fr\/en\/cookie-policy-eu\/#breadcrumb"},"inLanguage":"en-US","potentialAction":[{"@type":"ReadAction","target":["https:\/\/taxusplus.fr\/en\/cookie-policy-eu\/"]}]},{"@type":"ImageObject","inLanguage":"en-US","@id":"https:\/\/taxusplus.fr\/en\/cookie-policy-eu\/#primaryimage","url":"https:\/\/taxusplus.fr\/wp-content\/uploads\/2023\/04\/seo-vtc-taxus.jpg","contentUrl":"https:\/\/taxusplus.fr\/wp-content\/uploads\/2023\/04\/seo-vtc-taxus.jpg","width":1000,"height":720,"caption":"VTC cannes r\u00e9server chauffeur Nice - monaco - cannes - antibes"},{"@type":"BreadcrumbList","@id":"https:\/\/taxusplus.fr\/en\/cookie-policy-eu\/#breadcrumb","itemListElement":[{"@type":"ListItem","position":1,"name":"Accueil","item":"https:\/\/taxusplus.fr\/en\/"},{"@type":"ListItem","position":2,"name":"Cookie policy (EU)"}]},{"@type":"WebSite","@id":"https:\/\/taxusplus.fr\/en\/#website","url":"https:\/\/taxusplus.fr\/en\/","name":"TAXUS+ VTC","description":"Chauffeur Priv\u00e9 &amp; Taxi VTC \u00e0 Cannes","publisher":{"@id":"https:\/\/taxusplus.fr\/en\/#organization"},"alternateName":"TAXUS+","potentialAction":[{"@type":"SearchAction","target":{"@type":"EntryPoint","urlTemplate":"https:\/\/taxusplus.fr\/en\/?s={search_term_string}"},"query-input":{"@type":"PropertyValueSpecification","valueRequired":true,"valueName":"search_term_string"}}],"inLanguage":"en-US"},{"@type":["Organization","Place"],"@id":"https:\/\/taxusplus.fr\/en\/#organization","name":"TAXUS+ | Chauffeur Priv\u00e9 et VTC Cannes","alternateName":"TAXUS+ | Service Taxi & VTC","url":"https:\/\/taxusplus.fr\/en\/","logo":{"@id":"https:\/\/taxusplus.fr\/en\/cookie-policy-eu\/#local-main-organization-logo"},"image":{"@id":"https:\/\/taxusplus.fr\/en\/cookie-policy-eu\/#local-main-organization-logo"},"sameAs":["https:\/\/www.facebook.com\/Taxusplus\/","https:\/\/www.instagram.com\/taxusplus\/"],"description":"Agence de chauffeur priv\u00e9 VTC et Taxi sur Cannes, disponible 24\/7 sur toute la C\u00f4te d\u2019Azur. Avec TAXUS+, profitez d\u2019un transport priv\u00e9 haut de gamme pour un confort optimal en toute occasion. Que ce soit un transfert depuis l\u2019a\u00e9roport de Nice, un rendez-vous \u00e0 Monaco, une soir\u00e9e \u00e0 Cannes ou une escapade \u00e0 Villefranche, TAXUS+ vous assure un trajet en toute s\u00e9r\u00e9nit\u00e9 et confort.","legalName":"Taxusplus","foundingDate":"2019-01-01","numberOfEmployees":{"@type":"QuantitativeValue","minValue":"11","maxValue":"50"},"publishingPrinciples":"https:\/\/taxusplus.fr\/en\/legal-information\/","ownershipFundingInfo":"https:\/\/taxusplus.fr\/en\/legal-information\/","actionableFeedbackPolicy":"https:\/\/taxusplus.fr\/politique-de-confidentialite\/","address":{"@id":"https:\/\/taxusplus.fr\/en\/cookie-policy-eu\/#local-main-place-address"},"telephone":["(+33)769790000"],"contactPoint":{"@type":"ContactPoint","telephone":"(+33)769790000","email":"contact@taxusplus.fr"},"openingHoursSpecification":{"@type":"OpeningHoursSpecification","dayOfWeek":["Monday","Tuesday","Wednesday","Thursday","Friday","Saturday","Sunday"],"opens":"00:00","closes":"23:59"},"email":"reservation@taxusplus.fr","areaServed":"Cannes, Cannet, Mandelieu, Antibes, Grasse, Cagne sur mer, Nice, St Tropez, Monaco"},{"@type":"PostalAddress","@id":"https:\/\/taxusplus.fr\/en\/cookie-policy-eu\/#local-main-place-address","streetAddress":"46 Avenue de la Roubine","addressLocality":"Cannes","postalCode":"06150","addressRegion":"France","addressCountry":"FR"},{"@type":"ImageObject","inLanguage":"en-US","@id":"https:\/\/taxusplus.fr\/en\/cookie-policy-eu\/#local-main-organization-logo","url":"https:\/\/taxusplus.fr\/wp-content\/uploads\/2024\/10\/cropped-favico-taxus.png","contentUrl":"https:\/\/taxusplus.fr\/wp-content\/uploads\/2024\/10\/cropped-favico-taxus.png","width":512,"height":512,"caption":"TAXUS+ | Chauffeur Priv\u00e9 et VTC Cannes"}]},"geo.placename":"Cannes","geo.region":"France"},"_links":{"self":[{"href":"https:\/\/taxusplus.fr\/en\/wp-json\/wp\/v2\/pages\/2295"}],"collection":[{"href":"https:\/\/taxusplus.fr\/en\/wp-json\/wp\/v2\/pages"}],"about":[{"href":"https:\/\/taxusplus.fr\/en\/wp-json\/wp\/v2\/types\/page"}],"author":[{"embeddable":true,"href":"https:\/\/taxusplus.fr\/en\/wp-json\/wp\/v2\/users\/1"}],"replies":[{"embeddable":true,"href":"https:\/\/taxusplus.fr\/en\/wp-json\/wp\/v2\/comments?post=2295"}],"version-history":[{"count":0,"href":"https:\/\/taxusplus.fr\/en\/wp-json\/wp\/v2\/pages\/2295\/revisions"}],"wp:featuredmedia":[{"embeddable":true,"href":"https:\/\/taxusplus.fr\/en\/wp-json\/wp\/v2\/media\/2261"}],"wp:attachment":[{"href":"https:\/\/taxusplus.fr\/en\/wp-json\/wp\/v2\/media?parent=2295"}],"curies":[{"name":"wp","href":"https:\/\/api.w.org\/{rel}","templated":true}]}}