{"id":2303,"date":"2023-04-16T13:32:51","date_gmt":"2023-04-16T11:32:51","guid":{"rendered":"https:\/\/taxusplus.fr\/privacy-policy\/"},"modified":"2025-10-19T15:24:21","modified_gmt":"2025-10-19T13:24:21","slug":"privacy-policy","status":"publish","type":"page","link":"https:\/\/taxusplus.fr\/en\/privacy-policy\/","title":{"rendered":"Privacy Policy"},"content":{"rendered":"<div class=\"wpb-content-wrapper\"><p>[vc_row content_placement=&#8221;middle&#8221;][vc_column][vc_empty_space alter_height=&#8221;huge&#8221; hide_on_mobile=&#8221;&#8221;][vc_column_text css=&#8221;&#8221;]<\/p>\n<h1 style=\"font-family: Raleway, sans-serif !important; font-size: 2.5rem !important; font-weight: 900 !important; font-style: normal !important; line-height: 1.29em !important; text-decoration: none !important; text-transform: none !important; letter-spacing: 0px !important; color: #343332 !important;\">Privacy Policy<\/h1>\n<p>La pr\u00e9sente politique de confidentialit\u00e9 d\u00e9crit la mani\u00e8re dont la soci\u00e9t\u00e9 TAXUS+ traite les donn\u00e9es personnelles collect\u00e9es sur son site Web.[\/vc_column_text][\/vc_column][\/vc_row][vc_row][vc_column icons_position=&#8221;left&#8221;][vc_empty_space height=&#8221;40px&#8221; hide_on_mobile=&#8221;&#8221; hide_on_desktop=&#8221;&#8221; hide_on_notebook=&#8221;&#8221; hide_on_tablet=&#8221;&#8221;][vc_empty_space height=&#8221;30px&#8221; hide_on_mobile=&#8221;1&#8243; hide_on_desktop=&#8221;&#8221; hide_on_notebook=&#8221;&#8221; hide_on_tablet=&#8221;&#8221;][\/vc_column][\/vc_row][vc_row hide_bg_image_on_tablet=&#8221;&#8221; hide_bg_image_on_mobile=&#8221;&#8221; css=&#8221;.vc_custom_1527690597112{background-color: #f7f8f9 !important;}&#8221;][vc_column icons_position=&#8221;left&#8221;]<div id=\"sc_content_737747636\"\n\t\tclass=\"sc_content sc_content_default sc_float_center p70\"><div class=\"sc_content_container\">[vc_column_text]<\/p>\n<h3 style=\"margin-top: 2em; color: #000000;\">Collection of personal data<\/h3>\n<p><span style=\"font-weight: 400;\">TAXUS+ may collect the following personal data when you use the website:<\/span><\/p>\n<ul>\n<li>Your last name, first name, e-mail address, postal address, telephone number.<\/li>\n<li>Your IP address and information about the device you are using to access the website.<\/li>\n<li>Your preferences and interests.<\/li>\n<\/ul>\n<h3 style=\"margin-top: 2em; color: #000000;\">Use of personal data<\/h3>\n<p><span style=\"font-weight: 400;\">TAXUS+ uses personal data collected on the website for the following purposes:<\/span><\/p>\n<ul>\n<li>To respond to your requests for information and bookings for private VTC cab services<\/li>\n<li>To improve our services and personalize your user experience<\/li>\n<li>To send you commercial and marketing communications if you have given your consent to receive such communications.<\/li>\n<\/ul>\n<h3 style=\"margin-top: 2em; color: #000000;\">Sharing personal data<\/h3>\n<p><span style=\"font-weight: 400;\">TAXUS+ does not share personal data collected on the website with third parties, unless this is necessary to respond to a request from you or to comply with a legal obligation.<\/span><\/p>\n<h3 style=\"margin-top: 2em; color: #000000;\">Storage and security of personal data<\/h3>\n<p><span style=\"font-weight: 400;\">TAXUS+ stores personal data collected on the website on secure servers. The company has implemented appropriate technical and organizational measures to protect personal data against unauthorized access, improper use or unauthorized disclosure.<\/span><\/p>\n<h3 style=\"margin-top: 2em; color: #000000;\">Retention period of personal data<\/h3>\n<p><span style=\"font-weight: 400;\">TAXUS+ retains personal data collected on the website for as long as necessary to fulfil the purposes for which it was collected, or in accordance with current legislation.<\/span><\/p>\n<h3 style=\"margin-top: 2em; color: #000000;\">Your rights<\/h3>\n<p><span style=\"font-weight: 400;\">In accordance with applicable data protection legislation, you have the right to access, rectify, delete or restrict the processing of your personal data. You also have the right to object to the processing of your personal data for direct marketing purposes. You can exercise this right by sending an email to the attention of Mr ESSID ANIS , at the following address: <a href=\"mailto:<a href=\"mailto:&#99;&#111;&#110;&#116;&#97;&#99;&#116;&#64;&#116;&#97;&#120;&#117;&#115;&#112;&#108;&#117;&#115;&#46;&#102;&#114;\">&#99;&#111;&#110;&#116;&#97;&#99;&#116;&#64;&#116;&#97;&#120;&#117;&#115;&#112;&#108;&#117;&#115;&#46;&#102;&#114;<\/a>\"><a href=\"mailto:&#99;&#111;&#110;&#116;&#97;&#99;&#116;&#64;&#116;&#97;&#120;&#117;&#115;&#112;&#108;&#117;&#115;&#46;&#102;&#114;\">&#99;&#111;&#110;&#116;&#97;&#99;&#116;&#64;&#116;&#97;&#120;&#117;&#115;&#112;&#108;&#117;&#115;&#46;&#102;&#114;<\/a><\/a><\/span><\/p>\n<h3 style=\"margin-top: 2em; color: #000000;\">Changes to the privacy policy<\/h3>\n<p><span style=\"font-weight: 400;\">TAXUS+ reserves the right to modify this privacy policy at any time. We encourage you to periodically review this privacy policy for any changes.<\/span><\/p>\n<h3 style=\"margin-top: 2em; color: #000000;\">Contact us<\/h3>\n<p><span style=\"font-weight: 400;\">If you have any questions or concerns about this privacy policy or the way TAXUS+ handles your personal data, you can exercise this right by sending an email to the attention of Mr ESSID ANIS , at the following address: <a href=\"mailto:<a href=\"mailto:&#99;&#111;&#110;&#116;&#97;&#99;&#116;&#64;&#116;&#97;&#120;&#117;&#115;&#112;&#108;&#117;&#115;&#46;&#102;&#114;\">&#99;&#111;&#110;&#116;&#97;&#99;&#116;&#64;&#116;&#97;&#120;&#117;&#115;&#112;&#108;&#117;&#115;&#46;&#102;&#114;<\/a>\"><a href=\"mailto:&#99;&#111;&#110;&#116;&#97;&#99;&#116;&#64;&#116;&#97;&#120;&#117;&#115;&#112;&#108;&#117;&#115;&#46;&#102;&#114;\">&#99;&#111;&#110;&#116;&#97;&#99;&#116;&#64;&#116;&#97;&#120;&#117;&#115;&#112;&#108;&#117;&#115;&#46;&#102;&#114;<\/a><\/a><\/span>[\/vc_column_text]<\/div><\/div><!-- \/.sc_content -->[vc_empty_space height=&#8221;4em&#8221; hide_on_mobile=&#8221;&#8221; hide_on_desktop=&#8221;&#8221; hide_on_notebook=&#8221;&#8221; hide_on_tablet=&#8221;&#8221;][\/vc_column][\/vc_row][vc_row full_width=&#8221;stretch_row&#8221; css=&#8221;.vc_custom_1680516322737{background-color: #ffffff !important;}&#8221;][vc_column css=&#8221;.vc_custom_1680899495548{background-color: #ffffff !important;}&#8221;][vc_text_separator title=&#8221;We look forward to seeing you on the road!&#8221;][\/vc_column][\/vc_row]<\/p>\n<\/div>","protected":false},"excerpt":{"rendered":"<p>[vc_row content_placement=&#8221;middle&#8221;][vc_column][vc_empty_space alter_height=&#8221;huge&#8221; hide_on_mobile=&#8221;&#8221;][vc_column_text css=&#8221;&#8221;] Privacy Policy La pr\u00e9sente politique de confidentialit\u00e9 d\u00e9crit la mani\u00e8re dont la soci\u00e9t\u00e9 TAXUS+ traite les donn\u00e9es personnelles collect\u00e9es sur son site Web.[\/vc_column_text][\/vc_column][\/vc_row][vc_row][vc_column icons_position=&#8221;left&#8221;][vc_empty_space height=&#8221;40px&#8221; hide_on_mobile=&#8221;&#8221; hide_on_desktop=&#8221;&#8221; hide_on_notebook=&#8221;&#8221; hide_on_tablet=&#8221;&#8221;][vc_empty_space height=&#8221;30px&#8221; hide_on_mobile=&#8221;1&#8243; hide_on_desktop=&#8221;&#8221; hide_on_notebook=&#8221;&#8221; hide_on_tablet=&#8221;&#8221;][\/vc_column][\/vc_row][vc_row hide_bg_image_on_tablet=&#8221;&#8221; hide_bg_image_on_mobile=&#8221;&#8221; css=&#8221;.vc_custom_1527690597112{background-color: #f7f8f9 !important;}&#8221;][vc_column icons_position=&#8221;left&#8221;][vc_empty_space height=&#8221;4em&#8221; hide_on_mobile=&#8221;&#8221; hide_on_desktop=&#8221;&#8221; hide_on_notebook=&#8221;&#8221; hide_on_tablet=&#8221;&#8221;][\/vc_column][\/vc_row][vc_row full_width=&#8221;stretch_row&#8221; css=&#8221;.vc_custom_1680516322737{background-color: #ffffff !important;}&#8221;][vc_column css=&#8221;.vc_custom_1680899495548{background-color: #ffffff !important;}&#8221;][vc_text_separator title=&#8221;We look forward to seeing you on the road!&#8221;][\/vc_column][\/vc_row]<\/p>\n","protected":false},"author":1,"featured_media":2261,"parent":0,"menu_order":0,"comment_status":"closed","ping_status":"closed","template":"","meta":{"footnotes":""},"class_list":["post-2303","page","type-page","status-publish","has-post-thumbnail","hentry"],"yoast_head":"<!-- This site is optimized with the Yoast SEO Premium plugin v25.6 (Yoast SEO v25.6) - https:\/\/yoast.com\/wordpress\/plugins\/seo\/ -->\n<title>Privacy Policy | TAXUS+ VTC<\/title>\n<meta name=\"robots\" content=\"noindex, nofollow\" \/>\n<meta property=\"og:locale\" content=\"en_US\" \/>\n<meta property=\"og:type\" content=\"article\" \/>\n<meta property=\"og:title\" content=\"Privacy Policy\" \/>\n<meta property=\"og:description\" content=\"[vc_row content_placement=&#8221;middle&#8221;][vc_column][vc_empty_space alter_height=&#8221;huge&#8221; hide_on_mobile=&#8221;&#8221;][vc_column_text css=&#8221;&#8221;] Privacy Policy La pr\u00e9sente politique de confidentialit\u00e9 d\u00e9crit la mani\u00e8re dont la soci\u00e9t\u00e9 TAXUS+ traite les donn\u00e9es personnelles collect\u00e9es sur son site Web.[\/vc_column_text][\/vc_column][\/vc_row][vc_row][vc_column icons_position=&#8221;left&#8221;][vc_empty_space height=&#8221;40px&#8221; hide_on_mobile=&#8221;&#8221; hide_on_desktop=&#8221;&#8221; hide_on_notebook=&#8221;&#8221; hide_on_tablet=&#8221;&#8221;][vc_empty_space height=&#8221;30px&#8221; hide_on_mobile=&#8221;1&#8243; hide_on_desktop=&#8221;&#8221; hide_on_notebook=&#8221;&#8221; hide_on_tablet=&#8221;&#8221;][\/vc_column][\/vc_row][vc_row hide_bg_image_on_tablet=&#8221;&#8221; hide_bg_image_on_mobile=&#8221;&#8221; css=&#8221;.vc_custom_1527690597112{background-color: #f7f8f9 !important;}&#8221;][vc_column icons_position=&#8221;left&#8221;][vc_empty_space height=&#8221;4em&#8221; hide_on_mobile=&#8221;&#8221; hide_on_desktop=&#8221;&#8221; hide_on_notebook=&#8221;&#8221; hide_on_tablet=&#8221;&#8221;][\/vc_column][\/vc_row][vc_row full_width=&#8221;stretch_row&#8221; css=&#8221;.vc_custom_1680516322737{background-color: #ffffff !important;}&#8221;][vc_column css=&#8221;.vc_custom_1680899495548{background-color: #ffffff !important;}&#8221;][vc_text_separator title=&#8221;We look forward to seeing you on the road!&#8221;][\/vc_column][\/vc_row]\" \/>\n<meta property=\"og:url\" content=\"https:\/\/taxusplus.fr\/en\/privacy-policy\/\" \/>\n<meta property=\"og:site_name\" content=\"TAXUS+ VTC\" \/>\n<meta property=\"article:publisher\" content=\"https:\/\/www.facebook.com\/Taxusplus\/\" \/>\n<meta property=\"article:modified_time\" content=\"2025-10-19T13:24:21+00:00\" \/>\n<meta property=\"og:image\" content=\"https:\/\/taxusplus.fr\/wp-content\/uploads\/2023\/04\/seo-vtc-taxus.jpg\" \/>\n\t<meta property=\"og:image:width\" content=\"1000\" \/>\n\t<meta property=\"og:image:height\" content=\"720\" \/>\n\t<meta property=\"og:image:type\" content=\"image\/jpeg\" \/>\n<meta name=\"twitter:card\" content=\"summary_large_image\" \/>\n<meta name=\"twitter:label1\" content=\"Est. reading time\" \/>\n\t<meta name=\"twitter:data1\" content=\"2 minutes\" \/>\n<script type=\"application\/ld+json\" class=\"yoast-schema-graph\">{\"@context\":\"https:\/\/schema.org\",\"@graph\":[{\"@type\":\"WebPage\",\"@id\":\"https:\/\/taxusplus.fr\/en\/privacy-policy\/\",\"url\":\"https:\/\/taxusplus.fr\/en\/privacy-policy\/\",\"name\":\"Privacy Policy | TAXUS+ VTC\",\"isPartOf\":{\"@id\":\"https:\/\/taxusplus.fr\/en\/#website\"},\"primaryImageOfPage\":{\"@id\":\"https:\/\/taxusplus.fr\/en\/privacy-policy\/#primaryimage\"},\"image\":{\"@id\":\"https:\/\/taxusplus.fr\/en\/privacy-policy\/#primaryimage\"},\"thumbnailUrl\":\"https:\/\/taxusplus.fr\/wp-content\/uploads\/2023\/04\/seo-vtc-taxus.jpg\",\"datePublished\":\"2023-04-16T11:32:51+00:00\",\"dateModified\":\"2025-10-19T13:24:21+00:00\",\"breadcrumb\":{\"@id\":\"https:\/\/taxusplus.fr\/en\/privacy-policy\/#breadcrumb\"},\"inLanguage\":\"en-US\",\"potentialAction\":[{\"@type\":\"ReadAction\",\"target\":[\"https:\/\/taxusplus.fr\/en\/privacy-policy\/\"]}]},{\"@type\":\"ImageObject\",\"inLanguage\":\"en-US\",\"@id\":\"https:\/\/taxusplus.fr\/en\/privacy-policy\/#primaryimage\",\"url\":\"https:\/\/taxusplus.fr\/wp-content\/uploads\/2023\/04\/seo-vtc-taxus.jpg\",\"contentUrl\":\"https:\/\/taxusplus.fr\/wp-content\/uploads\/2023\/04\/seo-vtc-taxus.jpg\",\"width\":1000,\"height\":720,\"caption\":\"VTC cannes r\u00e9server chauffeur Nice - monaco - cannes - antibes\"},{\"@type\":\"BreadcrumbList\",\"@id\":\"https:\/\/taxusplus.fr\/en\/privacy-policy\/#breadcrumb\",\"itemListElement\":[{\"@type\":\"ListItem\",\"position\":1,\"name\":\"Accueil\",\"item\":\"https:\/\/taxusplus.fr\/en\/\"},{\"@type\":\"ListItem\",\"position\":2,\"name\":\"Privacy Policy\"}]},{\"@type\":\"WebSite\",\"@id\":\"https:\/\/taxusplus.fr\/en\/#website\",\"url\":\"https:\/\/taxusplus.fr\/en\/\",\"name\":\"TAXUS+ VTC\",\"description\":\"Chauffeur Priv\u00e9 &amp; Taxi VTC \u00e0 Cannes\",\"publisher\":{\"@id\":\"https:\/\/taxusplus.fr\/en\/#organization\"},\"alternateName\":\"TAXUS+\",\"potentialAction\":[{\"@type\":\"SearchAction\",\"target\":{\"@type\":\"EntryPoint\",\"urlTemplate\":\"https:\/\/taxusplus.fr\/en\/?s={search_term_string}\"},\"query-input\":{\"@type\":\"PropertyValueSpecification\",\"valueRequired\":true,\"valueName\":\"search_term_string\"}}],\"inLanguage\":\"en-US\"},{\"@type\":[\"Organization\",\"Place\"],\"@id\":\"https:\/\/taxusplus.fr\/en\/#organization\",\"name\":\"TAXUS+ | Chauffeur Priv\u00e9 et VTC Cannes\",\"alternateName\":\"TAXUS+ | Service Taxi & VTC\",\"url\":\"https:\/\/taxusplus.fr\/en\/\",\"logo\":{\"@id\":\"https:\/\/taxusplus.fr\/en\/privacy-policy\/#local-main-organization-logo\"},\"image\":{\"@id\":\"https:\/\/taxusplus.fr\/en\/privacy-policy\/#local-main-organization-logo\"},\"sameAs\":[\"https:\/\/www.facebook.com\/Taxusplus\/\",\"https:\/\/www.instagram.com\/taxusplus\/\"],\"description\":\"Agence de chauffeur priv\u00e9 VTC et Taxi sur Cannes, disponible 24\/7 sur toute la C\u00f4te d\u2019Azur. Avec TAXUS+, profitez d\u2019un transport priv\u00e9 haut de gamme pour un confort optimal en toute occasion. Que ce soit un transfert depuis l\u2019a\u00e9roport de Nice, un rendez-vous \u00e0 Monaco, une soir\u00e9e \u00e0 Cannes ou une escapade \u00e0 Villefranche, TAXUS+ vous assure un trajet en toute s\u00e9r\u00e9nit\u00e9 et confort.\",\"legalName\":\"Taxusplus\",\"foundingDate\":\"2019-01-01\",\"numberOfEmployees\":{\"@type\":\"QuantitativeValue\",\"minValue\":\"11\",\"maxValue\":\"50\"},\"publishingPrinciples\":\"https:\/\/taxusplus.fr\/en\/legal-information\/\",\"ownershipFundingInfo\":\"https:\/\/taxusplus.fr\/en\/legal-information\/\",\"actionableFeedbackPolicy\":\"https:\/\/taxusplus.fr\/politique-de-confidentialite\/\",\"address\":{\"@id\":\"https:\/\/taxusplus.fr\/en\/privacy-policy\/#local-main-place-address\"},\"telephone\":[\"(+33)769790000\"],\"contactPoint\":{\"@type\":\"ContactPoint\",\"telephone\":\"(+33)769790000\",\"email\":\"contact@taxusplus.fr\"},\"openingHoursSpecification\":{\"@type\":\"OpeningHoursSpecification\",\"dayOfWeek\":[\"Monday\",\"Tuesday\",\"Wednesday\",\"Thursday\",\"Friday\",\"Saturday\",\"Sunday\"],\"opens\":\"00:00\",\"closes\":\"23:59\"},\"email\":\"reservation@taxusplus.fr\",\"areaServed\":\"Cannes, Cannet, Mandelieu, Antibes, Grasse, Cagne sur mer, Nice, St Tropez, Monaco\"},{\"@type\":\"PostalAddress\",\"@id\":\"https:\/\/taxusplus.fr\/en\/privacy-policy\/#local-main-place-address\",\"streetAddress\":\"46 Avenue de la Roubine\",\"addressLocality\":\"Cannes\",\"postalCode\":\"06150\",\"addressRegion\":\"France\",\"addressCountry\":\"FR\"},{\"@type\":\"ImageObject\",\"inLanguage\":\"en-US\",\"@id\":\"https:\/\/taxusplus.fr\/en\/privacy-policy\/#local-main-organization-logo\",\"url\":\"https:\/\/taxusplus.fr\/wp-content\/uploads\/2024\/10\/cropped-favico-taxus.png\",\"contentUrl\":\"https:\/\/taxusplus.fr\/wp-content\/uploads\/2024\/10\/cropped-favico-taxus.png\",\"width\":512,\"height\":512,\"caption\":\"TAXUS+ | Chauffeur Priv\u00e9 et VTC Cannes\"}]}<\/script>\n<meta name=\"geo.placename\" content=\"Cannes\" \/>\n<meta name=\"geo.region\" content=\"France\" \/>\n<!-- \/ Yoast SEO Premium plugin. -->","yoast_head_json":{"title":"Privacy Policy | TAXUS+ VTC","robots":{"index":"noindex","follow":"nofollow"},"og_locale":"en_US","og_type":"article","og_title":"Privacy Policy","og_description":"[vc_row content_placement=&#8221;middle&#8221;][vc_column][vc_empty_space alter_height=&#8221;huge&#8221; hide_on_mobile=&#8221;&#8221;][vc_column_text css=&#8221;&#8221;] Privacy Policy La pr\u00e9sente politique de confidentialit\u00e9 d\u00e9crit la mani\u00e8re dont la soci\u00e9t\u00e9 TAXUS+ traite les donn\u00e9es personnelles collect\u00e9es sur son site Web.[\/vc_column_text][\/vc_column][\/vc_row][vc_row][vc_column icons_position=&#8221;left&#8221;][vc_empty_space height=&#8221;40px&#8221; hide_on_mobile=&#8221;&#8221; hide_on_desktop=&#8221;&#8221; hide_on_notebook=&#8221;&#8221; hide_on_tablet=&#8221;&#8221;][vc_empty_space height=&#8221;30px&#8221; hide_on_mobile=&#8221;1&#8243; hide_on_desktop=&#8221;&#8221; hide_on_notebook=&#8221;&#8221; hide_on_tablet=&#8221;&#8221;][\/vc_column][\/vc_row][vc_row hide_bg_image_on_tablet=&#8221;&#8221; hide_bg_image_on_mobile=&#8221;&#8221; css=&#8221;.vc_custom_1527690597112{background-color: #f7f8f9 !important;}&#8221;][vc_column icons_position=&#8221;left&#8221;][vc_empty_space height=&#8221;4em&#8221; hide_on_mobile=&#8221;&#8221; hide_on_desktop=&#8221;&#8221; hide_on_notebook=&#8221;&#8221; hide_on_tablet=&#8221;&#8221;][\/vc_column][\/vc_row][vc_row full_width=&#8221;stretch_row&#8221; css=&#8221;.vc_custom_1680516322737{background-color: #ffffff !important;}&#8221;][vc_column css=&#8221;.vc_custom_1680899495548{background-color: #ffffff !important;}&#8221;][vc_text_separator title=&#8221;We look forward to seeing you on the road!&#8221;][\/vc_column][\/vc_row]","og_url":"https:\/\/taxusplus.fr\/en\/privacy-policy\/","og_site_name":"TAXUS+ VTC","article_publisher":"https:\/\/www.facebook.com\/Taxusplus\/","article_modified_time":"2025-10-19T13:24:21+00:00","og_image":[{"width":1000,"height":720,"url":"https:\/\/taxusplus.fr\/wp-content\/uploads\/2023\/04\/seo-vtc-taxus.jpg","type":"image\/jpeg"}],"twitter_card":"summary_large_image","twitter_misc":{"Est. reading time":"2 minutes"},"schema":{"@context":"https:\/\/schema.org","@graph":[{"@type":"WebPage","@id":"https:\/\/taxusplus.fr\/en\/privacy-policy\/","url":"https:\/\/taxusplus.fr\/en\/privacy-policy\/","name":"Privacy Policy | TAXUS+ VTC","isPartOf":{"@id":"https:\/\/taxusplus.fr\/en\/#website"},"primaryImageOfPage":{"@id":"https:\/\/taxusplus.fr\/en\/privacy-policy\/#primaryimage"},"image":{"@id":"https:\/\/taxusplus.fr\/en\/privacy-policy\/#primaryimage"},"thumbnailUrl":"https:\/\/taxusplus.fr\/wp-content\/uploads\/2023\/04\/seo-vtc-taxus.jpg","datePublished":"2023-04-16T11:32:51+00:00","dateModified":"2025-10-19T13:24:21+00:00","breadcrumb":{"@id":"https:\/\/taxusplus.fr\/en\/privacy-policy\/#breadcrumb"},"inLanguage":"en-US","potentialAction":[{"@type":"ReadAction","target":["https:\/\/taxusplus.fr\/en\/privacy-policy\/"]}]},{"@type":"ImageObject","inLanguage":"en-US","@id":"https:\/\/taxusplus.fr\/en\/privacy-policy\/#primaryimage","url":"https:\/\/taxusplus.fr\/wp-content\/uploads\/2023\/04\/seo-vtc-taxus.jpg","contentUrl":"https:\/\/taxusplus.fr\/wp-content\/uploads\/2023\/04\/seo-vtc-taxus.jpg","width":1000,"height":720,"caption":"VTC cannes r\u00e9server chauffeur Nice - monaco - cannes - antibes"},{"@type":"BreadcrumbList","@id":"https:\/\/taxusplus.fr\/en\/privacy-policy\/#breadcrumb","itemListElement":[{"@type":"ListItem","position":1,"name":"Accueil","item":"https:\/\/taxusplus.fr\/en\/"},{"@type":"ListItem","position":2,"name":"Privacy Policy"}]},{"@type":"WebSite","@id":"https:\/\/taxusplus.fr\/en\/#website","url":"https:\/\/taxusplus.fr\/en\/","name":"TAXUS+ VTC","description":"Chauffeur Priv\u00e9 &amp; Taxi VTC \u00e0 Cannes","publisher":{"@id":"https:\/\/taxusplus.fr\/en\/#organization"},"alternateName":"TAXUS+","potentialAction":[{"@type":"SearchAction","target":{"@type":"EntryPoint","urlTemplate":"https:\/\/taxusplus.fr\/en\/?s={search_term_string}"},"query-input":{"@type":"PropertyValueSpecification","valueRequired":true,"valueName":"search_term_string"}}],"inLanguage":"en-US"},{"@type":["Organization","Place"],"@id":"https:\/\/taxusplus.fr\/en\/#organization","name":"TAXUS+ | Chauffeur Priv\u00e9 et VTC Cannes","alternateName":"TAXUS+ | Service Taxi & VTC","url":"https:\/\/taxusplus.fr\/en\/","logo":{"@id":"https:\/\/taxusplus.fr\/en\/privacy-policy\/#local-main-organization-logo"},"image":{"@id":"https:\/\/taxusplus.fr\/en\/privacy-policy\/#local-main-organization-logo"},"sameAs":["https:\/\/www.facebook.com\/Taxusplus\/","https:\/\/www.instagram.com\/taxusplus\/"],"description":"Agence de chauffeur priv\u00e9 VTC et Taxi sur Cannes, disponible 24\/7 sur toute la C\u00f4te d\u2019Azur. Avec TAXUS+, profitez d\u2019un transport priv\u00e9 haut de gamme pour un confort optimal en toute occasion. Que ce soit un transfert depuis l\u2019a\u00e9roport de Nice, un rendez-vous \u00e0 Monaco, une soir\u00e9e \u00e0 Cannes ou une escapade \u00e0 Villefranche, TAXUS+ vous assure un trajet en toute s\u00e9r\u00e9nit\u00e9 et confort.","legalName":"Taxusplus","foundingDate":"2019-01-01","numberOfEmployees":{"@type":"QuantitativeValue","minValue":"11","maxValue":"50"},"publishingPrinciples":"https:\/\/taxusplus.fr\/en\/legal-information\/","ownershipFundingInfo":"https:\/\/taxusplus.fr\/en\/legal-information\/","actionableFeedbackPolicy":"https:\/\/taxusplus.fr\/politique-de-confidentialite\/","address":{"@id":"https:\/\/taxusplus.fr\/en\/privacy-policy\/#local-main-place-address"},"telephone":["(+33)769790000"],"contactPoint":{"@type":"ContactPoint","telephone":"(+33)769790000","email":"contact@taxusplus.fr"},"openingHoursSpecification":{"@type":"OpeningHoursSpecification","dayOfWeek":["Monday","Tuesday","Wednesday","Thursday","Friday","Saturday","Sunday"],"opens":"00:00","closes":"23:59"},"email":"reservation@taxusplus.fr","areaServed":"Cannes, Cannet, Mandelieu, Antibes, Grasse, Cagne sur mer, Nice, St Tropez, Monaco"},{"@type":"PostalAddress","@id":"https:\/\/taxusplus.fr\/en\/privacy-policy\/#local-main-place-address","streetAddress":"46 Avenue de la Roubine","addressLocality":"Cannes","postalCode":"06150","addressRegion":"France","addressCountry":"FR"},{"@type":"ImageObject","inLanguage":"en-US","@id":"https:\/\/taxusplus.fr\/en\/privacy-policy\/#local-main-organization-logo","url":"https:\/\/taxusplus.fr\/wp-content\/uploads\/2024\/10\/cropped-favico-taxus.png","contentUrl":"https:\/\/taxusplus.fr\/wp-content\/uploads\/2024\/10\/cropped-favico-taxus.png","width":512,"height":512,"caption":"TAXUS+ | Chauffeur Priv\u00e9 et VTC Cannes"}]},"geo.placename":"Cannes","geo.region":"France"},"_links":{"self":[{"href":"https:\/\/taxusplus.fr\/en\/wp-json\/wp\/v2\/pages\/2303"}],"collection":[{"href":"https:\/\/taxusplus.fr\/en\/wp-json\/wp\/v2\/pages"}],"about":[{"href":"https:\/\/taxusplus.fr\/en\/wp-json\/wp\/v2\/types\/page"}],"author":[{"embeddable":true,"href":"https:\/\/taxusplus.fr\/en\/wp-json\/wp\/v2\/users\/1"}],"replies":[{"embeddable":true,"href":"https:\/\/taxusplus.fr\/en\/wp-json\/wp\/v2\/comments?post=2303"}],"version-history":[{"count":0,"href":"https:\/\/taxusplus.fr\/en\/wp-json\/wp\/v2\/pages\/2303\/revisions"}],"wp:featuredmedia":[{"embeddable":true,"href":"https:\/\/taxusplus.fr\/en\/wp-json\/wp\/v2\/media\/2261"}],"wp:attachment":[{"href":"https:\/\/taxusplus.fr\/en\/wp-json\/wp\/v2\/media?parent=2303"}],"curies":[{"name":"wp","href":"https:\/\/api.w.org\/{rel}","templated":true}]}}