{"id":2309,"date":"2023-05-11T11:44:36","date_gmt":"2023-05-11T09:44:36","guid":{"rendered":"https:\/\/taxusplus.fr\/terms-and-conditions-of-sale\/"},"modified":"2025-10-19T15:23:18","modified_gmt":"2025-10-19T13:23:18","slug":"terms-and-conditions-of-sale","status":"publish","type":"page","link":"https:\/\/taxusplus.fr\/en\/terms-and-conditions-of-sale\/","title":{"rendered":"Terms and conditions of sale"},"content":{"rendered":"<div class=\"wpb-content-wrapper\"><p>[vc_row content_placement=&#8221;middle&#8221;][vc_column][vc_empty_space alter_height=&#8221;huge&#8221; hide_on_mobile=&#8221;&#8221;][vc_column_text css=&#8221;&#8221;]<\/p>\n<h1 style=\"font-family: Raleway, sans-serif !important; font-size: 2.5rem !important; font-weight: 900 !important; font-style: normal !important; line-height: 1.29em !important; text-decoration: none !important; text-transform: none !important; letter-spacing: 0px !important; color: #343332 !important; text-align: center;\">Sale Terms and Conditions<\/h1>\n<p>[\/vc_column_text][\/vc_column][\/vc_row][vc_row][vc_column icons_position=&#8221;left&#8221;][vc_empty_space height=&#8221;40px&#8221; hide_on_mobile=&#8221;&#8221; hide_on_desktop=&#8221;&#8221; hide_on_notebook=&#8221;&#8221; hide_on_tablet=&#8221;&#8221;][vc_empty_space height=&#8221;30px&#8221; hide_on_mobile=&#8221;1&#8243; hide_on_desktop=&#8221;&#8221; hide_on_notebook=&#8221;&#8221; hide_on_tablet=&#8221;&#8221;][\/vc_column][\/vc_row][vc_row hide_bg_image_on_tablet=&#8221;&#8221; hide_bg_image_on_mobile=&#8221;&#8221; css=&#8221;.vc_custom_1527690597112{background-color: #f7f8f9 !important;}&#8221;][vc_column width=&#8221;1\/2&#8243; icons_position=&#8221;left&#8221;]<div id=\"sc_content_1484281821\"\n\t\tclass=\"sc_content sc_content_default sc_float_center p70\"><div class=\"sc_content_container\">[vc_column_text]<\/p>\n<h3 style=\"margin-top: 2em; color: #000000;\">Article 01:<\/h3>\n<p><span style=\"font-weight: 400;\">All transfers will be provided except in the event of severe weather conditions closing the main roads on the C\u00f4te d&#8217;Azur.<\/span><\/p>\n<h3 style=\"margin-top: 2em; color: #000000;\">Article 02:<\/h3>\n<p><span style=\"font-weight: 400;\">If one of our vehicles is unavailable, a similar vehicle of the same class will be assigned to the passenger.<\/span><\/p>\n<h3 style=\"margin-top: 2em; color: #000000;\">Article 03:<\/h3>\n<p><span style=\"font-weight: 400;\">All passengers must respect the reservation of their journey.<\/span><\/p>\n<h3 style=\"margin-top: 2em; color: #000000;\">Article 04:<\/h3>\n<p><span style=\"font-weight: 400;\">Reservations can be modified or cancelled up to 1 hour before pick-up.<\/span><\/p>\n<h3 style=\"margin-top: 2em; color: #000000;\">Item 05:<\/h3>\n<p><span style=\"font-weight: 400;\">Any reservation not cancelled by email or message 1 hour before the journey will be invoiced in full.<\/span><\/p>\n<h3 style=\"margin-top: 2em; color: #000000;\">Article 06:<\/h3>\n<p><span style=\"font-weight: 400;\">It is strictly forbidden to smoke and\/or eat on board our vehicles.<\/span><\/p>\n<h3 style=\"margin-top: 2em; color: #000000;\">Article 07:<\/h3>\n<p><span style=\"font-weight: 400;\">All passengers, including children, must fasten their seatbelts at all times, without being asked to do so by the driver.<\/span><\/p>\n<h3 style=\"margin-top: 2em; color: #000000;\">Article 08:<\/h3>\n<p><span style=\"font-weight: 400;\">A request must be made at the time of booking for any passenger requiring a car seat. If you don&#8217;t mention it, and you don&#8217;t have your own car seat, transport will be cancelled and charged in full.<\/span><\/p>\n<h3 style=\"margin-top: 2em; color: #000000;\">Article 09:<\/h3>\n<p><span style=\"font-weight: 400;\">The customer must be reachable on his cell phone number 15 minutes before the trip.<\/span><\/p>\n<h3 style=\"margin-top: 2em; color: #000000;\">Article 10:<\/h3>\n<p><span style=\"font-weight: 400;\">The applicable fare is the fare accepted by the passenger in advance on the day of booking.<\/span><\/p>\n<h3 style=\"margin-top: 2em; color: #000000;\">Article 11:<\/h3>\n<p><span style=\"font-weight: 400;\">Pick-ups are made at the exact address indicated by the passenger.<\/span><\/p>\n<h3 style=\"margin-top: 2em; color: #000000;\">Article 12:<\/h3>\n<p><span style=\"font-weight: 400;\">Online booking made on website or by e-mail are only valid once you have received our booking confirmation.<\/span><\/p>\n<h3 style=\"margin-top: 2em; color: #000000;\">Article 13:<\/h3>\n<p><span style=\"font-weight: 400;\">TAXUS+ excludes all liability incase of an unreported error in entering information while booking.<\/span><\/p>\n<h3 style=\"margin-top: 2em; color: #000000;\">Article 14:<\/h3>\n<p><span style=\"font-weight: 400;\">Pick-up times must be respected. If you are running late, please contact us.<\/span><\/p>\n<h3 style=\"margin-top: 2em; color: #000000;\">Article 15:<\/h3>\n<p><span style=\"font-weight: 400;\">Any delay by the passenger on the day of departure at the scheduled meeting point is free of charge within reasonable limits, beyond which the trip may be cancelled and billed in full.<\/span><\/p>\n<h3 style=\"margin-top: 2em; color: #000000;\">Article 16:<\/h3>\n<p><span style=\"font-weight: 400;\">Pets are accepted in cages or hand luggage for small dogs\/cats.<\/span>[\/vc_column_text]<\/div><\/div><!-- \/.sc_content -->[vc_empty_space height=&#8221;4em&#8221; hide_on_mobile=&#8221;&#8221; hide_on_desktop=&#8221;&#8221; hide_on_notebook=&#8221;&#8221; hide_on_tablet=&#8221;&#8221;][\/vc_column][vc_column width=&#8221;1\/2&#8243;][vc_column_text]<\/p>\n<h3 style=\"margin-top: 2em; color: #000000;\">Article 17:<\/h3>\n<p><span style=\"font-weight: 400;\">A request must be made at the time of booking for any traveller travelling with a pet requiring a protective cover. If you haven&#8217;t mentioned it, and you don&#8217;t have your own cage, transport may be cancelled and charged in full.<\/span><\/p>\n<h3 style=\"margin-top: 2em; color: #000000;\">Article 18:<\/h3>\n<p><span style=\"font-weight: 400;\">incase of flight or train chnage, it is imperative to contact TAXUS+, which cannot be kept informed other than by the passenger.<\/span><\/p>\n<h3 style=\"margin-top: 2em; color: #000000;\">Article 19:<\/h3>\n<p><span style=\"font-weight: 400;\">TAXUS+ accepts bookings via its website or by email for more than 24 hours. After this time, please contact us by phone or whatsapp.<\/span><\/p>\n<h3 style=\"margin-top: 2em; color: #000000;\">Article 20:<\/h3>\n<p><span style=\"font-weight: 400;\">Our drivers reserve the right to refuse any passenger on the grounds of abnormal behavior that could jeopardize the tranquility of the trip.<\/span><\/p>\n<h3 style=\"margin-top: 2em; color: #000000;\">Article 21:<\/h3>\n<p><span style=\"font-weight: 400;\">Any damage caused by the passenger in the vehicle may be billed.<\/span><\/p>\n<h3 style=\"margin-top: 2em; color: #000000;\">Article 22:<\/h3>\n<p><span style=\"font-weight: 400;\">TAXUS+ cannot be held responsible for delays in pick-up due to bad weather or traffic conditions.<\/span><\/p>\n<h3 style=\"margin-top: 2em; color: #000000;\">Article 23:<\/h3>\n<p><span style=\"font-weight: 400;\">TAXUS+ cannot be held responsible incase of missed flight or train due to a delay in pick-up or due to bad weather or traffic conditions.<\/span><\/p>\n<h3 style=\"margin-top: 2em; color: #000000;\">Article 24:<\/h3>\n<p><span style=\"font-weight: 400;\">TAXUS+ cannot be held responsible for any damage resulting from delays in pick-up.<\/span><\/p>\n<h3 style=\"margin-top: 2em; color: #000000;\">Article 25:<\/h3>\n<p><span style=\"font-weight: 400;\">A declaration must be made at the time of booking for any bulky baggage. If you don&#8217;t mention it, and the vehicle can&#8217;t handle it, the transport will be considered unfeasible and will be invoiced in full.<\/span><\/p>\n<h3 style=\"margin-top: 2em; color: #000000;\">Article 26:<\/h3>\n<p><span style=\"font-weight: 400;\">TAXUS+ cannot be held responsible for any damage to luggage or fragile items during the journey.<\/span><\/p>\n<h3 style=\"margin-top: 2em; color: #000000;\">Article 27:<\/h3>\n<p><span style=\"font-weight: 400;\">At the end of each trip, each passenger must check before leaving the vehicle that he\/she has all his\/her luggage and personal belongings.<\/span><\/p>\n<h3 style=\"margin-top: 2em; color: #000000;\">Article 28:<\/h3>\n<p><span style=\"font-weight: 400;\">TAXUS+ is in no way responsible for objects and\/or luggage left in the vehicle.<\/span><\/p>\n<h3 style=\"margin-top: 2em; color: #000000;\">Article 29:<\/h3>\n<p><span style=\"font-weight: 400;\">For all reservations, a deposit or full payment may be required on confirmation of booking.<\/span><\/p>\n<h3 style=\"margin-top: 2em; color: #000000;\">Article 30:<\/h3>\n<p><span style=\"font-weight: 400;\">Payment for a round trip will be made at the end of each journey.<\/span><\/p>\n<h3 style=\"margin-top: 2em; color: #000000;\">Article 31:<\/h3>\n<p><span style=\"font-weight: 400;\">For telephone bookings, payment by cash or credit card will be offered on board the vehicle.<\/span><\/p>\n<h3 style=\"margin-top: 2em; color: #000000;\">Article 32:<\/h3>\n<p><span style=\"font-weight: 400;\">Confirmation of a reservation or payment for a trip implies acceptance of our general terms and conditions of sale.<\/span>[\/vc_column_text][\/vc_column][\/vc_row][vc_row full_width=&#8221;stretch_row&#8221; css=&#8221;.vc_custom_1680516322737{background-color: #ffffff !important;}&#8221;][vc_column css=&#8221;.vc_custom_1680899495548{background-color: #ffffff !important;}&#8221;][vc_text_separator title=&#8221;Looking forward to seeing you aboard our cars on the road!&#8221;][\/vc_column][\/vc_row]<\/p>\n<\/div>","protected":false},"excerpt":{"rendered":"<p>[vc_row content_placement=&#8221;middle&#8221;][vc_column][vc_empty_space alter_height=&#8221;huge&#8221; hide_on_mobile=&#8221;&#8221;][vc_column_text css=&#8221;&#8221;] Sale Terms and Conditions [\/vc_column_text][\/vc_column][\/vc_row][vc_row][vc_column icons_position=&#8221;left&#8221;][vc_empty_space height=&#8221;40px&#8221; hide_on_mobile=&#8221;&#8221; hide_on_desktop=&#8221;&#8221; hide_on_notebook=&#8221;&#8221; hide_on_tablet=&#8221;&#8221;][vc_empty_space height=&#8221;30px&#8221; hide_on_mobile=&#8221;1&#8243; hide_on_desktop=&#8221;&#8221; hide_on_notebook=&#8221;&#8221; hide_on_tablet=&#8221;&#8221;][\/vc_column][\/vc_row][vc_row hide_bg_image_on_tablet=&#8221;&#8221; hide_bg_image_on_mobile=&#8221;&#8221; css=&#8221;.vc_custom_1527690597112{background-color: #f7f8f9 !important;}&#8221;][vc_column width=&#8221;1\/2&#8243; icons_position=&#8221;left&#8221;][vc_empty_space height=&#8221;4em&#8221; hide_on_mobile=&#8221;&#8221; hide_on_desktop=&#8221;&#8221; hide_on_notebook=&#8221;&#8221; hide_on_tablet=&#8221;&#8221;][\/vc_column][vc_column width=&#8221;1\/2&#8243;][vc_column_text] Article 17: A request must be made at the time of booking for any traveller travelling with a pet requiring a protective cover. If you haven&#8217;t mentioned it, and you don&#8217;t have your own cage, transport may be cancelled and charged in full. Article 18: incase of flight or train chnage, it is imperative to contact TAXUS+, which cannot be kept informed other than by the passenger. Article 19: TAXUS+ accepts bookings via its website or by email for more than 24 hours. After this time,&hellip;<\/p>\n","protected":false},"author":1,"featured_media":2261,"parent":0,"menu_order":0,"comment_status":"closed","ping_status":"closed","template":"","meta":{"footnotes":""},"class_list":["post-2309","page","type-page","status-publish","has-post-thumbnail","hentry"],"yoast_head":"<!-- This site is optimized with the Yoast SEO Premium plugin v25.6 (Yoast SEO v25.6) - https:\/\/yoast.com\/wordpress\/plugins\/seo\/ -->\n<title>Terms &amp; Conditions | TAXUS+ VTC<\/title>\n<meta name=\"description\" content=\"Review our terms and conditions for detailed information on booking, payment, and cancellation policies for our taxi services.\" \/>\n<meta name=\"robots\" content=\"noindex, nofollow\" \/>\n<meta property=\"og:locale\" content=\"en_US\" \/>\n<meta property=\"og:type\" content=\"article\" \/>\n<meta property=\"og:title\" content=\"Terms and conditions of sale\" \/>\n<meta property=\"og:description\" content=\"Review our terms and conditions for detailed information on booking, payment, and cancellation policies for our taxi services.\" \/>\n<meta property=\"og:url\" content=\"https:\/\/taxusplus.fr\/en\/terms-and-conditions-of-sale\/\" \/>\n<meta property=\"og:site_name\" content=\"TAXUS+ VTC\" \/>\n<meta property=\"article:publisher\" content=\"https:\/\/www.facebook.com\/Taxusplus\/\" \/>\n<meta property=\"article:modified_time\" content=\"2025-10-19T13:23:18+00:00\" \/>\n<meta property=\"og:image\" content=\"https:\/\/taxusplus.fr\/wp-content\/uploads\/2023\/04\/seo-vtc-taxus.jpg\" \/>\n\t<meta property=\"og:image:width\" content=\"1000\" \/>\n\t<meta property=\"og:image:height\" content=\"720\" \/>\n\t<meta property=\"og:image:type\" content=\"image\/jpeg\" \/>\n<meta name=\"twitter:card\" content=\"summary_large_image\" \/>\n<meta name=\"twitter:label1\" content=\"Est. reading time\" \/>\n\t<meta name=\"twitter:data1\" content=\"4 minutes\" \/>\n<script type=\"application\/ld+json\" class=\"yoast-schema-graph\">{\"@context\":\"https:\/\/schema.org\",\"@graph\":[{\"@type\":\"WebPage\",\"@id\":\"https:\/\/taxusplus.fr\/en\/terms-and-conditions-of-sale\/\",\"url\":\"https:\/\/taxusplus.fr\/en\/terms-and-conditions-of-sale\/\",\"name\":\"Terms & Conditions | TAXUS+ VTC\",\"isPartOf\":{\"@id\":\"https:\/\/taxusplus.fr\/en\/#website\"},\"primaryImageOfPage\":{\"@id\":\"https:\/\/taxusplus.fr\/en\/terms-and-conditions-of-sale\/#primaryimage\"},\"image\":{\"@id\":\"https:\/\/taxusplus.fr\/en\/terms-and-conditions-of-sale\/#primaryimage\"},\"thumbnailUrl\":\"https:\/\/taxusplus.fr\/wp-content\/uploads\/2023\/04\/seo-vtc-taxus.jpg\",\"datePublished\":\"2023-05-11T09:44:36+00:00\",\"dateModified\":\"2025-10-19T13:23:18+00:00\",\"description\":\"Review our terms and conditions for detailed information on booking, payment, and cancellation policies for our taxi services.\",\"breadcrumb\":{\"@id\":\"https:\/\/taxusplus.fr\/en\/terms-and-conditions-of-sale\/#breadcrumb\"},\"inLanguage\":\"en-US\",\"potentialAction\":[{\"@type\":\"ReadAction\",\"target\":[\"https:\/\/taxusplus.fr\/en\/terms-and-conditions-of-sale\/\"]}]},{\"@type\":\"ImageObject\",\"inLanguage\":\"en-US\",\"@id\":\"https:\/\/taxusplus.fr\/en\/terms-and-conditions-of-sale\/#primaryimage\",\"url\":\"https:\/\/taxusplus.fr\/wp-content\/uploads\/2023\/04\/seo-vtc-taxus.jpg\",\"contentUrl\":\"https:\/\/taxusplus.fr\/wp-content\/uploads\/2023\/04\/seo-vtc-taxus.jpg\",\"width\":1000,\"height\":720,\"caption\":\"VTC cannes r\u00e9server chauffeur Nice - monaco - cannes - antibes\"},{\"@type\":\"BreadcrumbList\",\"@id\":\"https:\/\/taxusplus.fr\/en\/terms-and-conditions-of-sale\/#breadcrumb\",\"itemListElement\":[{\"@type\":\"ListItem\",\"position\":1,\"name\":\"Accueil\",\"item\":\"https:\/\/taxusplus.fr\/en\/\"},{\"@type\":\"ListItem\",\"position\":2,\"name\":\"Terms and conditions of sale\"}]},{\"@type\":\"WebSite\",\"@id\":\"https:\/\/taxusplus.fr\/en\/#website\",\"url\":\"https:\/\/taxusplus.fr\/en\/\",\"name\":\"TAXUS+ VTC\",\"description\":\"Chauffeur Priv\u00e9 &amp; Taxi VTC \u00e0 Cannes\",\"publisher\":{\"@id\":\"https:\/\/taxusplus.fr\/en\/#organization\"},\"alternateName\":\"TAXUS+\",\"potentialAction\":[{\"@type\":\"SearchAction\",\"target\":{\"@type\":\"EntryPoint\",\"urlTemplate\":\"https:\/\/taxusplus.fr\/en\/?s={search_term_string}\"},\"query-input\":{\"@type\":\"PropertyValueSpecification\",\"valueRequired\":true,\"valueName\":\"search_term_string\"}}],\"inLanguage\":\"en-US\"},{\"@type\":[\"Organization\",\"Place\"],\"@id\":\"https:\/\/taxusplus.fr\/en\/#organization\",\"name\":\"TAXUS+ | Chauffeur Priv\u00e9 et VTC Cannes\",\"alternateName\":\"TAXUS+ | Service Taxi & VTC\",\"url\":\"https:\/\/taxusplus.fr\/en\/\",\"logo\":{\"@id\":\"https:\/\/taxusplus.fr\/en\/terms-and-conditions-of-sale\/#local-main-organization-logo\"},\"image\":{\"@id\":\"https:\/\/taxusplus.fr\/en\/terms-and-conditions-of-sale\/#local-main-organization-logo\"},\"sameAs\":[\"https:\/\/www.facebook.com\/Taxusplus\/\",\"https:\/\/www.instagram.com\/taxusplus\/\"],\"description\":\"Agence de chauffeur priv\u00e9 VTC et Taxi sur Cannes, disponible 24\/7 sur toute la C\u00f4te d\u2019Azur. Avec TAXUS+, profitez d\u2019un transport priv\u00e9 haut de gamme pour un confort optimal en toute occasion. Que ce soit un transfert depuis l\u2019a\u00e9roport de Nice, un rendez-vous \u00e0 Monaco, une soir\u00e9e \u00e0 Cannes ou une escapade \u00e0 Villefranche, TAXUS+ vous assure un trajet en toute s\u00e9r\u00e9nit\u00e9 et confort.\",\"legalName\":\"Taxusplus\",\"foundingDate\":\"2019-01-01\",\"numberOfEmployees\":{\"@type\":\"QuantitativeValue\",\"minValue\":\"11\",\"maxValue\":\"50\"},\"publishingPrinciples\":\"https:\/\/taxusplus.fr\/en\/legal-information\/\",\"ownershipFundingInfo\":\"https:\/\/taxusplus.fr\/en\/legal-information\/\",\"actionableFeedbackPolicy\":\"https:\/\/taxusplus.fr\/politique-de-confidentialite\/\",\"address\":{\"@id\":\"https:\/\/taxusplus.fr\/en\/terms-and-conditions-of-sale\/#local-main-place-address\"},\"telephone\":[\"(+33)769790000\"],\"contactPoint\":{\"@type\":\"ContactPoint\",\"telephone\":\"(+33)769790000\",\"email\":\"contact@taxusplus.fr\"},\"openingHoursSpecification\":{\"@type\":\"OpeningHoursSpecification\",\"dayOfWeek\":[\"Monday\",\"Tuesday\",\"Wednesday\",\"Thursday\",\"Friday\",\"Saturday\",\"Sunday\"],\"opens\":\"00:00\",\"closes\":\"23:59\"},\"email\":\"reservation@taxusplus.fr\",\"areaServed\":\"Cannes, Cannet, Mandelieu, Antibes, Grasse, Cagne sur mer, Nice, St Tropez, Monaco\"},{\"@type\":\"PostalAddress\",\"@id\":\"https:\/\/taxusplus.fr\/en\/terms-and-conditions-of-sale\/#local-main-place-address\",\"streetAddress\":\"46 Avenue de la Roubine\",\"addressLocality\":\"Cannes\",\"postalCode\":\"06150\",\"addressRegion\":\"France\",\"addressCountry\":\"FR\"},{\"@type\":\"ImageObject\",\"inLanguage\":\"en-US\",\"@id\":\"https:\/\/taxusplus.fr\/en\/terms-and-conditions-of-sale\/#local-main-organization-logo\",\"url\":\"https:\/\/taxusplus.fr\/wp-content\/uploads\/2024\/10\/cropped-favico-taxus.png\",\"contentUrl\":\"https:\/\/taxusplus.fr\/wp-content\/uploads\/2024\/10\/cropped-favico-taxus.png\",\"width\":512,\"height\":512,\"caption\":\"TAXUS+ | Chauffeur Priv\u00e9 et VTC Cannes\"}]}<\/script>\n<meta name=\"geo.placename\" content=\"Cannes\" \/>\n<meta name=\"geo.region\" content=\"France\" \/>\n<!-- \/ Yoast SEO Premium plugin. -->","yoast_head_json":{"title":"Terms & Conditions | TAXUS+ VTC","description":"Review our terms and conditions for detailed information on booking, payment, and cancellation policies for our taxi services.","robots":{"index":"noindex","follow":"nofollow"},"og_locale":"en_US","og_type":"article","og_title":"Terms and conditions of sale","og_description":"Review our terms and conditions for detailed information on booking, payment, and cancellation policies for our taxi services.","og_url":"https:\/\/taxusplus.fr\/en\/terms-and-conditions-of-sale\/","og_site_name":"TAXUS+ VTC","article_publisher":"https:\/\/www.facebook.com\/Taxusplus\/","article_modified_time":"2025-10-19T13:23:18+00:00","og_image":[{"width":1000,"height":720,"url":"https:\/\/taxusplus.fr\/wp-content\/uploads\/2023\/04\/seo-vtc-taxus.jpg","type":"image\/jpeg"}],"twitter_card":"summary_large_image","twitter_misc":{"Est. reading time":"4 minutes"},"schema":{"@context":"https:\/\/schema.org","@graph":[{"@type":"WebPage","@id":"https:\/\/taxusplus.fr\/en\/terms-and-conditions-of-sale\/","url":"https:\/\/taxusplus.fr\/en\/terms-and-conditions-of-sale\/","name":"Terms & Conditions | TAXUS+ VTC","isPartOf":{"@id":"https:\/\/taxusplus.fr\/en\/#website"},"primaryImageOfPage":{"@id":"https:\/\/taxusplus.fr\/en\/terms-and-conditions-of-sale\/#primaryimage"},"image":{"@id":"https:\/\/taxusplus.fr\/en\/terms-and-conditions-of-sale\/#primaryimage"},"thumbnailUrl":"https:\/\/taxusplus.fr\/wp-content\/uploads\/2023\/04\/seo-vtc-taxus.jpg","datePublished":"2023-05-11T09:44:36+00:00","dateModified":"2025-10-19T13:23:18+00:00","description":"Review our terms and conditions for detailed information on booking, payment, and cancellation policies for our taxi services.","breadcrumb":{"@id":"https:\/\/taxusplus.fr\/en\/terms-and-conditions-of-sale\/#breadcrumb"},"inLanguage":"en-US","potentialAction":[{"@type":"ReadAction","target":["https:\/\/taxusplus.fr\/en\/terms-and-conditions-of-sale\/"]}]},{"@type":"ImageObject","inLanguage":"en-US","@id":"https:\/\/taxusplus.fr\/en\/terms-and-conditions-of-sale\/#primaryimage","url":"https:\/\/taxusplus.fr\/wp-content\/uploads\/2023\/04\/seo-vtc-taxus.jpg","contentUrl":"https:\/\/taxusplus.fr\/wp-content\/uploads\/2023\/04\/seo-vtc-taxus.jpg","width":1000,"height":720,"caption":"VTC cannes r\u00e9server chauffeur Nice - monaco - cannes - antibes"},{"@type":"BreadcrumbList","@id":"https:\/\/taxusplus.fr\/en\/terms-and-conditions-of-sale\/#breadcrumb","itemListElement":[{"@type":"ListItem","position":1,"name":"Accueil","item":"https:\/\/taxusplus.fr\/en\/"},{"@type":"ListItem","position":2,"name":"Terms and conditions of sale"}]},{"@type":"WebSite","@id":"https:\/\/taxusplus.fr\/en\/#website","url":"https:\/\/taxusplus.fr\/en\/","name":"TAXUS+ VTC","description":"Chauffeur Priv\u00e9 &amp; Taxi VTC \u00e0 Cannes","publisher":{"@id":"https:\/\/taxusplus.fr\/en\/#organization"},"alternateName":"TAXUS+","potentialAction":[{"@type":"SearchAction","target":{"@type":"EntryPoint","urlTemplate":"https:\/\/taxusplus.fr\/en\/?s={search_term_string}"},"query-input":{"@type":"PropertyValueSpecification","valueRequired":true,"valueName":"search_term_string"}}],"inLanguage":"en-US"},{"@type":["Organization","Place"],"@id":"https:\/\/taxusplus.fr\/en\/#organization","name":"TAXUS+ | Chauffeur Priv\u00e9 et VTC Cannes","alternateName":"TAXUS+ | Service Taxi & VTC","url":"https:\/\/taxusplus.fr\/en\/","logo":{"@id":"https:\/\/taxusplus.fr\/en\/terms-and-conditions-of-sale\/#local-main-organization-logo"},"image":{"@id":"https:\/\/taxusplus.fr\/en\/terms-and-conditions-of-sale\/#local-main-organization-logo"},"sameAs":["https:\/\/www.facebook.com\/Taxusplus\/","https:\/\/www.instagram.com\/taxusplus\/"],"description":"Agence de chauffeur priv\u00e9 VTC et Taxi sur Cannes, disponible 24\/7 sur toute la C\u00f4te d\u2019Azur. Avec TAXUS+, profitez d\u2019un transport priv\u00e9 haut de gamme pour un confort optimal en toute occasion. Que ce soit un transfert depuis l\u2019a\u00e9roport de Nice, un rendez-vous \u00e0 Monaco, une soir\u00e9e \u00e0 Cannes ou une escapade \u00e0 Villefranche, TAXUS+ vous assure un trajet en toute s\u00e9r\u00e9nit\u00e9 et confort.","legalName":"Taxusplus","foundingDate":"2019-01-01","numberOfEmployees":{"@type":"QuantitativeValue","minValue":"11","maxValue":"50"},"publishingPrinciples":"https:\/\/taxusplus.fr\/en\/legal-information\/","ownershipFundingInfo":"https:\/\/taxusplus.fr\/en\/legal-information\/","actionableFeedbackPolicy":"https:\/\/taxusplus.fr\/politique-de-confidentialite\/","address":{"@id":"https:\/\/taxusplus.fr\/en\/terms-and-conditions-of-sale\/#local-main-place-address"},"telephone":["(+33)769790000"],"contactPoint":{"@type":"ContactPoint","telephone":"(+33)769790000","email":"contact@taxusplus.fr"},"openingHoursSpecification":{"@type":"OpeningHoursSpecification","dayOfWeek":["Monday","Tuesday","Wednesday","Thursday","Friday","Saturday","Sunday"],"opens":"00:00","closes":"23:59"},"email":"reservation@taxusplus.fr","areaServed":"Cannes, Cannet, Mandelieu, Antibes, Grasse, Cagne sur mer, Nice, St Tropez, Monaco"},{"@type":"PostalAddress","@id":"https:\/\/taxusplus.fr\/en\/terms-and-conditions-of-sale\/#local-main-place-address","streetAddress":"46 Avenue de la Roubine","addressLocality":"Cannes","postalCode":"06150","addressRegion":"France","addressCountry":"FR"},{"@type":"ImageObject","inLanguage":"en-US","@id":"https:\/\/taxusplus.fr\/en\/terms-and-conditions-of-sale\/#local-main-organization-logo","url":"https:\/\/taxusplus.fr\/wp-content\/uploads\/2024\/10\/cropped-favico-taxus.png","contentUrl":"https:\/\/taxusplus.fr\/wp-content\/uploads\/2024\/10\/cropped-favico-taxus.png","width":512,"height":512,"caption":"TAXUS+ | Chauffeur Priv\u00e9 et VTC Cannes"}]},"geo.placename":"Cannes","geo.region":"France"},"_links":{"self":[{"href":"https:\/\/taxusplus.fr\/en\/wp-json\/wp\/v2\/pages\/2309"}],"collection":[{"href":"https:\/\/taxusplus.fr\/en\/wp-json\/wp\/v2\/pages"}],"about":[{"href":"https:\/\/taxusplus.fr\/en\/wp-json\/wp\/v2\/types\/page"}],"author":[{"embeddable":true,"href":"https:\/\/taxusplus.fr\/en\/wp-json\/wp\/v2\/users\/1"}],"replies":[{"embeddable":true,"href":"https:\/\/taxusplus.fr\/en\/wp-json\/wp\/v2\/comments?post=2309"}],"version-history":[{"count":0,"href":"https:\/\/taxusplus.fr\/en\/wp-json\/wp\/v2\/pages\/2309\/revisions"}],"wp:featuredmedia":[{"embeddable":true,"href":"https:\/\/taxusplus.fr\/en\/wp-json\/wp\/v2\/media\/2261"}],"wp:attachment":[{"href":"https:\/\/taxusplus.fr\/en\/wp-json\/wp\/v2\/media?parent=2309"}],"curies":[{"name":"wp","href":"https:\/\/api.w.org\/{rel}","templated":true}]}}