{"id":3241,"date":"2024-08-28T16:25:02","date_gmt":"2024-08-28T14:25:02","guid":{"rendered":"https:\/\/taxusplus.fr\/private-chauffeur-nice\/"},"modified":"2025-10-30T11:05:16","modified_gmt":"2025-10-30T10:05:16","slug":"private-chauffeur-nice","status":"publish","type":"page","link":"https:\/\/taxusplus.fr\/en\/private-chauffeur-nice\/","title":{"rendered":"Private driver Nice"},"content":{"rendered":"<body><div class=\"wpb-content-wrapper\"><p>[vc_row][vc_column width=\u201d2\/3\u2033 css=\u201d.vc_custom_1680417923668{margin-bottom: 0.25rem !important;}\u201d][vc_empty_space alter_height=\u201dhuge\u201d hide_on_mobile=\u201d\u201d el_id=\u201dres\u201d][vc_column_text css=\u201d\u201d]<\/p>\n<h1 style=\"font-family: Raleway, sans-serif !important; font-size: 2.5rem !important; font-weight: 900 !important; font-style: normal !important; line-height: 1.29em !important; text-decoration: none !important; text-transform: none !important; letter-spacing: 0px !important; color: #343332 !important; text-align: left;\">Private Chauffeur Nice<\/h1>\n<p>[\/vc_column_text][vc_empty_space alter_height=\u201dmedium\u201d hide_on_mobile=\u201d\u201d][vc_single_image image=\u201d3235\u2033 img_size=\u201dlarge\u201d alignment=\u201dcenter\u201d css=\u201d\u201d][vc_empty_space alter_height=\u201dmedium\u201d hide_on_mobile=\u201d\u201d][vc_column_text css=\u201d\u201d]Every year, Nice hosts prestigious events that attract an international audience. Our private drivers service is at your disposal to ensure smooth, comfortable transportation for these major events. Whether it\u2019s for the <a href=\"https:\/\/www.nicecarnaval.com\/en\/\">Nice Carnival<\/a>, <a href=\"https:\/\/www.foiredenice.com\/\">the Foire de Nice<\/a>, the Festival du Livre or the numerous concerts and shows, our experienced drivers will provide you with professional and punctual transfers. So you can take full advantage of these memorable moments in Nice, with complete peace of mind and no logistical worries. Immerse yourself in the ultimate comfort of chauffeur-driven car rental in Nice. Imagine having your own luxury vehicle at your disposal, ready to transport you wherever you go, whenever you want. Whether it\u2019s for a few hours, a day, a week or more, our tailor-made service meets all your transportation needs. No more waiting for a cab or worrying about parking; with our service, your vehicle remains close by, available at all times, offering a practical solution for all your travel needs in Nice.[\/vc_column_text][vc_empty_space alter_height=\u201dmedium\u201d hide_on_mobile=\u201d\u201d][vc_column_text css=\u201d\u201d]Our local drivers are true experts of the region, and are much more than just drivers. In addition to choosing the best itinerary, their intimate knowledge of Nice enables them to offer you personalized advice on the best restaurants, must-see sights and activities not to be missed. With them by your side, you can be sure of an authentic and memorable experience every step of the way.[\/vc_column_text][vc_empty_space height=\u201d15px\u201d alter_height=\u201dsmall\u201d hide_on_mobile=\u201d\u201d]<\/p><div class=\"sc_item_button sc_button_wrap sc_align_center\"><a href=\"\/en\/taxi-booking\/\" id=\"sc_button_1741330045\" class=\"sc_button sc_button_default sc_button_size_normal sc_button_icon_left\"><span class=\"sc_button_text sc_align_center\"><span class=\"sc_button_title\">BOOK DRIVER<\/span><\/span><!-- \/.sc_button_text --><\/a><!-- \/.sc_button --><\/div><!-- \/.sc_item_button -->[\/vc_column][vc_column width=\u201d1\/3\u2033][vc_empty_space alter_height=\u201dhuge\u201d hide_on_mobile=\u201d\u201d][vc_column_text css_animation=\u201dnone\u201d css=\u201d.vc_custom_1761818579994{margin-top: 10px !important;padding-top: 50px !important;padding-right: 20px !important;padding-bottom: 50px !important;padding-left: 20px !important;background-color: #f7f7f7 !important;}\u201d]\n<div class=\"elfsight-app-76bb3da1-cbd0-49e6-b7af-b97d91106428\" data-elfsight-app-lazy=\"\"><\/div>\n<p><img decoding=\"async\" class=\"wp-image-4682 size-medium aligncenter\" src=\"https:\/\/taxusplus.fr\/wp-content\/uploads\/2025\/05\/TrustPilot5Stars-300x144.webp\" alt=\"Private driver Nice\" width=\"200\" height=\"144\"><\/p>\n<h3 style=\"text-align: center; margin-top: 10px!important;\">Book a private Driver<\/h3>\n<ul>\n<li><i class=\"fas fa-angle-right\"><\/i> By filling the online booking form.<\/li>\n<li><i class=\"fas fa-angle-right\"><\/i> By phone or Whatsapp <a href=\"https:\/\/api.whatsapp.com\/send?phone=33769790000&amp;text=Bonjour%20je%20voudrais%20r%C3%A9server%20un%20chauffeur%21\">+33 7 69 79 00 00<\/a>.<\/li>\n<li><i class=\"fas fa-angle-right\"><\/i> By filling the <a href=\"https:\/\/taxusplus.fr\/#contact\">contact form<\/a>.<\/li>\n<li><i class=\"fas fa-angle-right\"><\/i> By sending an e-mail to <a href=\"mai&#108;&#116;&#111;&#x3a;&#x72;&#x65;&#x73;&#x65;&#x72;vat&#105;&#111;&#110;&#64;&#x74;&#x61;&#x78;&#x75;&#x73;&#x70;lus&#46;&#102;&#114;\">&#x72;&#101;s&#x65;&#114;v&#x61;&#116;i&#x6f;&#110;&#64;&#x74;&#97;x&#x75;&#115;p&#x6c;&#117;s&#x2e;&#102;r<\/a><\/li>\n<li><i class=\"fas fa-angle-right\"><\/i> By reaching us on our social channels <a href=\"https:\/\/www.facebook.com\/Taxusplus\/\"><i class=\"fa fa-facebook-f aria-hidden=\"><\/i> Facebook<\/a> | <a href=\"https:\/\/www.instagram.com\/taxusplus\/\"><i class=\"fa fa-instagram aria-hidden=\"><\/i> Instagram<\/a>.<\/li>\n<\/ul>\n<p>Since each of your trips is important to us, we offer you a personalized quote that meets your needs as closely as possible. Do not hesitate to contact us![\/vc_column_text][\/vc_column][\/vc_row][vc_row css=\u201d.vc_custom_1681198306582{margin-bottom: 5.3rem !important;}\u201d][vc_column css=\u201d.vc_custom_1478089457943{margin-top: 4.7rem !important;}\u201d]<\/p><div id=\"sc_title_1431682088\" class=\"sc_title sc_title_default\"><div class=\"sc_item_descr sc_title_descr sc_align_center\">Since each of your trips is important to us, we offer you a personalized quote that meets your needs as closely as possible. <b>Do not hesitate to contact us!<\/b><\/div><\/div><!-- \/.sc_title -->[\/vc_column][\/vc_row][vc_row full_width=\u201dstretch_row\u201d css=\u201d.vc_custom_1680516322737{background-color: #ffffff !important;}\u201d][vc_column css=\u201d.vc_custom_1680899495548{background-color: #ffffff !important;}\u201d][vc_text_separator title=\u201dWe look forward to seeing you on the road!\u201d][\/vc_column][\/vc_row][vc_row][vc_column][\/vc_column][\/vc_row]\n<\/div><\/body>","protected":false},"excerpt":{"rendered":"<p>[vc_row][vc_column width=\u201d2\/3\u2033 css=\u201d.vc_custom_1680417923668{margin-bottom: 0.25rem !important;}\u201d][vc_empty_space alter_height=\u201dhuge\u201d hide_on_mobile=\u201d\u201d el_id=\u201dres\u201d][vc_column_text css=\u201d\u201d] Private Chauffeur Nice [\/vc_column_text][vc_empty_space alter_height=\u201dmedium\u201d hide_on_mobile=\u201d\u201d][vc_single_image image=\u201d3235\u2033 img_size=\u201dlarge\u201d alignment=\u201dcenter\u201d css=\u201d\u201d][vc_empty_space alter_height=\u201dmedium\u201d hide_on_mobile=\u201d\u201d][vc_column_text css=\u201d\u201d]Every year, Nice hosts prestigious events that attract an international audience. Our private drivers service is at your disposal to ensure smooth, comfortable transportation for these major events. Whether it\u2019s for the Nice Carnival, the Foire de Nice, the Festival du Livre or the numerous concerts and shows, our experienced drivers will provide you with professional and punctual transfers. So you can take full advantage of these memorable moments in Nice, with complete peace of mind and no logistical worries. Immerse yourself in the ultimate comfort of chauffeur-driven car rental in Nice. Imagine having your own luxury vehicle at&hellip;<\/p>\n","protected":false},"author":1,"featured_media":2261,"parent":0,"menu_order":0,"comment_status":"closed","ping_status":"closed","template":"","meta":{"footnotes":""},"class_list":["post-3241","page","type-page","status-publish","has-post-thumbnail","hentry"],"yoast_head":"<!-- This site is optimized with the Yoast SEO Premium plugin v25.6 (Yoast SEO v25.6) - https:\/\/yoast.com\/wordpress\/plugins\/seo\/ -->\n<title>Private Chauffeur Nice | TAXUS+<\/title>\n<meta name=\"description\" content=\"Book your private chauffeur in Nice with TAXUS+. Luxury airport transfers and professional drivers in the French Riviera 24\/7.\" \/>\n<meta name=\"robots\" content=\"index, follow, max-snippet:-1, max-image-preview:large, max-video-preview:-1\" \/>\n<link rel=\"canonical\" href=\"https:\/\/taxusplus.fr\/en\/private-chauffeur-nice\/\" \/>\n<meta property=\"og:locale\" content=\"en_US\" \/>\n<meta property=\"og:type\" content=\"article\" \/>\n<meta property=\"og:title\" content=\"Private Chauffeur Nice | TAXUS+\" \/>\n<meta property=\"og:description\" content=\"Book your private chauffeur in Nice with TAXUS+. Luxury airport transfers and professional drivers in the French Riviera 24\/7.\" \/>\n<meta property=\"og:url\" content=\"https:\/\/taxusplus.fr\/en\/private-chauffeur-nice\/\" \/>\n<meta property=\"og:site_name\" content=\"TAXUS+ VTC\" \/>\n<meta property=\"article:publisher\" content=\"https:\/\/www.facebook.com\/Taxusplus\/\" \/>\n<meta property=\"article:modified_time\" content=\"2025-10-30T10:05:16+00:00\" \/>\n<meta property=\"og:image\" content=\"https:\/\/taxusplus.fr\/wp-content\/uploads\/2023\/04\/seo-vtc-taxus.jpg\" \/>\n\t<meta property=\"og:image:width\" content=\"1000\" \/>\n\t<meta property=\"og:image:height\" content=\"720\" \/>\n\t<meta property=\"og:image:type\" content=\"image\/jpeg\" \/>\n<meta name=\"twitter:card\" content=\"summary_large_image\" \/>\n<meta name=\"twitter:title\" content=\"Private Chauffeur Nice | TAXUS+\" \/>\n<meta name=\"twitter:label1\" content=\"Est. reading time\" \/>\n\t<meta name=\"twitter:data1\" content=\"3 minutes\" \/>\n<script type=\"application\/ld+json\" class=\"yoast-schema-graph\">{\"@context\":\"https:\/\/schema.org\",\"@graph\":[{\"@type\":\"WebPage\",\"@id\":\"https:\/\/taxusplus.fr\/en\/private-chauffeur-nice\/\",\"url\":\"https:\/\/taxusplus.fr\/en\/private-chauffeur-nice\/\",\"name\":\"Private Chauffeur Nice | TAXUS+\",\"isPartOf\":{\"@id\":\"https:\/\/taxusplus.fr\/en\/#website\"},\"primaryImageOfPage\":{\"@id\":\"https:\/\/taxusplus.fr\/en\/private-chauffeur-nice\/#primaryimage\"},\"image\":{\"@id\":\"https:\/\/taxusplus.fr\/en\/private-chauffeur-nice\/#primaryimage\"},\"thumbnailUrl\":\"https:\/\/taxusplus.fr\/wp-content\/uploads\/2023\/04\/seo-vtc-taxus.jpg\",\"datePublished\":\"2024-08-28T14:25:02+00:00\",\"dateModified\":\"2025-10-30T10:05:16+00:00\",\"description\":\"Book your private chauffeur in Nice with TAXUS+. Luxury airport transfers and professional drivers in the French Riviera 24\/7.\",\"breadcrumb\":{\"@id\":\"https:\/\/taxusplus.fr\/en\/private-chauffeur-nice\/#breadcrumb\"},\"inLanguage\":\"en-US\",\"potentialAction\":[{\"@type\":\"ReadAction\",\"target\":[\"https:\/\/taxusplus.fr\/en\/private-chauffeur-nice\/\"]}]},{\"@type\":\"ImageObject\",\"inLanguage\":\"en-US\",\"@id\":\"https:\/\/taxusplus.fr\/en\/private-chauffeur-nice\/#primaryimage\",\"url\":\"https:\/\/taxusplus.fr\/wp-content\/uploads\/2023\/04\/seo-vtc-taxus.jpg\",\"contentUrl\":\"https:\/\/taxusplus.fr\/wp-content\/uploads\/2023\/04\/seo-vtc-taxus.jpg\",\"width\":1000,\"height\":720,\"caption\":\"VTC cannes r\u00e9server chauffeur Nice - monaco - cannes - antibes\"},{\"@type\":\"BreadcrumbList\",\"@id\":\"https:\/\/taxusplus.fr\/en\/private-chauffeur-nice\/#breadcrumb\",\"itemListElement\":[{\"@type\":\"ListItem\",\"position\":1,\"name\":\"Accueil\",\"item\":\"https:\/\/taxusplus.fr\/en\/\"},{\"@type\":\"ListItem\",\"position\":2,\"name\":\"Private driver Nice\"}]},{\"@type\":\"WebSite\",\"@id\":\"https:\/\/taxusplus.fr\/en\/#website\",\"url\":\"https:\/\/taxusplus.fr\/en\/\",\"name\":\"TAXUS+ VTC\",\"description\":\"Chauffeur Priv\u00e9 &amp; Taxi VTC \u00e0 Cannes\",\"publisher\":{\"@id\":\"https:\/\/taxusplus.fr\/en\/#organization\"},\"alternateName\":\"TAXUS+\",\"potentialAction\":[{\"@type\":\"SearchAction\",\"target\":{\"@type\":\"EntryPoint\",\"urlTemplate\":\"https:\/\/taxusplus.fr\/en\/?s={search_term_string}\"},\"query-input\":{\"@type\":\"PropertyValueSpecification\",\"valueRequired\":true,\"valueName\":\"search_term_string\"}}],\"inLanguage\":\"en-US\"},{\"@type\":[\"Organization\",\"Place\"],\"@id\":\"https:\/\/taxusplus.fr\/en\/#organization\",\"name\":\"TAXUS+ | Chauffeur Priv\u00e9 et VTC Cannes\",\"alternateName\":\"TAXUS+ | Service Taxi & VTC\",\"url\":\"https:\/\/taxusplus.fr\/en\/\",\"logo\":{\"@id\":\"https:\/\/taxusplus.fr\/en\/private-chauffeur-nice\/#local-main-organization-logo\"},\"image\":{\"@id\":\"https:\/\/taxusplus.fr\/en\/private-chauffeur-nice\/#local-main-organization-logo\"},\"sameAs\":[\"https:\/\/www.facebook.com\/Taxusplus\/\",\"https:\/\/www.instagram.com\/taxusplus\/\"],\"description\":\"Agence de chauffeur priv\u00e9 VTC et Taxi sur Cannes, disponible 24\/7 sur toute la C\u00f4te d\u2019Azur. Avec TAXUS+, profitez d\u2019un transport priv\u00e9 haut de gamme pour un confort optimal en toute occasion. Que ce soit un transfert depuis l\u2019a\u00e9roport de Nice, un rendez-vous \u00e0 Monaco, une soir\u00e9e \u00e0 Cannes ou une escapade \u00e0 Villefranche, TAXUS+ vous assure un trajet en toute s\u00e9r\u00e9nit\u00e9 et confort.\",\"legalName\":\"Taxusplus\",\"foundingDate\":\"2019-01-01\",\"numberOfEmployees\":{\"@type\":\"QuantitativeValue\",\"minValue\":\"11\",\"maxValue\":\"50\"},\"publishingPrinciples\":\"https:\/\/taxusplus.fr\/en\/legal-information\/\",\"ownershipFundingInfo\":\"https:\/\/taxusplus.fr\/en\/legal-information\/\",\"actionableFeedbackPolicy\":\"https:\/\/taxusplus.fr\/politique-de-confidentialite\/\",\"address\":{\"@id\":\"https:\/\/taxusplus.fr\/en\/private-chauffeur-nice\/#local-main-place-address\"},\"telephone\":[\"(+33)769790000\"],\"contactPoint\":{\"@type\":\"ContactPoint\",\"telephone\":\"(+33)769790000\",\"email\":\"contact@taxusplus.fr\"},\"openingHoursSpecification\":{\"@type\":\"OpeningHoursSpecification\",\"dayOfWeek\":[\"Monday\",\"Tuesday\",\"Wednesday\",\"Thursday\",\"Friday\",\"Saturday\",\"Sunday\"],\"opens\":\"00:00\",\"closes\":\"23:59\"},\"email\":\"reservation@taxusplus.fr\",\"areaServed\":\"Cannes, Cannet, Mandelieu, Antibes, Grasse, Cagne sur mer, Nice, St Tropez, Monaco\"},{\"@type\":\"PostalAddress\",\"@id\":\"https:\/\/taxusplus.fr\/en\/private-chauffeur-nice\/#local-main-place-address\",\"streetAddress\":\"46 Avenue de la Roubine\",\"addressLocality\":\"Cannes\",\"postalCode\":\"06150\",\"addressRegion\":\"France\",\"addressCountry\":\"FR\"},{\"@type\":\"ImageObject\",\"inLanguage\":\"en-US\",\"@id\":\"https:\/\/taxusplus.fr\/en\/private-chauffeur-nice\/#local-main-organization-logo\",\"url\":\"https:\/\/taxusplus.fr\/wp-content\/uploads\/2024\/10\/cropped-favico-taxus.png\",\"contentUrl\":\"https:\/\/taxusplus.fr\/wp-content\/uploads\/2024\/10\/cropped-favico-taxus.png\",\"width\":512,\"height\":512,\"caption\":\"TAXUS+ | Chauffeur Priv\u00e9 et VTC Cannes\"}]}<\/script>\n<meta name=\"geo.placename\" content=\"Cannes\" \/>\n<meta name=\"geo.region\" content=\"France\" \/>\n<!-- \/ Yoast SEO Premium plugin. -->","yoast_head_json":{"title":"Private Chauffeur Nice | TAXUS+","description":"Book your private chauffeur in Nice with TAXUS+. Luxury airport transfers and professional drivers in the French Riviera 24\/7.","robots":{"index":"index","follow":"follow","max-snippet":"max-snippet:-1","max-image-preview":"max-image-preview:large","max-video-preview":"max-video-preview:-1"},"canonical":"https:\/\/taxusplus.fr\/en\/private-chauffeur-nice\/","og_locale":"en_US","og_type":"article","og_title":"Private Chauffeur Nice | TAXUS+","og_description":"Book your private chauffeur in Nice with TAXUS+. Luxury airport transfers and professional drivers in the French Riviera 24\/7.","og_url":"https:\/\/taxusplus.fr\/en\/private-chauffeur-nice\/","og_site_name":"TAXUS+ VTC","article_publisher":"https:\/\/www.facebook.com\/Taxusplus\/","article_modified_time":"2025-10-30T10:05:16+00:00","og_image":[{"width":1000,"height":720,"url":"https:\/\/taxusplus.fr\/wp-content\/uploads\/2023\/04\/seo-vtc-taxus.jpg","type":"image\/jpeg"}],"twitter_card":"summary_large_image","twitter_title":"Private Chauffeur Nice | TAXUS+","twitter_misc":{"Est. reading time":"3 minutes"},"schema":{"@context":"https:\/\/schema.org","@graph":[{"@type":"WebPage","@id":"https:\/\/taxusplus.fr\/en\/private-chauffeur-nice\/","url":"https:\/\/taxusplus.fr\/en\/private-chauffeur-nice\/","name":"Private Chauffeur Nice | TAXUS+","isPartOf":{"@id":"https:\/\/taxusplus.fr\/en\/#website"},"primaryImageOfPage":{"@id":"https:\/\/taxusplus.fr\/en\/private-chauffeur-nice\/#primaryimage"},"image":{"@id":"https:\/\/taxusplus.fr\/en\/private-chauffeur-nice\/#primaryimage"},"thumbnailUrl":"https:\/\/taxusplus.fr\/wp-content\/uploads\/2023\/04\/seo-vtc-taxus.jpg","datePublished":"2024-08-28T14:25:02+00:00","dateModified":"2025-10-30T10:05:16+00:00","description":"Book your private chauffeur in Nice with TAXUS+. Luxury airport transfers and professional drivers in the French Riviera 24\/7.","breadcrumb":{"@id":"https:\/\/taxusplus.fr\/en\/private-chauffeur-nice\/#breadcrumb"},"inLanguage":"en-US","potentialAction":[{"@type":"ReadAction","target":["https:\/\/taxusplus.fr\/en\/private-chauffeur-nice\/"]}]},{"@type":"ImageObject","inLanguage":"en-US","@id":"https:\/\/taxusplus.fr\/en\/private-chauffeur-nice\/#primaryimage","url":"https:\/\/taxusplus.fr\/wp-content\/uploads\/2023\/04\/seo-vtc-taxus.jpg","contentUrl":"https:\/\/taxusplus.fr\/wp-content\/uploads\/2023\/04\/seo-vtc-taxus.jpg","width":1000,"height":720,"caption":"VTC cannes r\u00e9server chauffeur Nice - monaco - cannes - antibes"},{"@type":"BreadcrumbList","@id":"https:\/\/taxusplus.fr\/en\/private-chauffeur-nice\/#breadcrumb","itemListElement":[{"@type":"ListItem","position":1,"name":"Accueil","item":"https:\/\/taxusplus.fr\/en\/"},{"@type":"ListItem","position":2,"name":"Private driver Nice"}]},{"@type":"WebSite","@id":"https:\/\/taxusplus.fr\/en\/#website","url":"https:\/\/taxusplus.fr\/en\/","name":"TAXUS+ VTC","description":"Chauffeur Priv\u00e9 &amp; Taxi VTC \u00e0 Cannes","publisher":{"@id":"https:\/\/taxusplus.fr\/en\/#organization"},"alternateName":"TAXUS+","potentialAction":[{"@type":"SearchAction","target":{"@type":"EntryPoint","urlTemplate":"https:\/\/taxusplus.fr\/en\/?s={search_term_string}"},"query-input":{"@type":"PropertyValueSpecification","valueRequired":true,"valueName":"search_term_string"}}],"inLanguage":"en-US"},{"@type":["Organization","Place"],"@id":"https:\/\/taxusplus.fr\/en\/#organization","name":"TAXUS+ | Chauffeur Priv\u00e9 et VTC Cannes","alternateName":"TAXUS+ | Service Taxi & VTC","url":"https:\/\/taxusplus.fr\/en\/","logo":{"@id":"https:\/\/taxusplus.fr\/en\/private-chauffeur-nice\/#local-main-organization-logo"},"image":{"@id":"https:\/\/taxusplus.fr\/en\/private-chauffeur-nice\/#local-main-organization-logo"},"sameAs":["https:\/\/www.facebook.com\/Taxusplus\/","https:\/\/www.instagram.com\/taxusplus\/"],"description":"Agence de chauffeur priv\u00e9 VTC et Taxi sur Cannes, disponible 24\/7 sur toute la C\u00f4te d\u2019Azur. Avec TAXUS+, profitez d\u2019un transport priv\u00e9 haut de gamme pour un confort optimal en toute occasion. Que ce soit un transfert depuis l\u2019a\u00e9roport de Nice, un rendez-vous \u00e0 Monaco, une soir\u00e9e \u00e0 Cannes ou une escapade \u00e0 Villefranche, TAXUS+ vous assure un trajet en toute s\u00e9r\u00e9nit\u00e9 et confort.","legalName":"Taxusplus","foundingDate":"2019-01-01","numberOfEmployees":{"@type":"QuantitativeValue","minValue":"11","maxValue":"50"},"publishingPrinciples":"https:\/\/taxusplus.fr\/en\/legal-information\/","ownershipFundingInfo":"https:\/\/taxusplus.fr\/en\/legal-information\/","actionableFeedbackPolicy":"https:\/\/taxusplus.fr\/politique-de-confidentialite\/","address":{"@id":"https:\/\/taxusplus.fr\/en\/private-chauffeur-nice\/#local-main-place-address"},"telephone":["(+33)769790000"],"contactPoint":{"@type":"ContactPoint","telephone":"(+33)769790000","email":"contact@taxusplus.fr"},"openingHoursSpecification":{"@type":"OpeningHoursSpecification","dayOfWeek":["Monday","Tuesday","Wednesday","Thursday","Friday","Saturday","Sunday"],"opens":"00:00","closes":"23:59"},"email":"reservation@taxusplus.fr","areaServed":"Cannes, Cannet, Mandelieu, Antibes, Grasse, Cagne sur mer, Nice, St Tropez, Monaco"},{"@type":"PostalAddress","@id":"https:\/\/taxusplus.fr\/en\/private-chauffeur-nice\/#local-main-place-address","streetAddress":"46 Avenue de la Roubine","addressLocality":"Cannes","postalCode":"06150","addressRegion":"France","addressCountry":"FR"},{"@type":"ImageObject","inLanguage":"en-US","@id":"https:\/\/taxusplus.fr\/en\/private-chauffeur-nice\/#local-main-organization-logo","url":"https:\/\/taxusplus.fr\/wp-content\/uploads\/2024\/10\/cropped-favico-taxus.png","contentUrl":"https:\/\/taxusplus.fr\/wp-content\/uploads\/2024\/10\/cropped-favico-taxus.png","width":512,"height":512,"caption":"TAXUS+ | Chauffeur Priv\u00e9 et VTC Cannes"}]},"geo.placename":"Cannes","geo.region":"France"},"_links":{"self":[{"href":"https:\/\/taxusplus.fr\/en\/wp-json\/wp\/v2\/pages\/3241"}],"collection":[{"href":"https:\/\/taxusplus.fr\/en\/wp-json\/wp\/v2\/pages"}],"about":[{"href":"https:\/\/taxusplus.fr\/en\/wp-json\/wp\/v2\/types\/page"}],"author":[{"embeddable":true,"href":"https:\/\/taxusplus.fr\/en\/wp-json\/wp\/v2\/users\/1"}],"replies":[{"embeddable":true,"href":"https:\/\/taxusplus.fr\/en\/wp-json\/wp\/v2\/comments?post=3241"}],"version-history":[{"count":0,"href":"https:\/\/taxusplus.fr\/en\/wp-json\/wp\/v2\/pages\/3241\/revisions"}],"wp:featuredmedia":[{"embeddable":true,"href":"https:\/\/taxusplus.fr\/en\/wp-json\/wp\/v2\/media\/2261"}],"wp:attachment":[{"href":"https:\/\/taxusplus.fr\/en\/wp-json\/wp\/v2\/media?parent=3241"}],"curies":[{"name":"wp","href":"https:\/\/api.w.org\/{rel}","templated":true}]}}