{"id":3537,"date":"2024-10-27T14:21:12","date_gmt":"2024-10-27T13:21:12","guid":{"rendered":"https:\/\/taxusplus.fr\/news\/"},"modified":"2025-10-19T10:40:37","modified_gmt":"2025-10-19T08:40:37","slug":"news","status":"publish","type":"page","link":"https:\/\/taxusplus.fr\/en\/news\/","title":{"rendered":"News"},"content":{"rendered":"<div class=\"wpb-content-wrapper\"><p>[vc_row][vc_column][vc_column_text css=&#8221;&#8221;]<\/p>\n<h1 style=\"font-family: Raleway, sans-serif !important; font-size: 2.5rem !important; font-weight: 900 !important; font-style: normal !important; line-height: 1.29em !important; text-decoration: none !important; text-transform: none !important; letter-spacing: 0px !important; color: #343332 !important; text-align: center;\">News &amp; Events<\/h1>\n<p>[\/vc_column_text][vc_empty_space alter_height=&#8221;small&#8221; hide_on_mobile=&#8221;&#8221; css=&#8221;.vc_custom_1478184248029{margin-bottom: 0.6rem !important;}&#8221;][vc_basic_grid post_type=&#8221;post&#8221; max_items=&#8221;10&#8243; css=&#8221;&#8221; grid_id=&#8221;vc_gid:1760863104224-e5d2f2f8-739f-8&#8243;][\/vc_column][\/vc_row][vc_row full_width=&#8221;stretch_row&#8221; css=&#8221;.vc_custom_1680516322737{background-color: #ffffff !important;}&#8221;][vc_column css=&#8221;.vc_custom_1680899495548{background-color: #ffffff !important;}&#8221;][vc_text_separator title=&#8221;We look forward to seeing you on the road!&#8221; css=&#8221;.vc_custom_1730806584140{margin-bottom: 0px !important;}&#8221;][\/vc_column][\/vc_row]<\/p>\n<\/div>","protected":false},"excerpt":{"rendered":"<p>[vc_row][vc_column][vc_column_text css=&#8221;&#8221;] News &amp; Events [\/vc_column_text][vc_empty_space alter_height=&#8221;small&#8221; hide_on_mobile=&#8221;&#8221; css=&#8221;.vc_custom_1478184248029{margin-bottom: 0.6rem !important;}&#8221;][vc_basic_grid post_type=&#8221;post&#8221; max_items=&#8221;10&#8243; css=&#8221;&#8221; grid_id=&#8221;vc_gid:1760863104224-e5d2f2f8-739f-8&#8243;][\/vc_column][\/vc_row][vc_row full_width=&#8221;stretch_row&#8221; css=&#8221;.vc_custom_1680516322737{background-color: #ffffff !important;}&#8221;][vc_column css=&#8221;.vc_custom_1680899495548{background-color: #ffffff !important;}&#8221;][vc_text_separator title=&#8221;We look forward to seeing you on the road!&#8221; css=&#8221;.vc_custom_1730806584140{margin-bottom: 0px !important;}&#8221;][\/vc_column][\/vc_row]<\/p>\n","protected":false},"author":1,"featured_media":4543,"parent":0,"menu_order":0,"comment_status":"closed","ping_status":"closed","template":"","meta":{"footnotes":""},"class_list":["post-3537","page","type-page","status-publish","has-post-thumbnail","hentry"],"yoast_head":"<!-- This site is optimized with the Yoast SEO Premium plugin v25.6 (Yoast SEO v25.6) - https:\/\/yoast.com\/wordpress\/plugins\/seo\/ -->\n<title>TAXUS+ VTC | Cannes Private Driver News<\/title>\n<meta name=\"description\" content=\"Discover tips, news and information about private chauffeur services in Cannes and the C\u00f4te d&#039;Azur. Stay informed!\" \/>\n<meta name=\"robots\" content=\"index, follow, max-snippet:-1, max-image-preview:large, max-video-preview:-1\" \/>\n<link rel=\"canonical\" href=\"https:\/\/taxusplus.fr\/en\/news\/\" \/>\n<meta property=\"og:locale\" content=\"en_US\" \/>\n<meta property=\"og:type\" content=\"article\" \/>\n<meta property=\"og:title\" content=\"News\" \/>\n<meta property=\"og:description\" content=\"Discover tips, news and information about private chauffeur services in Cannes and the C\u00f4te d&#039;Azur. Stay informed!\" \/>\n<meta property=\"og:url\" content=\"https:\/\/taxusplus.fr\/en\/news\/\" \/>\n<meta property=\"og:site_name\" content=\"TAXUS+ VTC\" \/>\n<meta property=\"article:publisher\" content=\"https:\/\/www.facebook.com\/Taxusplus\/\" \/>\n<meta property=\"article:modified_time\" content=\"2025-10-19T08:40:37+00:00\" \/>\n<meta property=\"og:image\" content=\"https:\/\/taxusplus.fr\/wp-content\/uploads\/2025\/04\/Taxi-cannes-VTC.webp\" \/>\n\t<meta property=\"og:image:width\" content=\"1024\" \/>\n\t<meta property=\"og:image:height\" content=\"1024\" \/>\n\t<meta property=\"og:image:type\" content=\"image\/webp\" \/>\n<meta name=\"twitter:card\" content=\"summary_large_image\" \/>\n<meta name=\"twitter:label1\" content=\"Est. reading time\" \/>\n\t<meta name=\"twitter:data1\" content=\"1 minute\" \/>\n<script type=\"application\/ld+json\" class=\"yoast-schema-graph\">{\"@context\":\"https:\/\/schema.org\",\"@graph\":[{\"@type\":\"WebPage\",\"@id\":\"https:\/\/taxusplus.fr\/en\/news\/\",\"url\":\"https:\/\/taxusplus.fr\/en\/news\/\",\"name\":\"TAXUS+ VTC | Cannes Private Driver News\",\"isPartOf\":{\"@id\":\"https:\/\/taxusplus.fr\/en\/#website\"},\"primaryImageOfPage\":{\"@id\":\"https:\/\/taxusplus.fr\/en\/news\/#primaryimage\"},\"image\":{\"@id\":\"https:\/\/taxusplus.fr\/en\/news\/#primaryimage\"},\"thumbnailUrl\":\"https:\/\/taxusplus.fr\/wp-content\/uploads\/2025\/04\/Taxi-cannes-VTC.webp\",\"datePublished\":\"2024-10-27T13:21:12+00:00\",\"dateModified\":\"2025-10-19T08:40:37+00:00\",\"description\":\"Discover tips, news and information about private chauffeur services in Cannes and the C\u00f4te d'Azur. Stay informed!\",\"breadcrumb\":{\"@id\":\"https:\/\/taxusplus.fr\/en\/news\/#breadcrumb\"},\"inLanguage\":\"en-US\",\"potentialAction\":[{\"@type\":\"ReadAction\",\"target\":[\"https:\/\/taxusplus.fr\/en\/news\/\"]}]},{\"@type\":\"ImageObject\",\"inLanguage\":\"en-US\",\"@id\":\"https:\/\/taxusplus.fr\/en\/news\/#primaryimage\",\"url\":\"https:\/\/taxusplus.fr\/wp-content\/uploads\/2025\/04\/Taxi-cannes-VTC.webp\",\"contentUrl\":\"https:\/\/taxusplus.fr\/wp-content\/uploads\/2025\/04\/Taxi-cannes-VTC.webp\",\"width\":1024,\"height\":1024,\"caption\":\"taxi VTC fleet\"},{\"@type\":\"BreadcrumbList\",\"@id\":\"https:\/\/taxusplus.fr\/en\/news\/#breadcrumb\",\"itemListElement\":[{\"@type\":\"ListItem\",\"position\":1,\"name\":\"Accueil\",\"item\":\"https:\/\/taxusplus.fr\/en\/\"},{\"@type\":\"ListItem\",\"position\":2,\"name\":\"News\"}]},{\"@type\":\"WebSite\",\"@id\":\"https:\/\/taxusplus.fr\/en\/#website\",\"url\":\"https:\/\/taxusplus.fr\/en\/\",\"name\":\"TAXUS+ VTC\",\"description\":\"Chauffeur Priv\u00e9 &amp; Taxi VTC \u00e0 Cannes\",\"publisher\":{\"@id\":\"https:\/\/taxusplus.fr\/en\/#organization\"},\"alternateName\":\"TAXUS+\",\"potentialAction\":[{\"@type\":\"SearchAction\",\"target\":{\"@type\":\"EntryPoint\",\"urlTemplate\":\"https:\/\/taxusplus.fr\/en\/?s={search_term_string}\"},\"query-input\":{\"@type\":\"PropertyValueSpecification\",\"valueRequired\":true,\"valueName\":\"search_term_string\"}}],\"inLanguage\":\"en-US\"},{\"@type\":[\"Organization\",\"Place\"],\"@id\":\"https:\/\/taxusplus.fr\/en\/#organization\",\"name\":\"TAXUS+ | Chauffeur Priv\u00e9 et VTC Cannes\",\"alternateName\":\"TAXUS+ | Service Taxi & VTC\",\"url\":\"https:\/\/taxusplus.fr\/en\/\",\"logo\":{\"@id\":\"https:\/\/taxusplus.fr\/en\/news\/#local-main-organization-logo\"},\"image\":{\"@id\":\"https:\/\/taxusplus.fr\/en\/news\/#local-main-organization-logo\"},\"sameAs\":[\"https:\/\/www.facebook.com\/Taxusplus\/\",\"https:\/\/www.instagram.com\/taxusplus\/\"],\"description\":\"Agence de chauffeur priv\u00e9 VTC et Taxi sur Cannes, disponible 24\/7 sur toute la C\u00f4te d\u2019Azur. Avec TAXUS+, profitez d\u2019un transport priv\u00e9 haut de gamme pour un confort optimal en toute occasion. Que ce soit un transfert depuis l\u2019a\u00e9roport de Nice, un rendez-vous \u00e0 Monaco, une soir\u00e9e \u00e0 Cannes ou une escapade \u00e0 Villefranche, TAXUS+ vous assure un trajet en toute s\u00e9r\u00e9nit\u00e9 et confort.\",\"legalName\":\"Taxusplus\",\"foundingDate\":\"2019-01-01\",\"numberOfEmployees\":{\"@type\":\"QuantitativeValue\",\"minValue\":\"11\",\"maxValue\":\"50\"},\"publishingPrinciples\":\"https:\/\/taxusplus.fr\/en\/legal-information\/\",\"ownershipFundingInfo\":\"https:\/\/taxusplus.fr\/en\/legal-information\/\",\"actionableFeedbackPolicy\":\"https:\/\/taxusplus.fr\/politique-de-confidentialite\/\",\"address\":{\"@id\":\"https:\/\/taxusplus.fr\/en\/news\/#local-main-place-address\"},\"telephone\":[\"(+33)769790000\"],\"contactPoint\":{\"@type\":\"ContactPoint\",\"telephone\":\"(+33)769790000\",\"email\":\"contact@taxusplus.fr\"},\"openingHoursSpecification\":{\"@type\":\"OpeningHoursSpecification\",\"dayOfWeek\":[\"Monday\",\"Tuesday\",\"Wednesday\",\"Thursday\",\"Friday\",\"Saturday\",\"Sunday\"],\"opens\":\"00:00\",\"closes\":\"23:59\"},\"email\":\"reservation@taxusplus.fr\",\"areaServed\":\"Cannes, Cannet, Mandelieu, Antibes, Grasse, Cagne sur mer, Nice, St Tropez, Monaco\"},{\"@type\":\"PostalAddress\",\"@id\":\"https:\/\/taxusplus.fr\/en\/news\/#local-main-place-address\",\"streetAddress\":\"46 Avenue de la Roubine\",\"addressLocality\":\"Cannes\",\"postalCode\":\"06150\",\"addressRegion\":\"France\",\"addressCountry\":\"FR\"},{\"@type\":\"ImageObject\",\"inLanguage\":\"en-US\",\"@id\":\"https:\/\/taxusplus.fr\/en\/news\/#local-main-organization-logo\",\"url\":\"https:\/\/taxusplus.fr\/wp-content\/uploads\/2024\/10\/cropped-favico-taxus.png\",\"contentUrl\":\"https:\/\/taxusplus.fr\/wp-content\/uploads\/2024\/10\/cropped-favico-taxus.png\",\"width\":512,\"height\":512,\"caption\":\"TAXUS+ | Chauffeur Priv\u00e9 et VTC Cannes\"}]}<\/script>\n<meta name=\"geo.placename\" content=\"Cannes\" \/>\n<meta name=\"geo.region\" content=\"France\" \/>\n<!-- \/ Yoast SEO Premium plugin. -->","yoast_head_json":{"title":"TAXUS+ VTC | Cannes Private Driver News","description":"Discover tips, news and information about private chauffeur services in Cannes and the C\u00f4te d'Azur. Stay informed!","robots":{"index":"index","follow":"follow","max-snippet":"max-snippet:-1","max-image-preview":"max-image-preview:large","max-video-preview":"max-video-preview:-1"},"canonical":"https:\/\/taxusplus.fr\/en\/news\/","og_locale":"en_US","og_type":"article","og_title":"News","og_description":"Discover tips, news and information about private chauffeur services in Cannes and the C\u00f4te d'Azur. Stay informed!","og_url":"https:\/\/taxusplus.fr\/en\/news\/","og_site_name":"TAXUS+ VTC","article_publisher":"https:\/\/www.facebook.com\/Taxusplus\/","article_modified_time":"2025-10-19T08:40:37+00:00","og_image":[{"width":1024,"height":1024,"url":"https:\/\/taxusplus.fr\/wp-content\/uploads\/2025\/04\/Taxi-cannes-VTC.webp","type":"image\/webp"}],"twitter_card":"summary_large_image","twitter_misc":{"Est. reading time":"1 minute"},"schema":{"@context":"https:\/\/schema.org","@graph":[{"@type":"WebPage","@id":"https:\/\/taxusplus.fr\/en\/news\/","url":"https:\/\/taxusplus.fr\/en\/news\/","name":"TAXUS+ VTC | Cannes Private Driver News","isPartOf":{"@id":"https:\/\/taxusplus.fr\/en\/#website"},"primaryImageOfPage":{"@id":"https:\/\/taxusplus.fr\/en\/news\/#primaryimage"},"image":{"@id":"https:\/\/taxusplus.fr\/en\/news\/#primaryimage"},"thumbnailUrl":"https:\/\/taxusplus.fr\/wp-content\/uploads\/2025\/04\/Taxi-cannes-VTC.webp","datePublished":"2024-10-27T13:21:12+00:00","dateModified":"2025-10-19T08:40:37+00:00","description":"Discover tips, news and information about private chauffeur services in Cannes and the C\u00f4te d'Azur. Stay informed!","breadcrumb":{"@id":"https:\/\/taxusplus.fr\/en\/news\/#breadcrumb"},"inLanguage":"en-US","potentialAction":[{"@type":"ReadAction","target":["https:\/\/taxusplus.fr\/en\/news\/"]}]},{"@type":"ImageObject","inLanguage":"en-US","@id":"https:\/\/taxusplus.fr\/en\/news\/#primaryimage","url":"https:\/\/taxusplus.fr\/wp-content\/uploads\/2025\/04\/Taxi-cannes-VTC.webp","contentUrl":"https:\/\/taxusplus.fr\/wp-content\/uploads\/2025\/04\/Taxi-cannes-VTC.webp","width":1024,"height":1024,"caption":"taxi VTC fleet"},{"@type":"BreadcrumbList","@id":"https:\/\/taxusplus.fr\/en\/news\/#breadcrumb","itemListElement":[{"@type":"ListItem","position":1,"name":"Accueil","item":"https:\/\/taxusplus.fr\/en\/"},{"@type":"ListItem","position":2,"name":"News"}]},{"@type":"WebSite","@id":"https:\/\/taxusplus.fr\/en\/#website","url":"https:\/\/taxusplus.fr\/en\/","name":"TAXUS+ VTC","description":"Chauffeur Priv\u00e9 &amp; Taxi VTC \u00e0 Cannes","publisher":{"@id":"https:\/\/taxusplus.fr\/en\/#organization"},"alternateName":"TAXUS+","potentialAction":[{"@type":"SearchAction","target":{"@type":"EntryPoint","urlTemplate":"https:\/\/taxusplus.fr\/en\/?s={search_term_string}"},"query-input":{"@type":"PropertyValueSpecification","valueRequired":true,"valueName":"search_term_string"}}],"inLanguage":"en-US"},{"@type":["Organization","Place"],"@id":"https:\/\/taxusplus.fr\/en\/#organization","name":"TAXUS+ | Chauffeur Priv\u00e9 et VTC Cannes","alternateName":"TAXUS+ | Service Taxi & VTC","url":"https:\/\/taxusplus.fr\/en\/","logo":{"@id":"https:\/\/taxusplus.fr\/en\/news\/#local-main-organization-logo"},"image":{"@id":"https:\/\/taxusplus.fr\/en\/news\/#local-main-organization-logo"},"sameAs":["https:\/\/www.facebook.com\/Taxusplus\/","https:\/\/www.instagram.com\/taxusplus\/"],"description":"Agence de chauffeur priv\u00e9 VTC et Taxi sur Cannes, disponible 24\/7 sur toute la C\u00f4te d\u2019Azur. Avec TAXUS+, profitez d\u2019un transport priv\u00e9 haut de gamme pour un confort optimal en toute occasion. Que ce soit un transfert depuis l\u2019a\u00e9roport de Nice, un rendez-vous \u00e0 Monaco, une soir\u00e9e \u00e0 Cannes ou une escapade \u00e0 Villefranche, TAXUS+ vous assure un trajet en toute s\u00e9r\u00e9nit\u00e9 et confort.","legalName":"Taxusplus","foundingDate":"2019-01-01","numberOfEmployees":{"@type":"QuantitativeValue","minValue":"11","maxValue":"50"},"publishingPrinciples":"https:\/\/taxusplus.fr\/en\/legal-information\/","ownershipFundingInfo":"https:\/\/taxusplus.fr\/en\/legal-information\/","actionableFeedbackPolicy":"https:\/\/taxusplus.fr\/politique-de-confidentialite\/","address":{"@id":"https:\/\/taxusplus.fr\/en\/news\/#local-main-place-address"},"telephone":["(+33)769790000"],"contactPoint":{"@type":"ContactPoint","telephone":"(+33)769790000","email":"contact@taxusplus.fr"},"openingHoursSpecification":{"@type":"OpeningHoursSpecification","dayOfWeek":["Monday","Tuesday","Wednesday","Thursday","Friday","Saturday","Sunday"],"opens":"00:00","closes":"23:59"},"email":"reservation@taxusplus.fr","areaServed":"Cannes, Cannet, Mandelieu, Antibes, Grasse, Cagne sur mer, Nice, St Tropez, Monaco"},{"@type":"PostalAddress","@id":"https:\/\/taxusplus.fr\/en\/news\/#local-main-place-address","streetAddress":"46 Avenue de la Roubine","addressLocality":"Cannes","postalCode":"06150","addressRegion":"France","addressCountry":"FR"},{"@type":"ImageObject","inLanguage":"en-US","@id":"https:\/\/taxusplus.fr\/en\/news\/#local-main-organization-logo","url":"https:\/\/taxusplus.fr\/wp-content\/uploads\/2024\/10\/cropped-favico-taxus.png","contentUrl":"https:\/\/taxusplus.fr\/wp-content\/uploads\/2024\/10\/cropped-favico-taxus.png","width":512,"height":512,"caption":"TAXUS+ | Chauffeur Priv\u00e9 et VTC Cannes"}]},"geo.placename":"Cannes","geo.region":"France"},"_links":{"self":[{"href":"https:\/\/taxusplus.fr\/en\/wp-json\/wp\/v2\/pages\/3537"}],"collection":[{"href":"https:\/\/taxusplus.fr\/en\/wp-json\/wp\/v2\/pages"}],"about":[{"href":"https:\/\/taxusplus.fr\/en\/wp-json\/wp\/v2\/types\/page"}],"author":[{"embeddable":true,"href":"https:\/\/taxusplus.fr\/en\/wp-json\/wp\/v2\/users\/1"}],"replies":[{"embeddable":true,"href":"https:\/\/taxusplus.fr\/en\/wp-json\/wp\/v2\/comments?post=3537"}],"version-history":[{"count":0,"href":"https:\/\/taxusplus.fr\/en\/wp-json\/wp\/v2\/pages\/3537\/revisions"}],"wp:featuredmedia":[{"embeddable":true,"href":"https:\/\/taxusplus.fr\/en\/wp-json\/wp\/v2\/media\/4543"}],"wp:attachment":[{"href":"https:\/\/taxusplus.fr\/en\/wp-json\/wp\/v2\/media?parent=3537"}],"curies":[{"name":"wp","href":"https:\/\/api.w.org\/{rel}","templated":true}]}}