{"id":4429,"date":"2025-02-24T11:01:51","date_gmt":"2025-02-24T10:01:51","guid":{"rendered":"https:\/\/taxusplus.fr\/private-chauffeur-vtc-grasse\/"},"modified":"2025-02-24T13:07:48","modified_gmt":"2025-02-24T12:07:48","slug":"private-chauffeur-vtc-grasse","status":"publish","type":"page","link":"https:\/\/taxusplus.fr\/en\/private-chauffeur-vtc-grasse\/","title":{"rendered":"Private Chauffeur VTC Grasse"},"content":{"rendered":"<body><div class=\"wpb-content-wrapper\"><p>[vc_row][vc_column]\n\t\t\t<!-- START Grasse EN REVOLUTION SLIDER 6.7.35 --><\/p><p class=\"rs-p-wp-fix\"><\/p>\n\t\t\t<rs-module-wrap id=\"rev_slider_36_1_wrapper\" data-source=\"gallery\" style=\"visibility:hidden;background:transparent;padding:0;margin:0px auto;margin-top:0;margin-bottom:0;\">\n\t\t\t\t<rs-module id=\"rev_slider_36_1\" style=\"\" data-version=\"6.7.35\">\n\t\t\t\t\t<rs-slides style=\"overflow: hidden; position: absolute;\">\n\t\t\t\t\t\t<rs-slide style=\"position: absolute;\" data-key=\"rs-38\" data-title=\"Slide\" data-in=\"o:0;\" data-out=\"a:false;\">\n\t\t\t\t\t\t\t<img decoding=\"async\" src=\"\/\/taxusplus.fr\/wp-content\/plugins\/revslider\/sr6\/assets\/assets\/dummy.png\" alt=\"VTC grasse\" title=\"place-aux-aires-square-grasse\" width=\"1200\" height=\"900\" class=\"rev-slidebg tp-rs-img rs-lazyload\" data-lazyload=\"\/\/taxusplus.fr\/wp-content\/uploads\/2025\/02\/place-aux-aires-square-grasse.webp\" data-no-retina>\n<!--\n\t\t\t\t\t\t\t--><a id=\"slider-36-slide-38-layer-0\" class=\"rs-layer rev-btn\" href=\"https:\/\/taxusplus.fr\/en\/taxi-booking\/\" target=\"_self\" data-type=\"button\" data-color=\"#000000\" data-rsp_ch=\"on\" data-xy=\"x:l,l,c,c;xo:73px,51px,0,0;y:m,t,t,m;yo:106px,452px,699px,129px;\" data-text=\"w:normal;s:18,14,16,22;l:58,47,35,53;fw:500;a:center;\" data-dim=\"w:222px,183px,230px,327px;h:auto,auto,35px,auto;minh:0,none,none,none;\" data-padding=\"r:36,30,23,36;l:36,30,23,36;\" data-border=\"bor:50px,50px,50px,50px;\" data-frame_999=\"o:0;st:w;\" data-frame_hover=\"c:#fff;bgc:#000;bor:50px,50px,50px,50px;\" style=\"z-index:9;background-color:rgba(255,255,255,1);font-family:'Roboto';\"><i class=\"fa-wpforms\"><\/i> Book Now  \n\t\t\t\t\t\t\t<\/a><!--\n\n\t\t\t\t\t\t\t--><rs-layer id=\"slider-36-slide-38-layer-1\" data-type=\"shape\" data-rsp_ch=\"on\" data-xy=\"x:c;xo:0,0,0,-1px;yo:0,0,0,-1px;\" data-text=\"w:normal;s:20,16,12,7;l:0,20,15,9;\" data-dim=\"w:100%;h:100%,100%,100%,755px;\" data-basealign=\"slide\" data-frame_999=\"o:0;st:w;\" style=\"z-index:6;background-color:rgba(0,0,0,0.5);\"> \n\t\t\t\t\t\t\t<\/rs-layer><!--\n\n\t\t\t\t\t\t\t--><rs-layer id=\"slider-36-slide-38-layer-4\" data-type=\"text\" data-color=\"#fff\" data-rsp_ch=\"on\" data-xy=\"x:l,l,c,c;xo:72px,57px,0,0;yo:250px,254px,300px,198px;\" data-text=\"w:normal;s:60,49,49,37;l:63,52,62,43;ls:0,0,0,2px;fw:900;a:left,left,center,center;\" data-dim=\"w:704px,581px,575px,368px;h:auto,auto,auto,138px;minh:0px,none,none,none;\" data-frame_0=\"x:0,0,0,0px;y:0,0,0,0px;\" data-frame_1=\"x:0,0,0,0px;y:0,0,0,0px;\" data-frame_999=\"o:0;st:w;\" style=\"z-index:7;font-family:'Roboto';text-transform:uppercase;\">Your private Taxi driver in Grasse \n\t\t\t\t\t\t\t<\/rs-layer><!--\n\n\t\t\t\t\t\t\t--><rs-layer id=\"slider-36-slide-38-layer-5\" data-type=\"text\" data-rsp_ch=\"on\" data-xy=\"x:l,l,c,c;xo:77px,58px,0,0;y:t,t,m,m;yo:390px,380px,79px,22px;\" data-text=\"w:normal;s:24,19,29,21;l:33,27,42,30;fw:500;a:left,left,center,center;\" data-dim=\"w:444px,366px,402px,373px;h:auto,auto,126px,auto;\" data-frame_999=\"o:0;st:w;\" style=\"z-index:8;font-family:'Roboto';\">Discover Grace in complete peace of mind with TAXUS+ Private Transport \n\t\t\t\t\t\t\t<\/rs-layer><!--\n\n\t\t\t\t\t\t\t--><a id=\"slider-36-slide-38-layer-8\" class=\"rs-layer rev-btn\" href=\"tel:%20+33769790000\" target=\"_self\" data-type=\"button\" data-color=\"#000000\" data-rsp_ch=\"on\" data-xy=\"x:l,l,c,c;xo:315px,299px,0,0;y:m,t,t,t;yo:106px,451px,753px,538px;\" data-text=\"w:normal;s:18,14,18,23;l:61,50,37,50;fw:500;a:center;\" data-dim=\"w:246px,203px,226px,343px;h:auto,auto,37px,auto;minh:0,none,none,none;\" data-padding=\"r:0,0,0,60;l:0,0,0,60;\" data-border=\"bor:50px,50px,50px,50px;\" data-frame_999=\"o:0;st:w;\" data-frame_hover=\"c:#fff;bgc:#000;bor:50px,50px,50px,50px;\" style=\"z-index:10;background-color:rgba(255,255,255,1);font-family:'Roboto';\"><i class=\"material-icons\">call<\/i> +33 7 69 79 00 00 \n\t\t\t\t\t\t\t<\/a><!--\n-->\t\t\t\t\t<\/rs-slide>\n\t\t\t\t\t<\/rs-slides>\n\t\t\t\t<\/rs-module>\n\t\t\t\t<script>\n\t\t\t\t\tsetREVStartSize({c: 'rev_slider_36_1',rl:[1240,1024,778,480],el:[800,768,960,720],gw:[1240,1024,778,480],gh:[800,768,960,720],type:'standard',justify:'',layout:'fullwidth',mh:\"0\"});if (window.RS_MODULES!==undefined && window.RS_MODULES.modules!==undefined && window.RS_MODULES.modules[\"revslider361\"]!==undefined) {window.RS_MODULES.modules[\"revslider361\"].once = false;window.revapi36 = undefined;if (window.RS_MODULES.checkMinimal!==undefined) window.RS_MODULES.checkMinimal()}\n\t\t\t\t<\/script>\n\t\t\t<\/rs-module-wrap>\n\t\t\t<!-- END REVOLUTION SLIDER -->\n[\/vc_column][\/vc_row][vc_row full_width=\u201dstretch_row\u201d gap=\u201d15\u2033 content_placement=\u201dmiddle\u201d css=\u201d.vc_custom_1732185680374{margin-bottom: 20px !important;background-color: #FFFFFF !important;}\u201d el_id=\u201dbook\u201d][vc_column css=\u201d.vc_custom_1680417923668{margin-bottom: 0.25rem !important;}\u201d][vc_empty_space height=\u201d20px\u201d alter_height=\u201dlarge\u201d hide_on_mobile=\u201d\u201d el_id=\u201dres\u201d][\/vc_column][vc_column width=\u201d1\/2\u2033][vc_column_text css=\u201d\u201d]\n<h1 style=\"text-transform: uppercase; text-align: left;\">Private Driver Service in Grasse<\/h1>\n<p>[\/vc_column_text][vc_empty_space height=\u201d15px\u201d alter_height=\u201dsmall\u201d hide_on_mobile=\u201d\u201d][vc_column_text css=\u201d.vc_custom_1740320840364{margin-bottom: 0px !important;}\u201d]<b>Taxus+<\/b> is your private chauffeur service in Grasse, offering top-of-the-range transfers to all your destinations on the C\u00f4te d\u2019Azur. Enjoy a <b>luxury vehicle with a professional chauffeur<\/b> for your travels<\/p>\n<ul>\n<li>Long-distance transport from Grasse<\/li>\n<li>VTC Airport shuttles from Grasse<\/li>\n<li>Station transfer<\/li>\n<li>Sightseeing tours<\/li>\n<li>Transport Business<\/li>\n<li>Express delivery<\/li>\n<\/ul>\n<p>[\/vc_column_text][vc_empty_space height=\u201d15px\u201d alter_height=\u201dsmall\u201d hide_on_mobile=\u201d\u201d][\/vc_column][vc_column width=\u201d1\/2\u2033][vc_single_image image=\u201d4277\u2033 img_size=\u201d500\u00d7500\u2033 alignment=\u201dright\u201d style=\u201dvc_box_outline\u201d css=\u201d\u201d][\/vc_column][\/vc_row][vc_row full_width=\u201dstretch_row\u201d gap=\u201d15\u2033 content_placement=\u201dmiddle\u201d css=\u201d.vc_custom_1732185804135{margin-bottom: 20px !important;background-color: #FFFFFF !important;}\u201d][vc_column width=\u201d1\/2\u2033 css=\u201d.vc_custom_1680417923668{margin-bottom: 0.25rem !important;}\u201d]<\/p><div id=\"res\" class=\"sc_title sc_title_default\"><h6 class=\"sc_item_subtitle sc_title_subtitle sc_align_left sc_item_title_style_default\">Luxury Private Driver Services<\/h6><h2 class=\"sc_item_title sc_title_title sc_align_left sc_item_title_style_default\">Discover Grasse<\/h2><\/div><!-- \/.sc_title -->[vc_empty_space height=\u201d15px\u201d alter_height=\u201dsmall\u201d hide_on_mobile=\u201d\u201d][vc_column_text css=\u201d.vc_custom_1740319988779{margin-bottom: 0px !important;}\u201d]If you\u2019d like to visit Grasse and the hinterland around Cannes, we can provide you with a car for several hours or a whole day. You\u2019ll be able to visit the city and its architectural treasures in comfort.\n<p>Our <b>private chauffeur in Grasse<\/b> is at your disposal for all your travel needs, whatever your destination or transportation requirements. Enjoy a prestigious service with top-of-the-range, air-conditioned vehicles perfectly suited to journeys from <b>1 to 8+ passengers<\/b>.[\/vc_column_text][\/vc_column][vc_column width=\u201d1\/2\u2033]<\/p><div id=\"res\" class=\"sc_title sc_title_default\"><h2 class=\"sc_item_title sc_title_title sc_align_left sc_item_title_style_default\">Driven By Experts<\/h2><\/div><!-- \/.sc_title -->[vc_empty_space height=\u201d15px\u201d alter_height=\u201dsmall\u201d hide_on_mobile=\u201d\u201d][vc_column_text css=\u201d.vc_custom_1740398408061{margin-bottom: 0px !important;}\u201d]What\u2019s more, on request, we serve the whole of the C\u00f4te d\u2019Azur. We\u2019re at your service, whatever your requirements and whatever type of service you need. For example, if you need to travel from Grasse to Nice Airport, you can book your shuttle to any airport. Similarly, if you arrive at Grasse train station, our driver is at your service 24\/7.[\/vc_column_text][vc_empty_space height=\u201d15px\u201d alter_height=\u201dsmall\u201d hide_on_mobile=\u201d\u201d][\/vc_column][\/vc_row][vc_row][vc_column width=\u201d1\/2\u2033]<div class=\"sc_item_button sc_button_wrap sc_align_center\"><a href=\"\/reservation-taxi-vtc\/\" id=\"sc_button_46019025\" class=\"sc_button sc_button_default sc_button_size_normal sc_button_icon_left\"><span class=\"sc_button_text\"><span class=\"sc_button_title\">Book a driver<\/span><\/span><!-- \/.sc_button_text --><\/a><!-- \/.sc_button --><\/div><!-- \/.sc_item_button -->[\/vc_column][vc_column width=\u201d1\/2\u2033]<div class=\"sc_item_button sc_button_wrap sc_align_center\"><a href=\"tel:+33769790000\" id=\"sc_button_1592636695\" class=\"sc_button sc_button_default sc_button_size_normal sc_button_icon_left\"><span class=\"sc_button_text\"><span class=\"sc_button_title\">+33 7 69 79 00 00<\/span><\/span><!-- \/.sc_button_text --><\/a><!-- \/.sc_button --><\/div><!-- \/.sc_item_button -->[\/vc_column][\/vc_row][vc_row full_width=\u201dstretch_row\u201d css=\u201d.vc_custom_1680516322737{background-color: #ffffff !important;}\u201d][vc_column css=\u201d.vc_custom_1680899495548{background-color: #ffffff !important;}\u201d][vc_text_separator title=\u201dWe look forward to seeing you on the road!\u201d css=\u201d\u201d][\/vc_column][\/vc_row]\n<\/div><\/body>","protected":false},"excerpt":{"rendered":"<p>[vc_row][vc_column][\/vc_column][\/vc_row][vc_row full_width=&#8221;stretch_row&#8221; gap=&#8221;15&#8243; content_placement=&#8221;middle&#8221; css=&#8221;.vc_custom_1732185680374{margin-bottom: 20px !important;background-color: #FFFFFF !important;}&#8221; el_id=&#8221;book&#8221;][vc_column css=&#8221;.vc_custom_1680417923668{margin-bottom: 0.25rem !important;}&#8221;][vc_empty_space height=&#8221;20px&#8221; alter_height=&#8221;large&#8221; hide_on_mobile=&#8221;&#8221; el_id=&#8221;res&#8221;][\/vc_column][vc_column width=&#8221;1\/2&#8243;][vc_column_text css=&#8221;&#8221;] Private Driver Service in Grasse [\/vc_column_text][vc_empty_space height=&#8221;15px&#8221; alter_height=&#8221;small&#8221; hide_on_mobile=&#8221;&#8221;][vc_column_text css=&#8221;.vc_custom_1740320840364{margin-bottom: 0px !important;}&#8221;]Taxus+ is your private chauffeur service in Grasse, offering top-of-the-range transfers to all your destinations on the C\u00f4te d&#8217;Azur. Enjoy a luxury vehicle with a professional chauffeur for your travels Long-distance transport from Grasse VTC Airport shuttles from Grasse Station transfer Sightseeing tours Transport Business Express delivery [\/vc_column_text][vc_empty_space height=&#8221;15px&#8221; alter_height=&#8221;small&#8221; hide_on_mobile=&#8221;&#8221;][\/vc_column][vc_column width=&#8221;1\/2&#8243;][vc_single_image image=&#8221;4277&#8243; img_size=&#8221;500&#215;500&#8243; alignment=&#8221;right&#8221; style=&#8221;vc_box_outline&#8221; css=&#8221;&#8221;][\/vc_column][\/vc_row][vc_row full_width=&#8221;stretch_row&#8221; gap=&#8221;15&#8243; content_placement=&#8221;middle&#8221; css=&#8221;.vc_custom_1732185804135{margin-bottom: 20px !important;background-color: #FFFFFF !important;}&#8221;][vc_column width=&#8221;1\/2&#8243; css=&#8221;.vc_custom_1680417923668{margin-bottom: 0.25rem !important;}&#8221;][vc_empty_space height=&#8221;15px&#8221; alter_height=&#8221;small&#8221; hide_on_mobile=&#8221;&#8221;][vc_column_text css=&#8221;.vc_custom_1740319988779{margin-bottom: 0px !important;}&#8221;]If you&#8217;d like to visit Grasse and the hinterland around Cannes, we can provide you with&hellip;<\/p>\n","protected":false},"author":1,"featured_media":3894,"parent":0,"menu_order":0,"comment_status":"closed","ping_status":"closed","template":"","meta":{"footnotes":""},"class_list":["post-4429","page","type-page","status-publish","has-post-thumbnail","hentry"],"yoast_head":"<!-- This site is optimized with the Yoast SEO Premium plugin v25.6 (Yoast SEO v25.6) - https:\/\/yoast.com\/wordpress\/plugins\/seo\/ -->\n<title>Taxi Grasse - Book a Private Chauffeur in Grasse 24\/7<\/title>\n<meta name=\"description\" content=\"VTC in Grasse, Book your private driver in Grasse: All distances, Airport and train station shuttle, Pick-up and drop-off...\" \/>\n<meta name=\"robots\" content=\"index, follow, max-snippet:-1, max-image-preview:large, max-video-preview:-1\" \/>\n<link rel=\"canonical\" href=\"https:\/\/taxusplus.fr\/en\/private-chauffeur-vtc-grasse\/\" \/>\n<meta property=\"og:locale\" content=\"en_US\" \/>\n<meta property=\"og:type\" content=\"article\" \/>\n<meta property=\"og:title\" content=\"Private Driver VTC Antibes : Luxury Private Transfers\" \/>\n<meta property=\"og:description\" content=\"Discover how easy it is to get around Antibes with Taxus+ . Experienced private drivers who know the area inside out.\" \/>\n<meta property=\"og:url\" content=\"https:\/\/taxusplus.fr\/en\/private-chauffeur-vtc-grasse\/\" \/>\n<meta property=\"og:site_name\" content=\"TAXUS+ VTC\" \/>\n<meta property=\"article:publisher\" content=\"https:\/\/www.facebook.com\/Taxusplus\/\" \/>\n<meta property=\"article:modified_time\" content=\"2025-02-24T12:07:48+00:00\" \/>\n<meta property=\"og:image\" content=\"https:\/\/taxusplus.fr\/wp-content\/uploads\/2024\/11\/vtc-cannes-taxus-1.png\" \/>\n\t<meta property=\"og:image:width\" content=\"1200\" \/>\n\t<meta property=\"og:image:height\" content=\"675\" \/>\n\t<meta property=\"og:image:type\" content=\"image\/png\" \/>\n<meta name=\"twitter:card\" content=\"summary_large_image\" \/>\n<meta name=\"twitter:title\" content=\"Private Chauffeur VTC Grasse\" \/>\n<meta name=\"twitter:label1\" content=\"Est. reading time\" \/>\n\t<meta name=\"twitter:data1\" content=\"2 minutes\" \/>\n<script type=\"application\/ld+json\" class=\"yoast-schema-graph\">{\"@context\":\"https:\/\/schema.org\",\"@graph\":[{\"@type\":\"WebPage\",\"@id\":\"https:\/\/taxusplus.fr\/en\/private-chauffeur-vtc-grasse\/\",\"url\":\"https:\/\/taxusplus.fr\/en\/private-chauffeur-vtc-grasse\/\",\"name\":\"Taxi Grasse - Book a Private Chauffeur in Grasse 24\/7\",\"isPartOf\":{\"@id\":\"https:\/\/taxusplus.fr\/en\/#website\"},\"primaryImageOfPage\":{\"@id\":\"https:\/\/taxusplus.fr\/en\/private-chauffeur-vtc-grasse\/#primaryimage\"},\"image\":{\"@id\":\"https:\/\/taxusplus.fr\/en\/private-chauffeur-vtc-grasse\/#primaryimage\"},\"thumbnailUrl\":\"https:\/\/taxusplus.fr\/wp-content\/uploads\/2024\/11\/vtc-cannes-taxus-1.png\",\"datePublished\":\"2025-02-24T10:01:51+00:00\",\"dateModified\":\"2025-02-24T12:07:48+00:00\",\"description\":\"VTC in Grasse, Book your private driver in Grasse: All distances, Airport and train station shuttle, Pick-up and drop-off...\",\"breadcrumb\":{\"@id\":\"https:\/\/taxusplus.fr\/en\/private-chauffeur-vtc-grasse\/#breadcrumb\"},\"inLanguage\":\"en-US\",\"potentialAction\":[{\"@type\":\"ReadAction\",\"target\":[\"https:\/\/taxusplus.fr\/en\/private-chauffeur-vtc-grasse\/\"]}]},{\"@type\":\"ImageObject\",\"inLanguage\":\"en-US\",\"@id\":\"https:\/\/taxusplus.fr\/en\/private-chauffeur-vtc-grasse\/#primaryimage\",\"url\":\"https:\/\/taxusplus.fr\/wp-content\/uploads\/2024\/11\/vtc-cannes-taxus-1.png\",\"contentUrl\":\"https:\/\/taxusplus.fr\/wp-content\/uploads\/2024\/11\/vtc-cannes-taxus-1.png\",\"width\":1200,\"height\":675,\"caption\":\"Chauffeur prive VTC Cannes Private Driver\"},{\"@type\":\"BreadcrumbList\",\"@id\":\"https:\/\/taxusplus.fr\/en\/private-chauffeur-vtc-grasse\/#breadcrumb\",\"itemListElement\":[{\"@type\":\"ListItem\",\"position\":1,\"name\":\"Accueil\",\"item\":\"https:\/\/taxusplus.fr\/en\/\"},{\"@type\":\"ListItem\",\"position\":2,\"name\":\"Private Chauffeur VTC Grasse\"}]},{\"@type\":\"WebSite\",\"@id\":\"https:\/\/taxusplus.fr\/en\/#website\",\"url\":\"https:\/\/taxusplus.fr\/en\/\",\"name\":\"TAXUS+ VTC\",\"description\":\"Chauffeur Priv\u00e9 &amp; Taxi VTC \u00e0 Cannes\",\"publisher\":{\"@id\":\"https:\/\/taxusplus.fr\/en\/#organization\"},\"alternateName\":\"TAXUS+\",\"potentialAction\":[{\"@type\":\"SearchAction\",\"target\":{\"@type\":\"EntryPoint\",\"urlTemplate\":\"https:\/\/taxusplus.fr\/en\/?s={search_term_string}\"},\"query-input\":{\"@type\":\"PropertyValueSpecification\",\"valueRequired\":true,\"valueName\":\"search_term_string\"}}],\"inLanguage\":\"en-US\"},{\"@type\":[\"Organization\",\"Place\"],\"@id\":\"https:\/\/taxusplus.fr\/en\/#organization\",\"name\":\"TAXUS+ | Chauffeur Priv\u00e9 et VTC Cannes\",\"alternateName\":\"TAXUS+ | Service Taxi & VTC\",\"url\":\"https:\/\/taxusplus.fr\/en\/\",\"logo\":{\"@id\":\"https:\/\/taxusplus.fr\/en\/private-chauffeur-vtc-grasse\/#local-main-organization-logo\"},\"image\":{\"@id\":\"https:\/\/taxusplus.fr\/en\/private-chauffeur-vtc-grasse\/#local-main-organization-logo\"},\"sameAs\":[\"https:\/\/www.facebook.com\/Taxusplus\/\",\"https:\/\/www.instagram.com\/taxusplus\/\"],\"description\":\"Agence de chauffeur priv\u00e9 VTC et Taxi sur Cannes, disponible 24\/7 sur toute la C\u00f4te d\u2019Azur. Avec TAXUS+, profitez d\u2019un transport priv\u00e9 haut de gamme pour un confort optimal en toute occasion. Que ce soit un transfert depuis l\u2019a\u00e9roport de Nice, un rendez-vous \u00e0 Monaco, une soir\u00e9e \u00e0 Cannes ou une escapade \u00e0 Villefranche, TAXUS+ vous assure un trajet en toute s\u00e9r\u00e9nit\u00e9 et confort.\",\"legalName\":\"Taxusplus\",\"foundingDate\":\"2019-01-01\",\"numberOfEmployees\":{\"@type\":\"QuantitativeValue\",\"minValue\":\"11\",\"maxValue\":\"50\"},\"publishingPrinciples\":\"https:\/\/taxusplus.fr\/en\/legal-information\/\",\"ownershipFundingInfo\":\"https:\/\/taxusplus.fr\/en\/legal-information\/\",\"actionableFeedbackPolicy\":\"https:\/\/taxusplus.fr\/politique-de-confidentialite\/\",\"address\":{\"@id\":\"https:\/\/taxusplus.fr\/en\/private-chauffeur-vtc-grasse\/#local-main-place-address\"},\"telephone\":[\"(+33)769790000\"],\"contactPoint\":{\"@type\":\"ContactPoint\",\"telephone\":\"(+33)769790000\",\"email\":\"contact@taxusplus.fr\"},\"openingHoursSpecification\":{\"@type\":\"OpeningHoursSpecification\",\"dayOfWeek\":[\"Monday\",\"Tuesday\",\"Wednesday\",\"Thursday\",\"Friday\",\"Saturday\",\"Sunday\"],\"opens\":\"00:00\",\"closes\":\"23:59\"},\"email\":\"reservation@taxusplus.fr\",\"areaServed\":\"Cannes, Cannet, Mandelieu, Antibes, Grasse, Cagne sur mer, Nice, St Tropez, Monaco\"},{\"@type\":\"PostalAddress\",\"@id\":\"https:\/\/taxusplus.fr\/en\/private-chauffeur-vtc-grasse\/#local-main-place-address\",\"streetAddress\":\"46 Avenue de la Roubine\",\"addressLocality\":\"Cannes\",\"postalCode\":\"06150\",\"addressRegion\":\"France\",\"addressCountry\":\"FR\"},{\"@type\":\"ImageObject\",\"inLanguage\":\"en-US\",\"@id\":\"https:\/\/taxusplus.fr\/en\/private-chauffeur-vtc-grasse\/#local-main-organization-logo\",\"url\":\"https:\/\/taxusplus.fr\/wp-content\/uploads\/2024\/10\/cropped-favico-taxus.png\",\"contentUrl\":\"https:\/\/taxusplus.fr\/wp-content\/uploads\/2024\/10\/cropped-favico-taxus.png\",\"width\":512,\"height\":512,\"caption\":\"TAXUS+ | Chauffeur Priv\u00e9 et VTC Cannes\"}]}<\/script>\n<meta name=\"geo.placename\" content=\"Cannes\" \/>\n<meta name=\"geo.region\" content=\"France\" \/>\n<!-- \/ Yoast SEO Premium plugin. -->","yoast_head_json":{"title":"Taxi Grasse - Book a Private Chauffeur in Grasse 24\/7","description":"VTC in Grasse, Book your private driver in Grasse: All distances, Airport and train station shuttle, Pick-up and drop-off...","robots":{"index":"index","follow":"follow","max-snippet":"max-snippet:-1","max-image-preview":"max-image-preview:large","max-video-preview":"max-video-preview:-1"},"canonical":"https:\/\/taxusplus.fr\/en\/private-chauffeur-vtc-grasse\/","og_locale":"en_US","og_type":"article","og_title":"Private Driver VTC Antibes : Luxury Private Transfers","og_description":"Discover how easy it is to get around Antibes with Taxus+ . Experienced private drivers who know the area inside out.","og_url":"https:\/\/taxusplus.fr\/en\/private-chauffeur-vtc-grasse\/","og_site_name":"TAXUS+ VTC","article_publisher":"https:\/\/www.facebook.com\/Taxusplus\/","article_modified_time":"2025-02-24T12:07:48+00:00","og_image":[{"width":1200,"height":675,"url":"https:\/\/taxusplus.fr\/wp-content\/uploads\/2024\/11\/vtc-cannes-taxus-1.png","type":"image\/png"}],"twitter_card":"summary_large_image","twitter_title":"Private Chauffeur VTC Grasse","twitter_misc":{"Est. reading time":"2 minutes"},"schema":{"@context":"https:\/\/schema.org","@graph":[{"@type":"WebPage","@id":"https:\/\/taxusplus.fr\/en\/private-chauffeur-vtc-grasse\/","url":"https:\/\/taxusplus.fr\/en\/private-chauffeur-vtc-grasse\/","name":"Taxi Grasse - Book a Private Chauffeur in Grasse 24\/7","isPartOf":{"@id":"https:\/\/taxusplus.fr\/en\/#website"},"primaryImageOfPage":{"@id":"https:\/\/taxusplus.fr\/en\/private-chauffeur-vtc-grasse\/#primaryimage"},"image":{"@id":"https:\/\/taxusplus.fr\/en\/private-chauffeur-vtc-grasse\/#primaryimage"},"thumbnailUrl":"https:\/\/taxusplus.fr\/wp-content\/uploads\/2024\/11\/vtc-cannes-taxus-1.png","datePublished":"2025-02-24T10:01:51+00:00","dateModified":"2025-02-24T12:07:48+00:00","description":"VTC in Grasse, Book your private driver in Grasse: All distances, Airport and train station shuttle, Pick-up and drop-off...","breadcrumb":{"@id":"https:\/\/taxusplus.fr\/en\/private-chauffeur-vtc-grasse\/#breadcrumb"},"inLanguage":"en-US","potentialAction":[{"@type":"ReadAction","target":["https:\/\/taxusplus.fr\/en\/private-chauffeur-vtc-grasse\/"]}]},{"@type":"ImageObject","inLanguage":"en-US","@id":"https:\/\/taxusplus.fr\/en\/private-chauffeur-vtc-grasse\/#primaryimage","url":"https:\/\/taxusplus.fr\/wp-content\/uploads\/2024\/11\/vtc-cannes-taxus-1.png","contentUrl":"https:\/\/taxusplus.fr\/wp-content\/uploads\/2024\/11\/vtc-cannes-taxus-1.png","width":1200,"height":675,"caption":"Chauffeur prive VTC Cannes Private Driver"},{"@type":"BreadcrumbList","@id":"https:\/\/taxusplus.fr\/en\/private-chauffeur-vtc-grasse\/#breadcrumb","itemListElement":[{"@type":"ListItem","position":1,"name":"Accueil","item":"https:\/\/taxusplus.fr\/en\/"},{"@type":"ListItem","position":2,"name":"Private Chauffeur VTC Grasse"}]},{"@type":"WebSite","@id":"https:\/\/taxusplus.fr\/en\/#website","url":"https:\/\/taxusplus.fr\/en\/","name":"TAXUS+ VTC","description":"Chauffeur Priv\u00e9 &amp; Taxi VTC \u00e0 Cannes","publisher":{"@id":"https:\/\/taxusplus.fr\/en\/#organization"},"alternateName":"TAXUS+","potentialAction":[{"@type":"SearchAction","target":{"@type":"EntryPoint","urlTemplate":"https:\/\/taxusplus.fr\/en\/?s={search_term_string}"},"query-input":{"@type":"PropertyValueSpecification","valueRequired":true,"valueName":"search_term_string"}}],"inLanguage":"en-US"},{"@type":["Organization","Place"],"@id":"https:\/\/taxusplus.fr\/en\/#organization","name":"TAXUS+ | Chauffeur Priv\u00e9 et VTC Cannes","alternateName":"TAXUS+ | Service Taxi & VTC","url":"https:\/\/taxusplus.fr\/en\/","logo":{"@id":"https:\/\/taxusplus.fr\/en\/private-chauffeur-vtc-grasse\/#local-main-organization-logo"},"image":{"@id":"https:\/\/taxusplus.fr\/en\/private-chauffeur-vtc-grasse\/#local-main-organization-logo"},"sameAs":["https:\/\/www.facebook.com\/Taxusplus\/","https:\/\/www.instagram.com\/taxusplus\/"],"description":"Agence de chauffeur priv\u00e9 VTC et Taxi sur Cannes, disponible 24\/7 sur toute la C\u00f4te d\u2019Azur. Avec TAXUS+, profitez d\u2019un transport priv\u00e9 haut de gamme pour un confort optimal en toute occasion. Que ce soit un transfert depuis l\u2019a\u00e9roport de Nice, un rendez-vous \u00e0 Monaco, une soir\u00e9e \u00e0 Cannes ou une escapade \u00e0 Villefranche, TAXUS+ vous assure un trajet en toute s\u00e9r\u00e9nit\u00e9 et confort.","legalName":"Taxusplus","foundingDate":"2019-01-01","numberOfEmployees":{"@type":"QuantitativeValue","minValue":"11","maxValue":"50"},"publishingPrinciples":"https:\/\/taxusplus.fr\/en\/legal-information\/","ownershipFundingInfo":"https:\/\/taxusplus.fr\/en\/legal-information\/","actionableFeedbackPolicy":"https:\/\/taxusplus.fr\/politique-de-confidentialite\/","address":{"@id":"https:\/\/taxusplus.fr\/en\/private-chauffeur-vtc-grasse\/#local-main-place-address"},"telephone":["(+33)769790000"],"contactPoint":{"@type":"ContactPoint","telephone":"(+33)769790000","email":"contact@taxusplus.fr"},"openingHoursSpecification":{"@type":"OpeningHoursSpecification","dayOfWeek":["Monday","Tuesday","Wednesday","Thursday","Friday","Saturday","Sunday"],"opens":"00:00","closes":"23:59"},"email":"reservation@taxusplus.fr","areaServed":"Cannes, Cannet, Mandelieu, Antibes, Grasse, Cagne sur mer, Nice, St Tropez, Monaco"},{"@type":"PostalAddress","@id":"https:\/\/taxusplus.fr\/en\/private-chauffeur-vtc-grasse\/#local-main-place-address","streetAddress":"46 Avenue de la Roubine","addressLocality":"Cannes","postalCode":"06150","addressRegion":"France","addressCountry":"FR"},{"@type":"ImageObject","inLanguage":"en-US","@id":"https:\/\/taxusplus.fr\/en\/private-chauffeur-vtc-grasse\/#local-main-organization-logo","url":"https:\/\/taxusplus.fr\/wp-content\/uploads\/2024\/10\/cropped-favico-taxus.png","contentUrl":"https:\/\/taxusplus.fr\/wp-content\/uploads\/2024\/10\/cropped-favico-taxus.png","width":512,"height":512,"caption":"TAXUS+ | Chauffeur Priv\u00e9 et VTC Cannes"}]},"geo.placename":"Cannes","geo.region":"France"},"_links":{"self":[{"href":"https:\/\/taxusplus.fr\/en\/wp-json\/wp\/v2\/pages\/4429"}],"collection":[{"href":"https:\/\/taxusplus.fr\/en\/wp-json\/wp\/v2\/pages"}],"about":[{"href":"https:\/\/taxusplus.fr\/en\/wp-json\/wp\/v2\/types\/page"}],"author":[{"embeddable":true,"href":"https:\/\/taxusplus.fr\/en\/wp-json\/wp\/v2\/users\/1"}],"replies":[{"embeddable":true,"href":"https:\/\/taxusplus.fr\/en\/wp-json\/wp\/v2\/comments?post=4429"}],"version-history":[{"count":0,"href":"https:\/\/taxusplus.fr\/en\/wp-json\/wp\/v2\/pages\/4429\/revisions"}],"wp:featuredmedia":[{"embeddable":true,"href":"https:\/\/taxusplus.fr\/en\/wp-json\/wp\/v2\/media\/3894"}],"wp:attachment":[{"href":"https:\/\/taxusplus.fr\/en\/wp-json\/wp\/v2\/media?parent=4429"}],"curies":[{"name":"wp","href":"https:\/\/api.w.org\/{rel}","templated":true}]}}